{"id":11545,"date":"2021-09-22T02:09:50","date_gmt":"2021-09-22T02:09:50","guid":{"rendered":"https:\/\/www.citiestotravel.com\/startseite\/"},"modified":"2026-01-07T15:36:47","modified_gmt":"2026-01-07T15:36:47","slug":"startseite","status":"publish","type":"page","link":"https:\/\/www.citiestotravel.com\/de\/","title":{"rendered":"Startseite"},"content":{"rendered":"\t\t<div data-elementor-type=\"wp-page\" data-elementor-id=\"11545\" class=\"elementor elementor-11545 elementor-10811\" data-elementor-post-type=\"page\">\n\t\t\t\t<div class=\"elementor-element elementor-element-67c92b9 e-con-full e-flex e-con e-parent\" data-id=\"67c92b9\" data-element_type=\"container\" data-e-type=\"container\">\n\t\t\t\t<div class=\"elementor-element elementor-element-a8a7341 elementor-widget__width-inherit elementor-widget elementor-widget-image\" data-id=\"a8a7341\" data-element_type=\"widget\" data-e-type=\"widget\" data-widget_type=\"image.default\">\n\t\t\t\t<div class=\"elementor-widget-container\">\n\t\t\t\t\t\t\t\t\t\t\t\t\t\t\t<img fetchpriority=\"high\" decoding=\"async\" width=\"1899\" height=\"728\" src=\"https:\/\/i0.wp.com\/www.citiestotravel.com\/wp-content\/uploads\/2025\/05\/Cities-to-travel-banner-rome.webp?fit=1899%2C728&amp;ssl=1\" class=\"attachment-2048x2048 size-2048x2048 wp-image-29374\" alt=\"St\u00e4dte-zu-Reisen-Banner-Rom\" srcset=\"https:\/\/i0.wp.com\/www.citiestotravel.com\/wp-content\/uploads\/2025\/05\/Cities-to-travel-banner-rome.webp?w=1899&amp;ssl=1 1899w, https:\/\/i0.wp.com\/www.citiestotravel.com\/wp-content\/uploads\/2025\/05\/Cities-to-travel-banner-rome.webp?resize=300%2C115&amp;ssl=1 300w, https:\/\/i0.wp.com\/www.citiestotravel.com\/wp-content\/uploads\/2025\/05\/Cities-to-travel-banner-rome.webp?resize=1024%2C393&amp;ssl=1 1024w, https:\/\/i0.wp.com\/www.citiestotravel.com\/wp-content\/uploads\/2025\/05\/Cities-to-travel-banner-rome.webp?resize=768%2C294&amp;ssl=1 768w, https:\/\/i0.wp.com\/www.citiestotravel.com\/wp-content\/uploads\/2025\/05\/Cities-to-travel-banner-rome.webp?resize=1536%2C589&amp;ssl=1 1536w\" sizes=\"(max-width: 1140px) 100vw, 1140px\" \/>\t\t\t\t\t\t\t\t\t\t\t\t\t\t\t<\/div>\n\t\t\t\t<\/div>\n\t\t\t\t<\/div>\n\t\t<div class=\"elementor-element elementor-element-3f06d9b e-flex e-con-boxed e-con e-parent\" data-id=\"3f06d9b\" data-element_type=\"container\" data-e-type=\"container\">\n\t\t\t\t\t<div class=\"e-con-inner\">\n\t\t<div class=\"elementor-element elementor-element-8bfb35d e-con-full e-flex e-con e-child\" data-id=\"8bfb35d\" data-element_type=\"container\" data-e-type=\"container\">\n\t\t\t\t<div class=\"elementor-element elementor-element-337840f elementor-widget elementor-widget-image\" data-id=\"337840f\" data-element_type=\"widget\" data-e-type=\"widget\" data-widget_type=\"image.default\">\n\t\t\t\t<div class=\"elementor-widget-container\">\n\t\t\t\t\t\t\t\t\t\t\t\t\t\t\t<img decoding=\"async\" width=\"986\" height=\"1024\" src=\"https:\/\/i0.wp.com\/www.citiestotravel.com\/wp-content\/uploads\/2025\/10\/Cities-to-travel-Edward.webp?fit=986%2C1024&amp;ssl=1\" class=\"attachment-large size-large wp-image-34243\" alt=\"Cities to travel-Edward\" srcset=\"https:\/\/i0.wp.com\/www.citiestotravel.com\/wp-content\/uploads\/2025\/10\/Cities-to-travel-Edward.webp?w=1470&amp;ssl=1 1470w, https:\/\/i0.wp.com\/www.citiestotravel.com\/wp-content\/uploads\/2025\/10\/Cities-to-travel-Edward.webp?resize=289%2C300&amp;ssl=1 289w, https:\/\/i0.wp.com\/www.citiestotravel.com\/wp-content\/uploads\/2025\/10\/Cities-to-travel-Edward.webp?resize=986%2C1024&amp;ssl=1 986w, https:\/\/i0.wp.com\/www.citiestotravel.com\/wp-content\/uploads\/2025\/10\/Cities-to-travel-Edward.webp?resize=768%2C797&amp;ssl=1 768w\" sizes=\"(max-width: 986px) 100vw, 986px\" \/>\t\t\t\t\t\t\t\t\t\t\t\t\t\t\t<\/div>\n\t\t\t\t<\/div>\n\t\t\t\t<\/div>\n\t\t<div class=\"elementor-element elementor-element-73245f8 e-con-full e-flex e-con e-child\" data-id=\"73245f8\" data-element_type=\"container\" data-e-type=\"container\">\n\t\t\t\t<div class=\"elementor-element elementor-element-ab82cf0 elementor-widget elementor-widget-heading\" data-id=\"ab82cf0\" data-element_type=\"widget\" data-e-type=\"widget\" data-widget_type=\"heading.default\">\n\t\t\t\t<div class=\"elementor-widget-container\">\n\t\t\t\t\t<h1 class=\"elementor-heading-title elementor-size-default\">Willkommen bei Cities To Travel<\/h1>\t\t\t\t<\/div>\n\t\t\t\t<\/div>\n\t\t\t\t<div class=\"elementor-element elementor-element-a0728c0 elementor-widget elementor-widget-text-editor\" data-id=\"a0728c0\" data-element_type=\"widget\" data-e-type=\"widget\" data-widget_type=\"text-editor.default\">\n\t\t\t\t<div class=\"elementor-widget-container\">\n\t\t\t\t\t\t\t\t\t<p>Hallo, ich bin <a title=\"\u00dcber den Autor: Edward\" href=\"https:\/\/www.citiestotravel.com\/de\/ueber-uns\/\" target=\"_blank\" rel=\"noopener\">Edward,<\/a> ein erfahrener St\u00e4dtereise-Enthusiast. In den letzten Jahren habe ich Dutzende St\u00e4dte in Europa und Amerika besucht. Auf Cities To Travel teile ich pers\u00f6nliche Erfahrungen und praktische Tipps, um dir bei der Planung des perfekten St\u00e4dtetrips zu helfen \u2013 von Sehensw\u00fcrdigkeiten und Routen bis hin zu Hotels und Transportempfehlungen f\u00fcr jede Stadt.<\/p>\n\t\t\t\t\t\t\t\t<\/div>\n\t\t\t\t<\/div>\n\t\t\t\t<\/div>\n\t\t\t\t\t<\/div>\n\t\t\t\t<\/div>\n\t\t<div class=\"elementor-element elementor-element-47ecda5 e-flex e-con-boxed e-con e-parent\" data-id=\"47ecda5\" data-element_type=\"container\" data-e-type=\"container\">\n\t\t\t\t\t<div class=\"e-con-inner\">\n\t\t\t\t<div class=\"elementor-element elementor-element-dc93cb0 elementor-widget elementor-widget-heading\" data-id=\"dc93cb0\" data-element_type=\"widget\" data-e-type=\"widget\" data-widget_type=\"heading.default\">\n\t\t\t\t<div class=\"elementor-widget-container\">\n\t\t\t\t\t<h2 class=\"elementor-heading-title elementor-size-default\">Inspiration f\u00fcr Ihre n\u00e4chste St\u00e4dtereise<\/h2>\t\t\t\t<\/div>\n\t\t\t\t<\/div>\n\t\t\t\t\t<\/div>\n\t\t\t\t<\/div>\n\t\t<div class=\"elementor-element elementor-element-3fccb70 e-flex e-con-boxed e-con e-parent\" data-id=\"3fccb70\" data-element_type=\"container\" data-e-type=\"container\">\n\t\t\t\t\t<div class=\"e-con-inner\">\n\t\t\t\t<div class=\"elementor-element elementor-element-1dfd024 elementor-widget elementor-widget-text-editor\" data-id=\"1dfd024\" data-element_type=\"widget\" data-e-type=\"widget\" data-widget_type=\"text-editor.default\">\n\t\t\t\t<div class=\"elementor-widget-container\">\n\t\t\t\t\t\t\t\t\t<p>Egal, ob du einen kurzen <a title=\"St\u00e4dte in Europa\" href=\"https:\/\/www.citiestotravel.com\/de\/staedte-in-europa\/\" target=\"_blank\" rel=\"noopener\">St\u00e4dtetrip in Europa<\/a> oder eine l\u00e4ngere<a title=\"St\u00e4dte au\u00dferhalb Europas\" href=\"https:\/\/www.citiestotravel.com\/de\/staedte-ausserhalb-europas\/\" target=\"_blank\" rel=\"noopener\"> St\u00e4dtereise au\u00dferhalb Europas<\/a> planst: Auf Cities To Travel findest du Inspiration, praktische Tipps und pers\u00f6nliche Empfehlungen f\u00fcr sowohl beliebte als auch \u00fcberraschende St\u00e4dte. So kannst du ganz einfach das Reiseziel entdecken, das am besten zu deinen Pl\u00e4nen passt.<\/p>\n\t\t\t\t\t\t\t\t<\/div>\n\t\t\t\t<\/div>\n\t\t\t\t\t<\/div>\n\t\t\t\t<\/div>\n\t\t<div class=\"elementor-element elementor-element-b69c626 e-flex e-con-boxed e-con e-parent\" data-id=\"b69c626\" data-element_type=\"container\" data-e-type=\"container\">\n\t\t\t\t\t<div class=\"e-con-inner\">\n\t\t<div class=\"elementor-element elementor-element-709f102 e-con-full e-flex e-con e-child\" data-id=\"709f102\" data-element_type=\"container\" data-e-type=\"container\">\n\t\t\t\t<div class=\"elementor-element elementor-element-8bcb3af elementor-widget elementor-widget-heading\" data-id=\"8bcb3af\" data-element_type=\"widget\" data-e-type=\"widget\" data-widget_type=\"heading.default\">\n\t\t\t\t<div class=\"elementor-widget-container\">\n\t\t\t\t\t<h2 class=\"elementor-heading-title elementor-size-default\">St\u00e4dtereisen in Europa<\/h2>\t\t\t\t<\/div>\n\t\t\t\t<\/div>\n\t\t\t\t<div class=\"elementor-element elementor-element-29d6f68 elementor-widget elementor-widget-text-editor\" data-id=\"29d6f68\" data-element_type=\"widget\" data-e-type=\"widget\" data-widget_type=\"text-editor.default\">\n\t\t\t\t<div class=\"elementor-widget-container\">\n\t\t\t\t\t\t\t\t\t<p>Entdecken Sie die sch\u00f6nsten St\u00e4dte Europas f\u00fcr einen Kurztrip oder eine l\u00e4ngere St\u00e4dtereise. Von ber\u00fchmten Hauptst\u00e4dten wie <a title=\"St\u00e4dtereise London: Tipps und Infos\" href=\"https:\/\/www.citiestotravel.com\/de\/staedtereise-london-reisefuhrer\/\" target=\"_blank\" rel=\"noopener\">London<\/a> und <a title=\"St\u00e4dtereise Paris: Tipps und Infos\" href=\"https:\/\/www.citiestotravel.com\/de\/staedtereise-paris-reisefuhrer\/\" target=\"_blank\" rel=\"noopener\">Paris<\/a> bis hin zu \u00fcberraschenden Reisezielen \u2013 mit praktischen Tipps und pers\u00f6nlichen Empfehlungen f\u00fcr jede Stadt.<\/p>\n\t\t\t\t\t\t\t\t<\/div>\n\t\t\t\t<\/div>\n\t\t\t\t<div class=\"elementor-element elementor-element-62c12de elementor-cta--skin-cover elementor-animated-content elementor-bg-transform elementor-bg-transform-zoom-in elementor-widget elementor-widget-call-to-action\" data-id=\"62c12de\" data-element_type=\"widget\" data-e-type=\"widget\" data-widget_type=\"call-to-action.default\">\n\t\t\t\t<div class=\"elementor-widget-container\">\n\t\t\t\t\t\t\t<div class=\"elementor-cta\">\n\t\t\t\t\t<div class=\"elementor-cta__bg-wrapper\">\n\t\t\t\t<div class=\"elementor-cta__bg elementor-bg\" style=\"background-image: url(https:\/\/i0.wp.com\/www.citiestotravel.com\/wp-content\/uploads\/2025\/05\/steden-in-Europa-scaled.webp?fit=2048%2C1145&#038;ssl=1);\" role=\"img\" aria-label=\"St\u00e4dte in Europa\"><\/div>\n\t\t\t\t<div class=\"elementor-cta__bg-overlay\"><\/div>\n\t\t\t<\/div>\n\t\t\t\t\t\t\t<div class=\"elementor-cta__content\">\n\t\t\t\t\n\t\t\t\t\n\t\t\t\t\n\t\t\t\t\t\t\t\t\t<div class=\"elementor-cta__button-wrapper elementor-cta__content-item elementor-content-item elementor-animated-item--grow\">\n\t\t\t\t\t<a class=\"elementor-cta__button elementor-button elementor-size-\" href=\"https:\/\/www.citiestotravel.com\/de\/staedte-in-europa\/\" target=\"_blank\">\n\t\t\t\t\t\tSehen Sie sich alle europ\u00e4ischen St\u00e4dte an und entdecken Sie praktische Tipps f\u00fcr Ihre perfekte St\u00e4dtereise.\t\t\t\t\t<\/a>\n\t\t\t\t\t<\/div>\n\t\t\t\t\t\t\t<\/div>\n\t\t\t\t\t\t<\/div>\n\t\t\t\t\t\t<\/div>\n\t\t\t\t<\/div>\n\t\t\t\t<\/div>\n\t\t<div class=\"elementor-element elementor-element-581c3a0 e-con-full e-flex e-con e-child\" data-id=\"581c3a0\" data-element_type=\"container\" data-e-type=\"container\">\n\t\t\t\t<div class=\"elementor-element elementor-element-639a047 elementor-widget elementor-widget-heading\" data-id=\"639a047\" data-element_type=\"widget\" data-e-type=\"widget\" data-widget_type=\"heading.default\">\n\t\t\t\t<div class=\"elementor-widget-container\">\n\t\t\t\t\t<h2 class=\"elementor-heading-title elementor-size-default\">St\u00e4dtereisen au\u00dferhalb Europas<\/h2>\t\t\t\t<\/div>\n\t\t\t\t<\/div>\n\t\t\t\t<div class=\"elementor-element elementor-element-abe930f elementor-widget elementor-widget-text-editor\" data-id=\"abe930f\" data-element_type=\"widget\" data-e-type=\"widget\" data-widget_type=\"text-editor.default\">\n\t\t\t\t<div class=\"elementor-widget-container\">\n\t\t\t\t\t\t\t\t\t<p>Entdecken Sie die sch\u00f6nsten St\u00e4dte au\u00dferhalb Europas f\u00fcr einen Kurztrip oder eine l\u00e4ngere St\u00e4dtereise. Von Weltst\u00e4dten wie <a title=\"St\u00e4dtereise nach New York: Lohnt sich das?\" href=\"https:\/\/www.citiestotravel.com\/de\/staedtereise-new-york-ist-new-york-einen-besuch-wert\/\" target=\"_blank\" rel=\"noopener\">New York<\/a> und <a title=\"St\u00e4dtereise Dubai: Die besten Reisetipps f\u00fcr Dubai\" href=\"https:\/\/www.citiestotravel.com\/de\/stadtereise-dubai\/\" target=\"_blank\" rel=\"noopener\">Dubai<\/a> bis hin zu \u00fcberraschenden Reisezielen \u2013 mit praktischen Tipps und pers\u00f6nlichen Empfehlungen f\u00fcr jede Stadt.<\/p>\n\t\t\t\t\t\t\t\t<\/div>\n\t\t\t\t<\/div>\n\t\t\t\t<div class=\"elementor-element elementor-element-2796c96 elementor-cta--skin-cover elementor-animated-content elementor-bg-transform elementor-bg-transform-zoom-in elementor-widget elementor-widget-call-to-action\" data-id=\"2796c96\" data-element_type=\"widget\" data-e-type=\"widget\" data-widget_type=\"call-to-action.default\">\n\t\t\t\t<div class=\"elementor-widget-container\">\n\t\t\t\t\t\t\t<div class=\"elementor-cta\">\n\t\t\t\t\t<div class=\"elementor-cta__bg-wrapper\">\n\t\t\t\t<div class=\"elementor-cta__bg elementor-bg\" style=\"background-image: url(https:\/\/i0.wp.com\/www.citiestotravel.com\/wp-content\/uploads\/2025\/04\/Taxi-in-New-York.webp?fit=900%2C550&#038;ssl=1);\" role=\"img\" aria-label=\"Taxi in New York gelbes Taxi in New York St\u00e4dte au\u00dferhalb Europas\"><\/div>\n\t\t\t\t<div class=\"elementor-cta__bg-overlay\"><\/div>\n\t\t\t<\/div>\n\t\t\t\t\t\t\t<div class=\"elementor-cta__content\">\n\t\t\t\t\n\t\t\t\t\n\t\t\t\t\n\t\t\t\t\t\t\t\t\t<div class=\"elementor-cta__button-wrapper elementor-cta__content-item elementor-content-item elementor-animated-item--grow\">\n\t\t\t\t\t<a class=\"elementor-cta__button elementor-button elementor-size-\" href=\"https:\/\/www.citiestotravel.com\/de\/staedte-ausserhalb-europas\/\" target=\"_blank\">\n\t\t\t\t\t\tEntdecken Sie die sch\u00f6nsten St\u00e4dte au\u00dferhalb Europas und planen Sie Ihre ideale St\u00e4dtereise.\t\t\t\t\t<\/a>\n\t\t\t\t\t<\/div>\n\t\t\t\t\t\t\t<\/div>\n\t\t\t\t\t\t<\/div>\n\t\t\t\t\t\t<\/div>\n\t\t\t\t<\/div>\n\t\t\t\t<\/div>\n\t\t<div class=\"elementor-element elementor-element-3a3c968 e-con-full e-flex e-con e-child\" data-id=\"3a3c968\" data-element_type=\"container\" data-e-type=\"container\">\n\t\t\t\t<div class=\"elementor-element elementor-element-8c4fa53 elementor-widget elementor-widget-heading\" data-id=\"8c4fa53\" data-element_type=\"widget\" data-e-type=\"widget\" data-widget_type=\"heading.default\">\n\t\t\t\t<div class=\"elementor-widget-container\">\n\t\t\t\t\t<h2 class=\"elementor-heading-title elementor-size-default\">Inseln in Europa<\/h2>\t\t\t\t<\/div>\n\t\t\t\t<\/div>\n\t\t\t\t<div class=\"elementor-element elementor-element-5bb6150 elementor-widget elementor-widget-text-editor\" data-id=\"5bb6150\" data-element_type=\"widget\" data-e-type=\"widget\" data-widget_type=\"text-editor.default\">\n\t\t\t\t<div class=\"elementor-widget-container\">\n\t\t\t\t\t\t\t\t\t<p>Entdecken Sie die sch\u00f6nsten Inseln Europas f\u00fcr einen Kurzurlaub oder einen l\u00e4ngeren Aufenthalt. Von beliebten Reisezielen wie <a title=\"Teneriffa besuchen: Tipps und Informationen\" href=\"https:\/\/www.citiestotravel.com\/de\/teneriffa-besuchen-tipps-und-informationen\/\" target=\"_blank\" rel=\"noopener\">Teneriffa<\/a> und Sizilien bis hin zu versteckten Juwelen \u2013 mit praktischen Tipps und pers\u00f6nlichen Empfehlungen f\u00fcr jede Insel.<\/p>\n\t\t\t\t\t\t\t\t<\/div>\n\t\t\t\t<\/div>\n\t\t\t\t<div class=\"elementor-element elementor-element-37bea85 elementor-cta--skin-cover elementor-animated-content elementor-bg-transform elementor-bg-transform-zoom-in elementor-widget elementor-widget-call-to-action\" data-id=\"37bea85\" data-element_type=\"widget\" data-e-type=\"widget\" data-widget_type=\"call-to-action.default\">\n\t\t\t\t<div class=\"elementor-widget-container\">\n\t\t\t\t\t\t\t<div class=\"elementor-cta\">\n\t\t\t\t\t<div class=\"elementor-cta__bg-wrapper\">\n\t\t\t\t<div class=\"elementor-cta__bg elementor-bg\" style=\"background-image: url(https:\/\/i0.wp.com\/www.citiestotravel.com\/wp-content\/uploads\/2025\/05\/eilanden-in-europa-scaled.webp?fit=2048%2C1145&#038;ssl=1);\" role=\"img\" aria-label=\"inseln europas\"><\/div>\n\t\t\t\t<div class=\"elementor-cta__bg-overlay\"><\/div>\n\t\t\t<\/div>\n\t\t\t\t\t\t\t<div class=\"elementor-cta__content\">\n\t\t\t\t\n\t\t\t\t\n\t\t\t\t\n\t\t\t\t\t\t\t\t\t<div class=\"elementor-cta__button-wrapper elementor-cta__content-item elementor-content-item elementor-animated-item--grow\">\n\t\t\t\t\t<a class=\"elementor-cta__button elementor-button elementor-size-\" href=\"https:\/\/www.citiestotravel.com\/de\/inseln-in-europa\/\" target=\"_blank\">\n\t\t\t\t\t\tEntdecken Sie alle europ\u00e4ischen Inseln f\u00fcr einen Kurz- oder Langzeiturlaub\t\t\t\t\t<\/a>\n\t\t\t\t\t<\/div>\n\t\t\t\t\t\t\t<\/div>\n\t\t\t\t\t\t<\/div>\n\t\t\t\t\t\t<\/div>\n\t\t\t\t<\/div>\n\t\t\t\t<\/div>\n\t\t\t\t\t<\/div>\n\t\t\t\t<\/div>\n\t\t<div class=\"elementor-element elementor-element-b688c66 e-flex e-con-boxed e-con e-parent\" data-id=\"b688c66\" data-element_type=\"container\" data-e-type=\"container\">\n\t\t\t\t\t<div class=\"e-con-inner\">\n\t\t\t\t<div class=\"elementor-element elementor-element-e751bd8 elementor-widget elementor-widget-heading\" data-id=\"e751bd8\" data-element_type=\"widget\" data-e-type=\"widget\" data-widget_type=\"heading.default\">\n\t\t\t\t<div class=\"elementor-widget-container\">\n\t\t\t\t\t<h2 class=\"elementor-heading-title elementor-size-default\">Was findet man auf Cities To Travel?<\/h2>\t\t\t\t<\/div>\n\t\t\t\t<\/div>\n\t\t\t\t\t<\/div>\n\t\t\t\t<\/div>\n\t\t<div class=\"elementor-element elementor-element-ad30b0a e-flex e-con-boxed e-con e-parent\" data-id=\"ad30b0a\" data-element_type=\"container\" data-e-type=\"container\">\n\t\t\t\t\t<div class=\"e-con-inner\">\n\t\t\t\t<div class=\"elementor-element elementor-element-088bdd7 elementor-widget elementor-widget-text-editor\" data-id=\"088bdd7\" data-element_type=\"widget\" data-e-type=\"widget\" data-widget_type=\"text-editor.default\">\n\t\t\t\t<div class=\"elementor-widget-container\">\n\t\t\t\t\t\t\t\t\t<p>Bei Cities To Travel finden Sie alles, was Sie f\u00fcr Ihre n\u00e4chste St\u00e4dtereise ben\u00f6tigen. Von Inspirationen und Sightseeing-Tipps bis hin zu Hotels, Transportinformationen und Budgettipps f\u00fcr jede Stadt. Alle Informationen basieren auf meinen eigenen Reisen und werden regelm\u00e4\u00dfig aktualisiert, sodass Sie sich auf aktuelle und praktische Tipps verlassen k\u00f6nnen.<\/p>\n\t\t\t\t\t\t\t\t<\/div>\n\t\t\t\t<\/div>\n\t\t\t\t\t<\/div>\n\t\t\t\t<\/div>\n\t\t<div class=\"elementor-element elementor-element-e82bcdc e-flex e-con-boxed e-con e-parent\" data-id=\"e82bcdc\" data-element_type=\"container\" data-e-type=\"container\">\n\t\t\t\t\t<div class=\"e-con-inner\">\n\t\t\t\t<div class=\"elementor-element elementor-element-85ee30d elementor-widget elementor-widget-heading\" data-id=\"85ee30d\" data-element_type=\"widget\" data-e-type=\"widget\" data-widget_type=\"heading.default\">\n\t\t\t\t<div class=\"elementor-widget-container\">\n\t\t\t\t\t<h2 class=\"elementor-heading-title elementor-size-default\">Warum St\u00e4dte bereisen sollten<\/h2>\t\t\t\t<\/div>\n\t\t\t\t<\/div>\n\t\t\t\t\t<\/div>\n\t\t\t\t<\/div>\n\t\t<div class=\"elementor-element elementor-element-4e5ae71 e-flex e-con-boxed e-con e-parent\" data-id=\"4e5ae71\" data-element_type=\"container\" data-e-type=\"container\">\n\t\t\t\t\t<div class=\"e-con-inner\">\n\t\t\t\t<div class=\"elementor-element elementor-element-8c26b30 elementor-widget elementor-widget-text-editor\" data-id=\"8c26b30\" data-element_type=\"widget\" data-e-type=\"widget\" data-widget_type=\"text-editor.default\">\n\t\t\t\t<div class=\"elementor-widget-container\">\n\t\t\t\t\t\t\t\t\t<p>Die Planung einer St\u00e4dtereise ist nicht immer einfach. Bei Cities To Travel finden Sie keine Standardlisten, sondern individuelle Tipps und praktische Informationen f\u00fcr jedes Reiseziel. So sparen Sie Zeit, treffen die besten Entscheidungen und holen mehr aus Ihrer St\u00e4dtereise heraus.<\/p>\n\t\t\t\t\t\t\t\t<\/div>\n\t\t\t\t<\/div>\n\t\t\t\t\t<\/div>\n\t\t\t\t<\/div>\n\t\t<div class=\"elementor-element elementor-element-ead9bcb e-flex e-con-boxed e-con e-parent\" data-id=\"ead9bcb\" data-element_type=\"container\" data-e-type=\"container\">\n\t\t\t\t\t<div class=\"e-con-inner\">\n\t\t\t\t<div class=\"elementor-element elementor-element-070b7a2 elementor-widget elementor-widget-text-editor\" data-id=\"070b7a2\" data-element_type=\"widget\" data-e-type=\"widget\" data-widget_type=\"text-editor.default\">\n\t\t\t\t<div class=\"elementor-widget-container\">\n\t\t\t\t\t\t\t\t\t<p><strong>Haftungsausschluss:<\/strong> Diese Website enth\u00e4lt Affiliate-Links. Wenn du \u00fcber diese Links etwas buchst oder kaufst, erhalte ich m\u00f6glicherweise eine kleine Provision \u2013 ohne zus\u00e4tzliche Kosten f\u00fcr dich. So kann ich Cities To Travel weiterhin betreiben und aktuelle Reisetipps teilen.<\/p>\n\t\t\t\t\t\t\t\t<\/div>\n\t\t\t\t<\/div>\n\t\t\t\t\t<\/div>\n\t\t\t\t<\/div>\n\t\t<div class=\"elementor-element elementor-element-9211cca e-flex e-con-boxed e-con e-parent\" data-id=\"9211cca\" data-element_type=\"container\" data-e-type=\"container\">\n\t\t\t\t\t<div class=\"e-con-inner\">\n\t\t\t\t<div class=\"elementor-element elementor-element-1f4f7f1 elementor-widget elementor-widget-text-editor\" data-id=\"1f4f7f1\" data-element_type=\"widget\" data-e-type=\"widget\" data-widget_type=\"text-editor.default\">\n\t\t\t\t<div class=\"elementor-widget-container\">\n\t\t\t\t\t\t\t\t\t<p><strong>Letzte Aktualisierung:<\/strong> 7. Januar 2026<\/p>\n\t\t\t\t\t\t\t\t<\/div>\n\t\t\t\t<\/div>\n\t\t\t\t\t<\/div>\n\t\t\t\t<\/div>\n\t\t\t\t<\/div>\n\t\t","protected":false},"excerpt":{"rendered":"<p>Willkommen bei Cities To Travel Hallo, ich bin Edward, ein erfahrener St\u00e4dtereise-Enthusiast. In den letzten Jahren habe ich Dutzende St\u00e4dte in Europa und Amerika besucht. Auf Cities To Travel teile ich pers\u00f6nliche Erfahrungen und praktische Tipps, um dir bei der Planung des perfekten St\u00e4dtetrips zu helfen \u2013 von Sehensw\u00fcrdigkeiten und Routen bis hin zu Hotels [&hellip;]<\/p>\n","protected":false},"author":1,"featured_media":0,"parent":0,"menu_order":0,"comment_status":"closed","ping_status":"closed","template":"","meta":{"footnotes":""},"class_list":["post-11545","page","type-page","status-publish","hentry"],"aioseo_notices":[],"_links":{"self":[{"href":"https:\/\/www.citiestotravel.com\/de\/wp-json\/wp\/v2\/pages\/11545","targetHints":{"allow":["GET"]}}],"collection":[{"href":"https:\/\/www.citiestotravel.com\/de\/wp-json\/wp\/v2\/pages"}],"about":[{"href":"https:\/\/www.citiestotravel.com\/de\/wp-json\/wp\/v2\/types\/page"}],"author":[{"embeddable":true,"href":"https:\/\/www.citiestotravel.com\/de\/wp-json\/wp\/v2\/users\/1"}],"replies":[{"embeddable":true,"href":"https:\/\/www.citiestotravel.com\/de\/wp-json\/wp\/v2\/comments?post=11545"}],"version-history":[{"count":0,"href":"https:\/\/www.citiestotravel.com\/de\/wp-json\/wp\/v2\/pages\/11545\/revisions"}],"wp:attachment":[{"href":"https:\/\/www.citiestotravel.com\/de\/wp-json\/wp\/v2\/media?parent=11545"}],"curies":[{"name":"wp","href":"https:\/\/api.w.org\/{rel}","templated":true}]}}