{"id":11563,"date":"2024-09-04T14:19:49","date_gmt":"2024-09-04T14:19:49","guid":{"rendered":"https:\/\/www.citiestotravel.com\/haftungsausschluss\/"},"modified":"2025-02-04T12:45:39","modified_gmt":"2025-02-04T12:45:39","slug":"haftungsausschluss","status":"publish","type":"page","link":"https:\/\/www.citiestotravel.com\/de\/haftungsausschluss\/","title":{"rendered":"Haftungsausschluss"},"content":{"rendered":"\t\t<div data-elementor-type=\"wp-page\" data-elementor-id=\"11563\" class=\"elementor elementor-11563\" data-elementor-post-type=\"page\">\n\t\t\t\t<div class=\"elementor-element elementor-element-ff86c24 e-flex e-con-boxed e-con e-parent\" data-id=\"ff86c24\" data-element_type=\"container\" data-e-type=\"container\">\n\t\t\t\t\t<div class=\"e-con-inner\">\n\t\t\t\t<div class=\"elementor-element elementor-element-f15ba98 elementor-widget elementor-widget-text-editor\" data-id=\"f15ba98\" data-element_type=\"widget\" data-e-type=\"widget\" data-widget_type=\"text-editor.default\">\n\t\t\t\t<div class=\"elementor-widget-container\">\n\t\t\t\t\t\t\t\t\t<section data-id=\"6560d1e\" data-element_type=\"section\">\n<div>\n<div data-id=\"0d6c06b\" data-element_type=\"column\">\n<div>\n<div data-id=\"2d93e25\" data-element_type=\"widget\" data-widget_type=\"heading.default\">\n<div>\n<h2>Unsere Daten<\/h2>\n<\/div>\n<\/div>\n<\/div>\n<\/div>\n<\/div>\n<\/section>\n<section data-id=\"ac109ad\" data-element_type=\"section\">\n<div>\n<div data-id=\"c33fd7a\" data-element_type=\"column\">\n<div>\n<div data-id=\"ccee5f9\" data-element_type=\"widget\" data-widget_type=\"text-editor.default\">\n<div>\n<p>Cities To Travel ist Teil von Body Power Media. Zur Kontaktaufnahme verwenden Sie bitte die unten stehenden Angaben. <br><\/p>\n<p>Body Power Media<br>Allersma 123<br>5655 CD Eindhoven<br>Handelskammer: 66582318<br>info@bodyenpowershop.nl<\/p>\n<\/div>\n<\/div>\n<\/div>\n<\/div>\n<\/div>\n<\/section>\n<section data-id=\"9d1f9cd\" data-element_type=\"section\">\n<div>\n<div data-id=\"82d5fef\" data-element_type=\"column\">\n<div>\n<div data-id=\"980f06f\" data-element_type=\"widget\" data-widget_type=\"heading.default\">\n<div>\n<h2>Recht des geistigen Eigentums<\/h2>\n<\/div>\n<\/div>\n<\/div>\n<\/div>\n<\/div>\n<\/section>\n<section data-id=\"81b1a77\" data-element_type=\"section\">\n<div>\n<div data-id=\"8abde49\" data-element_type=\"column\">\n<div>\n<div data-id=\"b72de58\" data-element_type=\"widget\" data-widget_type=\"text-editor.default\">\n<div>\n<p>Cities To travel beh\u00e4lt sich alle Rechte (einschlie\u00dflich Urheberrechte, Domainnamen, Markenrechte, Patente und andere geistige Eigentumsrechte) in Bezug auf die Website und Produkte (einschlie\u00dflich aller Texte, Grafiken und Logos) vor. Es ist nicht gestattet, Informationen auf der Website zu kopieren, herunterzuladen oder in irgendeiner Weise zu ver\u00f6ffentlichen, zu verbreiten oder zu vervielf\u00e4ltigen ohne die vorherige schriftliche Zustimmung von Body &amp; Power oder die Zustimmung des rechtm\u00e4\u00dfigen Eigent\u00fcmers.  Das Drucken und\/oder Herunterladen von Informationen auf der Website f\u00fcr den pers\u00f6nlichen Gebrauch ist gestattet.<\/p>\n<\/div>\n<\/div>\n<\/div>\n<\/div>\n<\/div>\n<\/section>\n<section data-id=\"bddde81\" data-element_type=\"section\">\n<div>\n<div data-id=\"962a3e7\" data-element_type=\"column\">\n<div>\n<div data-id=\"a6f713d\" data-element_type=\"widget\" data-widget_type=\"heading.default\">\n<div>\n<h2>Partner-Links<\/h2>\n<\/div>\n<\/div>\n<\/div>\n<\/div>\n<\/div>\n<\/section>\n<section data-id=\"b8c545c\" data-element_type=\"section\">\n<div>\n<div data-id=\"c16889c\" data-element_type=\"column\">\n<div>\n<div data-id=\"576a161\" data-element_type=\"widget\" data-widget_type=\"text-editor.default\">\n<div>\n<p>Die Blogs auf unserer Webseite enthalten Affiliate-Links. Mit diesen Affiliate-Links verdienen wir einen kleinen Prozentsatz, wenn \u00fcber diese Links K\u00e4ufe get\u00e4tigt werden. <\/p><\/div><\/div><\/div><\/div><\/div><\/section>\n<section data-id=\"3ad34c6\" data-element_type=\"section\">\n<div>\n<div data-id=\"26e0c6f\" data-element_type=\"column\">\n<div>\n<div data-id=\"d1df935\" data-element_type=\"widget\" data-widget_type=\"heading.default\">\n<div>\n<h2>\u00c4nderungen<\/h2>\n<\/div>\n<\/div>\n<\/div>\n<\/div>\n<\/div>\n<\/section>\n<section data-id=\"a4a6c1e\" data-element_type=\"section\">\n<div>\n<div data-id=\"de2825e\" data-element_type=\"column\">\n<div>\n<div data-id=\"5abf43e\" data-element_type=\"widget\" data-widget_type=\"text-editor.default\">\n<div><p><span style=\"font-family: var( --e-global-typography-text-font-family ), Sans-serif; font-weight: var( --e-global-typography-text-font-weight ); text-align: var(--text-align);\">St\u00e4dte zum Reisen<\/span><span style=\"font-family: var( --e-global-typography-text-font-family ), Sans-serif; font-weight: var( --e-global-typography-text-font-weight ); text-align: var(--text-align);\">&nbsp;<\/span>beh\u00e4lt sich das Recht vor, die auf oder \u00fcber diese Website bereitgestellten Informationen, einschlie\u00dflich des Textes dieses Haftungsausschlusses und der Datenschutzerkl\u00e4rung, jederzeit und ohne weitere Ank\u00fcndigung zu \u00e4ndern. Es wird empfohlen, in regelm\u00e4\u00dfigen Abst\u00e4nden zu \u00fcberpr\u00fcfen, ob die auf oder \u00fcber diese Website bereitgestellten Informationen, einschlie\u00dflich des Textes dieses Haftungsausschlusses, ge\u00e4ndert wurden. <\/p>\n<\/div>\n<\/div>\n<\/div>\n<\/div>\n<\/div>\n<\/section>\n<section data-id=\"b549a95\" data-element_type=\"section\">\n<div>\n<div data-id=\"1b1bc04\" data-element_type=\"column\">\n<div>\n<div data-id=\"05bf9e3\" data-element_type=\"widget\" data-widget_type=\"text-editor.default\">\n<div>\n<h2>Fragen<\/h2>\n<p>Wenn Sie Fragen zu Ihren Datenschutz- und Cookie-Richtlinien haben, senden Sie bitte eine E-Mail an info@bodyenpowershop.nl.<\/p>\n<\/div>\n<\/div>\n<\/div>\n<\/div>\n<\/div>\n<\/section>\t\t\t\t\t\t\t\t<\/div>\n\t\t\t\t<\/div>\n\t\t\t\t\t<\/div>\n\t\t\t\t<\/div>\n\t\t\t\t<\/div>\n\t\t","protected":false},"excerpt":{"rendered":"<p>Unsere Daten Cities To Travel ist Teil von Body Power Media. Zur Kontaktaufnahme verwenden Sie bitte die unten stehenden Angaben. Body Power MediaAllersma 1235655 CD EindhovenHandelskammer: 66582318info@bodyenpowershop.nl Recht des geistigen Eigentums Cities To travel beh\u00e4lt sich alle Rechte (einschlie\u00dflich Urheberrechte, Domainnamen, Markenrechte, Patente und andere geistige Eigentumsrechte) in Bezug auf die Website und Produkte (einschlie\u00dflich [&hellip;]<\/p>\n","protected":false},"author":1,"featured_media":0,"parent":0,"menu_order":0,"comment_status":"closed","ping_status":"closed","template":"","meta":{"footnotes":""},"class_list":["post-11563","page","type-page","status-publish","hentry"],"aioseo_notices":[],"_links":{"self":[{"href":"https:\/\/www.citiestotravel.com\/de\/wp-json\/wp\/v2\/pages\/11563","targetHints":{"allow":["GET"]}}],"collection":[{"href":"https:\/\/www.citiestotravel.com\/de\/wp-json\/wp\/v2\/pages"}],"about":[{"href":"https:\/\/www.citiestotravel.com\/de\/wp-json\/wp\/v2\/types\/page"}],"author":[{"embeddable":true,"href":"https:\/\/www.citiestotravel.com\/de\/wp-json\/wp\/v2\/users\/1"}],"replies":[{"embeddable":true,"href":"https:\/\/www.citiestotravel.com\/de\/wp-json\/wp\/v2\/comments?post=11563"}],"version-history":[{"count":0,"href":"https:\/\/www.citiestotravel.com\/de\/wp-json\/wp\/v2\/pages\/11563\/revisions"}],"wp:attachment":[{"href":"https:\/\/www.citiestotravel.com\/de\/wp-json\/wp\/v2\/media?parent=11563"}],"curies":[{"name":"wp","href":"https:\/\/api.w.org\/{rel}","templated":true}]}}