{"id":11588,"date":"2024-09-01T00:04:03","date_gmt":"2024-09-01T00:04:03","guid":{"rendered":"https:\/\/www.citiestotravel.com\/datenschutzrichtlinie\/"},"modified":"2025-12-03T16:56:37","modified_gmt":"2025-12-03T16:56:37","slug":"datenschutzrichtlinie","status":"publish","type":"page","link":"https:\/\/www.citiestotravel.com\/de\/datenschutzrichtlinie\/","title":{"rendered":"Datenschutzrichtlinie"},"content":{"rendered":"\t\t<div data-elementor-type=\"wp-page\" data-elementor-id=\"11588\" class=\"elementor elementor-11588 elementor-3\" data-elementor-post-type=\"page\">\n\t\t\t\t<div class=\"elementor-element elementor-element-2894b2ee e-flex e-con-boxed e-con e-parent\" data-id=\"2894b2ee\" data-element_type=\"container\" data-e-type=\"container\">\n\t\t\t\t\t<div class=\"e-con-inner\">\n\t\t\t\t<div class=\"elementor-element elementor-element-78689aab elementor-widget elementor-widget-text-editor\" data-id=\"78689aab\" data-element_type=\"widget\" data-e-type=\"widget\" data-widget_type=\"text-editor.default\">\n\t\t\t\t<div class=\"elementor-widget-container\">\n\t\t\t\t\t\t\t\t\t<h2>Datenschutzerkl\u00e4rung<\/h2><br><h2>Allgemein<\/h2><br>Cities To Travel respektiert die Privatsph\u00e4re aller Benutzer seiner Website und stellt sicher, dass die von Ihnen angegebenen pers\u00f6nlichen Daten vertraulich behandelt werden. Wir verwenden Ihre Daten nur mit Ihrer Einwilligung. Und City To Travel wird Ihre pers\u00f6nlichen Daten nicht an Dritte verkaufen.<br><h2>Unsere Daten<\/h2><br><div>Cities To Travel ist Teil von Body Power Media. Zur Kontaktaufnahme verwenden Sie bitte die unten stehenden Angaben.<\/div><br>Cities To Travel<br>Allersma 123<br>5655 CD Eindhoven<br>info@newyorkinfo.nl<br><h2>Pers\u00f6nliche Daten<\/h2><br>Personenbezogene Daten sind alle Daten, die Auskunft \u00fcber Sie geben und mit denen Sie direkt oder indirekt identifiziert werden k\u00f6nnen.<br><h2>Personenbezogene Daten, die wir verarbeiten<\/h2><br><span style=\"color: var( --e-global-color-59b0093 ); font-family: var( --e-global-typography-text-font-family ), Sans-serif; font-weight: var( --e-global-typography-text-font-weight ); text-align: var(--text-align);\">C<\/span><span style=\"color: var( --e-global-color-59b0093 ); font-family: var( --e-global-typography-text-font-family ), Sans-serif; font-weight: var( --e-global-typography-text-font-weight ); text-align: var(--text-align);\">ities To Trave<\/span>l\u00a0verarbeitet nur personenbezogene Daten, die Sie uns per E-Mail oder durch Ausf\u00fcllen des Kontaktformulars auf unserer Seite mitteilen. Nachfolgend finden Sie eine \u00dcbersicht \u00fcber die von uns verarbeiteten personenbezogenen Daten:<br>\u2013 Vor- und Nachname<br>\u2013 Adressdaten<br>\u2013 Telefonnummer<br>&#8211; E-Mail-Adresse<br>\u2013 IP-Adresse<br><h2>Besondere und\/oder sensible personenbezogene Daten, die wir verarbeiten<\/h2><br>Unsere Website und\/oder unser Dienst beabsichtigen nicht, Daten \u00fcber Website-Besucher zu sammeln, die j\u00fcnger als 16 Jahre sind. Es sei denn, sie haben die Erlaubnis der Eltern oder Erziehungsberechtigten. Wir k\u00f6nnen jedoch nicht \u00fcberpr\u00fcfen, ob ein Besucher \u00e4lter als 16 Jahre ist. Wir empfehlen daher, dass Eltern in die Online-Aktivit\u00e4ten ihrer Kinder einbezogen werden, um zu verhindern, dass Daten \u00fcber Kinder ohne Zustimmung der Eltern erfasst werden. Wenn Sie davon \u00fcberzeugt sind, dass wir ohne diese Einwilligung personenbezogene Daten eines Minderj\u00e4hrigen gesammelt haben, kontaktieren Sie uns bitte unter info@bodyenpowershop.nl und wir werden diese Daten l\u00f6schen.<br><h2>Wie lange wir personenbezogene Daten aufbewahren<\/h2><br><span style=\"color: var( --e-global-color-59b0093 ); font-family: var( --e-global-typography-text-font-family ), Sans-serif; font-weight: var( --e-global-typography-text-font-weight ); text-align: var(--text-align);\">C<\/span><span style=\"color: var( --e-global-color-59b0093 ); font-family: var( --e-global-typography-text-font-family ), Sans-serif; font-weight: var( --e-global-typography-text-font-weight ); text-align: var(--text-align);\">ities To Travel<\/span>\u00a0 speichert Ihre personenbezogenen Daten nicht l\u00e4nger als unbedingt erforderlich, um die Zwecke zu erreichen, f\u00fcr die Ihre Daten erfasst werden.<br><h2>Weitergabe personenbezogener Daten an Dritte<\/h2><br><span style=\"color: var( --e-global-color-59b0093 ); font-family: var( --e-global-typography-text-font-family ), Sans-serif; font-weight: var( --e-global-typography-text-font-weight ); text-align: var(--text-align);\">C<\/span><span style=\"color: var( --e-global-color-59b0093 ); font-family: var( --e-global-typography-text-font-family ), Sans-serif; font-weight: var( --e-global-typography-text-font-weight ); text-align: var(--text-align);\">ities To Travel<\/span>\u00a0 gibt Daten nur an Dritte weiter und nur dann, wenn dies f\u00fcr die Ausf\u00fchrung unserer Vereinbarung mit Ihnen oder zur Einhaltung einer gesetzlichen Verpflichtung erforderlich ist.<br><h2>Cookies oder \u00e4hnliche Techniken, die wir verwenden<\/h2><br><span style=\"color: var( --e-global-color-59b0093 ); font-family: var( --e-global-typography-text-font-family ), Sans-serif; font-weight: var( --e-global-typography-text-font-weight ); text-align: var(--text-align);\">C<\/span><span style=\"color: var( --e-global-color-59b0093 ); font-family: var( --e-global-typography-text-font-family ), Sans-serif; font-weight: var( --e-global-typography-text-font-weight ); text-align: var(--text-align);\">ities To Trave<\/span>l\u00a0verwendet funktionale, analytische und Tracking-Cookies. Ein Cookie ist eine kleine Textdatei, die beim ersten Besuch dieser Website im Browser Ihres Computers, Tablets oder Smartphones gespeichert wird. \u00a0<span style=\"color: var( --e-global-color-59b0093 ); font-family: var( --e-global-typography-text-font-family ), Sans-serif; font-weight: var( --e-global-typography-text-font-weight ); text-align: var(--text-align);\">C<\/span><span style=\"color: var( --e-global-color-59b0093 ); font-family: var( --e-global-typography-text-font-family ), Sans-serif; font-weight: var( --e-global-typography-text-font-weight ); text-align: var(--text-align);\">ities To Travel<\/span><span style=\"font-family: var( --e-global-typography-text-font-family ), Sans-serif; font-weight: var( --e-global-typography-text-font-weight ); text-align: var(--text-align);\">\u00a0verwendet Cookies mit einem rein technischen Zweck, um in Ihrer Nachrichten\u00fcbersicht ein pers\u00f6nliches, auf Ihre Vorlieben zugeschnittenes Angebot anzeigen zu k\u00f6nnen.<\/span><br><h2>Cookies Soziale Medien<\/h2><br><span style=\"color: var( --e-global-color-59b0093 ); font-family: var( --e-global-typography-text-font-family ), Sans-serif; font-weight: var( --e-global-typography-text-font-weight ); text-align: var(--text-align);\">C<\/span><span style=\"color: var( --e-global-color-59b0093 ); font-family: var( --e-global-typography-text-font-family ), Sans-serif; font-weight: var( --e-global-typography-text-font-weight ); text-align: var(--text-align);\">ities To Travel<\/span> \u00a0 sammelt funktionale, analytische und Tracking-Cookies \u00fcber soziale Medien \u00a0wie Facebook und Instagram mit dem Ziel, Einblick in das Liken, Teilen und \u00a0 Anzeigen der von uns geposteten Nachrichten zu gewinnen.<br><h2>Welche Arten von Cookies verwendet City To Travel?<\/h2><br><ul>\r\n \t<li>1.\u00a0<strong>Funktionale Cookies<\/strong><\/li>\r\n<\/ul><br>Funktionale Cookies erm\u00f6glichen es, bei einem Folgebesuch Informationen von fr\u00fcheren Besuchen abzurufen. In der Praxis dient dies unter anderem dazu, den \u00dcberblick dar\u00fcber zu behalten, in welcher Sprache Sie die Website besuchen m\u00f6chten.<br><ul>\r\n \t<li><strong>2. Analytische Cookies<\/strong><\/li>\r\n<\/ul><br>Analytische Cookies sammeln anonyme Informationen dar\u00fcber, wie unsere Website besucht wird und wie Website-Funktionen genutzt werden. Durch diese Informationen k\u00f6nnen durch Google Analytics statistische Daten \u00fcber die Nutzung der Website erfasst werden und wir k\u00f6nnen anschlie\u00dfend den Betrieb der Website analysieren und verbessern. Analytische Cookies enthalten eine eindeutige Nummer und enthalten keine personenbezogenen Daten. Diese Cookies dienen daher nicht dazu, Sie pers\u00f6nlich wiederzuerkennen. Die gewonnenen anonymisierten Daten werden ausschlie\u00dflich zur Verbesserung der Website verwendet.<br><ul>\r\n \t<li><strong>3. Google Analytics<\/strong><\/li>\r\n<\/ul><br>Zweck: Google Analytics sammelt anonyme, statische Daten \u00fcber die Nutzung der Website mit dem Ziel, die Website f\u00fcr ein besseres Nutzererlebnis zu optimieren.<br><ul>\r\n \t<li><strong>4. Affiliate-Cookies<\/strong><\/li>\r\n<\/ul><br><span style=\"color: var( --e-global-color-59b0093 ); font-family: var( --e-global-typography-text-font-family ), Sans-serif; font-weight: var( --e-global-typography-text-font-weight ); text-align: var(--text-align);\">C<\/span><span style=\"color: var( --e-global-color-59b0093 ); font-family: var( --e-global-typography-text-font-family ), Sans-serif; font-weight: var( --e-global-typography-text-font-weight ); text-align: var(--text-align);\">ities To Trave<\/span>l\u00a0ist eine Affiliate-Webseite, die Besuchern die M\u00f6glichkeit gibt, \u00fcber einen Affiliate-Link von einer anderen Webseite, mit der wir zusammenarbeiten, einen Kauf zu t\u00e4tigen. Profitieren Sie von jedem Verkauf, der \u00fcber einen der Affiliate-Links get\u00e4tigt wird \u00a0<span style=\"color: var( --e-global-color-59b0093 ); font-family: var( --e-global-typography-text-font-family ), Sans-serif; font-weight: var( --e-global-typography-text-font-weight ); text-align: var(--text-align);\">C<\/span><span style=\"color: var( --e-global-color-59b0093 ); font-family: var( --e-global-typography-text-font-family ), Sans-serif; font-weight: var( --e-global-typography-text-font-weight ); text-align: var(--text-align);\">ities To Travel<\/span><span style=\"font-family: var( --e-global-typography-text-font-family ), Sans-serif; font-weight: var( --e-global-typography-text-font-weight ); text-align: var(--text-align);\">\u00a0ein Prozentsatz.\u00a0<\/span><br><h2>Daten einsehen, anpassen oder l\u00f6schen<\/h2><br>M\u00f6chten Sie wissen, welche personenbezogenen Daten wir verarbeitet haben? Senden Sie eine E-Mail an info@newyorkinfo.nl mit der Bitte um Einsicht in Ihre Daten. Eine Antwort auf die Anfrage erhalten Sie sp\u00e4testens innerhalb von vier Wochen.<br><br>Sind Ihre personenbezogenen Daten falsch, unvollst\u00e4ndig, f\u00fcr die Zwecke, f\u00fcr die sie verarbeitet wurden, irrelevant oder versto\u00dfen sie anderweitig gegen die Datenschutz-Grundverordnung (DSGVO) oder andere Rechtsvorschriften? Dann haben Sie das Recht auf Berichtigung Ihrer personenbezogenen Daten. Unter Berichtigung versteht man die Berichtigung, Erg\u00e4nzung, L\u00f6schung oder Sperrung Ihrer personenbezogenen Daten. Sie haben au\u00dferdem das Recht, der Verarbeitung Ihrer personenbezogenen Daten zu widersprechen, das Recht auf eine geringere Datenverarbeitung, das Recht auf Widerruf einer erteilten Einwilligung sowie das Recht auf Daten\u00fcbertragbarkeit. Senden Sie Ihre Anfrage an info@bodyenpowershop.nl. Eine Antwort auf die Anfrage erhalten Sie sp\u00e4testens innerhalb von vier Wochen. Wir m\u00f6chten Sie auch auf die M\u00f6glichkeit hinweisen, eine Beschwerde bei der niederl\u00e4ndischen Datenschutzbeh\u00f6rde einzureichen.<br><h2>Wie wir personenbezogene Daten sch\u00fctzen<\/h2><br>Personenbezogenes Dating, da personenbezogen und personenbezogen bleiben m\u00fcssen.\u00a0<span style=\"color: var( --e-global-color-59b0093 ); font-family: var( --e-global-typography-text-font-family ), Sans-serif; font-weight: var( --e-global-typography-text-font-weight ); text-align: var(--text-align);\">C<\/span><span style=\"color: var( --e-global-color-59b0093 ); font-family: var( --e-global-typography-text-font-family ), Sans-serif; font-weight: var( --e-global-typography-text-font-weight ); text-align: var(--text-align);\">ities To Travel<\/span><span style=\"font-family: var( --e-global-typography-text-font-family ), Sans-serif; font-weight: var( --e-global-typography-text-font-weight ); text-align: var(--text-align);\">\u00a0Ebenso wichtig ist es Ihnen, dass Ihre personenbezogenen Daten nicht auf der Stra\u00dfe landen oder unrechtm\u00e4\u00dfig verarbeitet werden. Deshalb ergreifen wir alle m\u00f6glichen technischen und organisatorischen Ma\u00dfnahmen, um Ihre personenbezogenen Daten sicher zu verarbeiten. Zum Schutz Ihrer pers\u00f6nlichen Daten nutzen wir Sicherheitssoftware wie Virenscanner und Firewall, Passw\u00f6rter f\u00fcr elektronische Systeme, eine sichere Internetverbindung, Backups, Verschl\u00fcsselung, Pseudonymisierung, automatische L\u00f6schung veralteter Daten und DNSSEC. <\/span><br><h2>Aufbewahrung personenbezogener Daten<\/h2><br><span style=\"color: var( --e-global-color-59b0093 ); font-family: var( --e-global-typography-text-font-family ), Sans-serif; font-weight: var( --e-global-typography-text-font-weight ); text-align: var(--text-align);\">C<\/span><span style=\"color: var( --e-global-color-59b0093 ); font-family: var( --e-global-typography-text-font-family ), Sans-serif; font-weight: var( --e-global-typography-text-font-weight ); text-align: var(--text-align);\">ities To Trave<\/span>l\u00a0 speichert Ihre personenbezogenen Daten nicht l\u00e4nger, als es f\u00fcr die Umsetzung der Zwecke unbedingt erforderlich ist. Sofern f\u00fcr die Speicherung gesetzliche Regelungen gelten, werden die personenbezogenen Daten nicht l\u00e4nger als gesetzlich vorgeschrieben aufbewahrt.<br><h2>Meldepflicht f\u00fcr Datenlecks<\/h2><br>Ab dem 1. Januar 2016 gilt aufgrund einer Novelle des Datenschutzgesetzes (Wbp) eine Meldepflicht f\u00fcr Datenlecks. Eine Datenschutzverletzung ist eine Verletzung der Sicherheit personenbezogener Daten. \u00a0<span style=\"color: var( --e-global-color-59b0093 ); font-family: var( --e-global-typography-text-font-family ), Sans-serif; font-weight: var( --e-global-typography-text-font-weight ); text-align: var(--text-align);\">C<\/span><span style=\"color: var( --e-global-color-59b0093 ); font-family: var( --e-global-typography-text-font-family ), Sans-serif; font-weight: var( --e-global-typography-text-font-weight ); text-align: var(--text-align);\">ities To Travel<\/span><span style=\"font-family: var( --e-global-typography-text-font-family ), Sans-serif; font-weight: var( --e-global-typography-text-font-weight ); text-align: var(--text-align);\">\u00a0verwendet verschiedene Techniken zum Schutz personenbezogener Daten und es sind in der Vergangenheit keine Datenlecks aufgetreten. Sollte es in Zukunft zu einer Datenschutzverletzung kommen, wird dies der Fall sein \u00a0<\/span><span style=\"color: var( --e-global-color-59b0093 ); font-family: var( --e-global-typography-text-font-family ), Sans-serif; font-weight: var( --e-global-typography-text-font-weight ); text-align: var(--text-align);\">C<\/span><span style=\"color: var( --e-global-color-59b0093 ); font-family: var( --e-global-typography-text-font-family ), Sans-serif; font-weight: var( --e-global-typography-text-font-weight ); text-align: var(--text-align);\">ities To Travel<\/span><span style=\"font-family: var( --e-global-typography-text-font-family ), Sans-serif; font-weight: var( --e-global-typography-text-font-weight ); text-align: var(--text-align);\">\u00a0Melden Sie dies dem Vorgesetzten innerhalb von 72 Stunden nach Entdeckung, um einen Aktionsplan zu besprechen.<\/span><br><h2>Fragen zu unserer Datenschutz- und Cookie-Richtlinie<\/h2><br>Wenn Sie Fragen zu Ihren Datenschutz- und Cookie-Richtlinien haben, senden Sie bitte eine E-Mail an info@newyorkinfo.nl.\t\t\t\t\t\t\t\t<\/div>\n\t\t\t\t<\/div>\n\t\t\t\t\t<\/div>\n\t\t\t\t<\/div>\n\t\t\t\t<\/div>\n\t\t","protected":false},"excerpt":{"rendered":"<p>Datenschutzerkl\u00e4rung Allgemein Cities To Travel respektiert die Privatsph\u00e4re aller Benutzer seiner Website und stellt sicher, dass die von Ihnen angegebenen pers\u00f6nlichen Daten vertraulich behandelt werden. Wir verwenden Ihre Daten nur mit Ihrer Einwilligung. Und City To Travel wird Ihre pers\u00f6nlichen Daten nicht an Dritte verkaufen. Unsere Daten Cities To Travel ist Teil von Body Power [&hellip;]<\/p>\n","protected":false},"author":1,"featured_media":0,"parent":0,"menu_order":0,"comment_status":"closed","ping_status":"closed","template":"","meta":{"footnotes":""},"class_list":["post-11588","page","type-page","status-publish","hentry"],"aioseo_notices":[],"_links":{"self":[{"href":"https:\/\/www.citiestotravel.com\/de\/wp-json\/wp\/v2\/pages\/11588","targetHints":{"allow":["GET"]}}],"collection":[{"href":"https:\/\/www.citiestotravel.com\/de\/wp-json\/wp\/v2\/pages"}],"about":[{"href":"https:\/\/www.citiestotravel.com\/de\/wp-json\/wp\/v2\/types\/page"}],"author":[{"embeddable":true,"href":"https:\/\/www.citiestotravel.com\/de\/wp-json\/wp\/v2\/users\/1"}],"replies":[{"embeddable":true,"href":"https:\/\/www.citiestotravel.com\/de\/wp-json\/wp\/v2\/comments?post=11588"}],"version-history":[{"count":0,"href":"https:\/\/www.citiestotravel.com\/de\/wp-json\/wp\/v2\/pages\/11588\/revisions"}],"wp:attachment":[{"href":"https:\/\/www.citiestotravel.com\/de\/wp-json\/wp\/v2\/media?parent=11588"}],"curies":[{"name":"wp","href":"https:\/\/api.w.org\/{rel}","templated":true}]}}