{"id":12341,"date":"2024-10-02T20:47:38","date_gmt":"2024-10-02T20:47:38","guid":{"rendered":"https:\/\/www.citiestotravel.com\/cookie-richtlinie\/"},"modified":"2025-12-03T17:01:48","modified_gmt":"2025-12-03T17:01:48","slug":"cookie-richtlinie","status":"publish","type":"page","link":"https:\/\/www.citiestotravel.com\/de\/cookie-richtlinie\/","title":{"rendered":"Cookie-Richtlinie"},"content":{"rendered":"\t\t<div data-elementor-type=\"wp-page\" data-elementor-id=\"12341\" class=\"elementor elementor-12341 elementor-12329\" data-elementor-post-type=\"page\">\n\t\t\t\t<div class=\"elementor-element elementor-element-5544fd9 e-flex e-con-boxed e-con e-parent\" data-id=\"5544fd9\" data-element_type=\"container\" data-e-type=\"container\">\n\t\t\t\t\t<div class=\"e-con-inner\">\n\t\t\t\t<div class=\"elementor-element elementor-element-cd77926 elementor-widget elementor-widget-text-editor\" data-id=\"cd77926\" data-element_type=\"widget\" data-e-type=\"widget\" data-widget_type=\"text-editor.default\">\n\t\t\t\t<div class=\"elementor-widget-container\">\n\t\t\t\t\t\t\t\t\t<h3>Unsere Daten<\/h3>\n<p><strong>Body Power Media<\/strong><br \/>Allersma 123<br \/>5655 CD Eindhoven<br \/>info@newyorkinfo.nl<\/p>\n<h3>Was sind Cookies?<\/h3>\n<p>Cookies sind kleine (Text-)Dateien, die auf Ihrem Computer gespeichert werden. Ihr Webbrowser speichert diese Cookies, wenn Sie unsere Website besuchen. Diese Cookies werden gefunden, wenn Sie unsere Website erneut besuchen. Dies erm\u00f6glicht es unserer Website, Sie als wiederkehrenden Besucher zu erkennen.<\/p>\n<h3>Warum verwenden wir Cookies?<\/h3>\n<p>Durch die Verwendung von Cookies k\u00f6nnen wir sehen, wie unsere Website genutzt wird und wie wir unsere Website und Dienste optimieren k\u00f6nnen. Cookies werden auch verwendet, um die Website schnell und sicher zu machen.<\/p>\n<p>Wenn Sie nicht m\u00f6chten, dass wir Cookies auf Ihrem Computer speichern, k\u00f6nnen Sie die Einstellungen Ihres Webbrowsers \u00e4ndern. Bitte beachten Sie, dass einige Funktionen und Teile unserer Website ohne Cookies m\u00f6glicherweise nicht ordnungsgem\u00e4\u00df funktionieren.<\/p>\n<h3>Welche Cookies verwenden wir?<\/h3>\n<p>Um die von uns bereitgestellten Dienste zu optimieren, verwenden wir die folgenden Arten von Cookies:<\/p>\n<h3>Funktionelle Cookies<\/h3>\n<p>Funktionale Cookies sind notwendig, um sicherzustellen, dass die Website ordnungsgem\u00e4\u00df funktioniert. Ohne diese Cookies k\u00f6nnen bestimmte Einstellungen (z. B. Spracheinstellungen) nicht gespeichert werden.<\/p>\n<h3>Analytische Cookies<\/h3>\n<p>Analytische Cookies werden verwendet, um die Qualit\u00e4t und Wirksamkeit der Website zu untersuchen. So k\u00f6nnen wir beispielsweise sehen, wie viele Nutzer unsere Website hat und welche Seiten in welcher Sprache besucht werden. Wir nutzen diese Informationen, um unsere Website und Dienstleistungen zu verbessern.<\/p>\n<h3>Tracking-Cookies<\/h3>\n<p>Tracking-Cookies verfolgen Ihr Klickverhalten und Ihre Surfgewohnheiten. Dadurch ist es m\u00f6glich, Ihnen Werbung anzuzeigen, die Ihren Interessen entspricht. Auch Dritte k\u00f6nnen Ihnen relevante Werbung zeigen. Die folgenden Drittanbieter k\u00f6nnen auf unserer Website Tracking-Cookies verwenden: Get Your Guide.<\/p>\n<h3>Affiliate-Cookies<\/h3>\n<p>Cities To Travel ist eine Affiliate-Webseite, die Besuchern die M\u00f6glichkeit gibt, \u00fcber einen Affiliate-Link von einer anderen Webseite, mit der wir zusammenarbeiten, einen Kauf zu t\u00e4tigen. Cities To Travel erh\u00e4lt einen Prozentsatz von jedem Verkauf, der \u00fcber einen der Affiliate-Links get\u00e4tigt wird.<\/p>\n\t\t\t\t\t\t\t\t<\/div>\n\t\t\t\t<\/div>\n\t\t\t\t\t<\/div>\n\t\t\t\t<\/div>\n\t\t\t\t<\/div>\n\t\t","protected":false},"excerpt":{"rendered":"<p>Unsere Daten Body Power MediaAllersma 1235655 CD Eindhoveninfo@newyorkinfo.nl Was sind Cookies? Cookies sind kleine (Text-)Dateien, die auf Ihrem Computer gespeichert werden. Ihr Webbrowser speichert diese Cookies, wenn Sie unsere Website besuchen. Diese Cookies werden gefunden, wenn Sie unsere Website erneut besuchen. Dies erm\u00f6glicht es unserer Website, Sie als wiederkehrenden Besucher zu erkennen. Warum verwenden wir [&hellip;]<\/p>\n","protected":false},"author":1,"featured_media":0,"parent":0,"menu_order":0,"comment_status":"closed","ping_status":"closed","template":"","meta":{"footnotes":""},"class_list":["post-12341","page","type-page","status-publish","hentry"],"aioseo_notices":[],"_links":{"self":[{"href":"https:\/\/www.citiestotravel.com\/de\/wp-json\/wp\/v2\/pages\/12341","targetHints":{"allow":["GET"]}}],"collection":[{"href":"https:\/\/www.citiestotravel.com\/de\/wp-json\/wp\/v2\/pages"}],"about":[{"href":"https:\/\/www.citiestotravel.com\/de\/wp-json\/wp\/v2\/types\/page"}],"author":[{"embeddable":true,"href":"https:\/\/www.citiestotravel.com\/de\/wp-json\/wp\/v2\/users\/1"}],"replies":[{"embeddable":true,"href":"https:\/\/www.citiestotravel.com\/de\/wp-json\/wp\/v2\/comments?post=12341"}],"version-history":[{"count":0,"href":"https:\/\/www.citiestotravel.com\/de\/wp-json\/wp\/v2\/pages\/12341\/revisions"}],"wp:attachment":[{"href":"https:\/\/www.citiestotravel.com\/de\/wp-json\/wp\/v2\/media?parent=12341"}],"curies":[{"name":"wp","href":"https:\/\/api.w.org\/{rel}","templated":true}]}}