{"id":17264,"date":"2025-02-13T19:50:19","date_gmt":"2025-02-13T19:50:19","guid":{"rendered":"https:\/\/www.citiestotravel.com\/amsterdam-besichtigen-die-besten-reisetipps-fuer-amsterdam\/"},"modified":"2026-04-27T19:32:34","modified_gmt":"2026-04-27T19:32:34","slug":"amsterdam-besichtigen-die-besten-reisetipps-fuer-amsterdam","status":"publish","type":"page","link":"https:\/\/www.citiestotravel.com\/de\/amsterdam-besichtigen-die-besten-reisetipps-fuer-amsterdam\/","title":{"rendered":"Amsterdam besichtigen: Die besten Reisetipps f\u00fcr Amsterdam"},"content":{"rendered":"\t\t<div data-elementor-type=\"wp-page\" data-elementor-id=\"17264\" class=\"elementor elementor-17264 elementor-17230\" data-elementor-post-type=\"page\">\n\t\t\t\t<div class=\"elementor-element elementor-element-8f7194e e-flex e-con-boxed e-con e-parent\" data-id=\"8f7194e\" data-element_type=\"container\" data-e-type=\"container\">\n\t\t\t\t\t<div class=\"e-con-inner\">\n\t\t\t\t<div class=\"elementor-element elementor-element-7972cdd elementor-widget elementor-widget-heading\" data-id=\"7972cdd\" data-element_type=\"widget\" data-e-type=\"widget\" data-widget_type=\"heading.default\">\n\t\t\t\t<div class=\"elementor-widget-container\">\n\t\t\t\t\t<h1 class=\"elementor-heading-title elementor-size-default\">Besuch in Amsterdam<\/h1>\t\t\t\t<\/div>\n\t\t\t\t<\/div>\n\t\t\t\t\t<\/div>\n\t\t\t\t<\/div>\n\t\t<div class=\"elementor-element elementor-element-d1d72fb e-flex e-con-boxed e-con e-parent\" data-id=\"d1d72fb\" data-element_type=\"container\" data-e-type=\"container\">\n\t\t\t\t\t<div class=\"e-con-inner\">\n\t\t\t\t<div class=\"elementor-element elementor-element-05f01d4 elementor-widget elementor-widget-text-editor\" data-id=\"05f01d4\" data-element_type=\"widget\" data-e-type=\"widget\" data-widget_type=\"text-editor.default\">\n\t\t\t\t<div class=\"elementor-widget-container\">\n\t\t\t\t\t\t\t\t\t<p>Eine St\u00e4dtereise nach Amsterdam ist f\u00fcr viele Menschen nicht die naheliegendste Wahl, doch die Stadt hat oft mehr zu bieten, als man zun\u00e4chst erwartet. W\u00e4hrend andere gro\u00dfe <a href=\"https:\/\/www.citiestotravel.com\/de\/staedte-in-europa\/\" target=\"_blank\" rel=\"noopener\">europ\u00e4ische St\u00e4dte<\/a> vor allem f\u00fcr ihre monumentale Geschichte oder ihre Gr\u00f6\u00dfe bekannt sind, steht in Amsterdam die einzigartige Kombination aus Grachten, Kultur und entspanntem Stadtleben im Mittelpunkt. Gleichzeitig findest du dort auch beeindruckende Museen, historische Geb\u00e4ude und bekannte Orte wie das Rijksmuseum und das Anne-Frank-Haus.<\/p>\n<p>Im Vergleich zu St\u00e4dten wie <a href=\"https:\/\/www.citiestotravel.com\/de\/besuchen-sie-paris-die-besten-reisetipps-fuer-paris\/\" target=\"_blank\" rel=\"noopener\">Paris<\/a> oder <a href=\"https:\/\/www.citiestotravel.com\/de\/london-besichtigen-die-besten-reisetipps-fuer-london\/\" target=\"_blank\" rel=\"noopener\">London<\/a> ist Amsterdam kompakter, doch das bedeutet nicht, dass es wenig zu sehen gibt. Im Gegenteil: Die Stadt ist voller Sehensw\u00fcrdigkeiten, stimmungsvoller Viertel und versteckter Orte. Wenn du alles entdecken m\u00f6chtest, reicht ein einziger Besuch einfach nicht aus. Ich selbst war mehrmals in Amsterdam und habe auch noch l\u00e4ngst nicht alles gesehen. Dabei f\u00e4llt auf, dass eine gute Vorbereitung und Planung wirklich den Unterschied machen, besonders wenn du die Stadt zum ersten Mal besuchst.<\/p>\n<p>Amsterdam ist nicht nur eine vielseitige Stadt, sondern auch ein stark besuchtes Reiseziel. J\u00e4hrlich zieht die Hauptstadt Millionen von Touristen an. Besonders an Wochenenden, w\u00e4hrend der Ferienzeiten und an sonnigen Tagen kann es im Zentrum sehr voll werden. Der Zeitpunkt deines Besuchs spielt daher eine gro\u00dfe Rolle bei der Planung deiner St\u00e4dtereise.<\/p>\n<p>Auf dieser Seite findest du eine \u00dcbersicht \u00fcber alles, was bei der Planung einer St\u00e4dtereise nach Amsterdam wichtig ist. Von Sehensw\u00fcrdigkeiten und Vierteln bis hin zu praktischen Informationen \u00fcber Verkehr, Unterk\u00fcnfte und Tagesplanung. Au\u00dferdem verweise ich auf vertiefende Seiten mit spezifischen Tipps und meinen eigenen Erfahrungen, sodass du selbst entscheiden kannst, wie du deine St\u00e4dtereise nach Amsterdam am besten gestaltest.<\/p>\n\t\t\t\t\t\t\t\t<\/div>\n\t\t\t\t<\/div>\n\t\t\t\t\t<\/div>\n\t\t\t\t<\/div>\n\t\t<div class=\"elementor-element elementor-element-b03e0ae e-flex e-con-boxed e-con e-parent\" data-id=\"b03e0ae\" data-element_type=\"container\" data-e-type=\"container\">\n\t\t\t\t\t<div class=\"e-con-inner\">\n\t\t\t\t<div class=\"elementor-element elementor-element-5a15eaf elementor-widget elementor-widget-heading\" data-id=\"5a15eaf\" data-element_type=\"widget\" data-e-type=\"widget\" data-widget_type=\"heading.default\">\n\t\t\t\t<div class=\"elementor-widget-container\">\n\t\t\t\t\t<h2 class=\"elementor-heading-title elementor-size-default\">Ist Amsterdam eine sch\u00f6ne Stadt f\u00fcr eine St\u00e4dtereise?<\/h2>\t\t\t\t<\/div>\n\t\t\t\t<\/div>\n\t\t\t\t\t<\/div>\n\t\t\t\t<\/div>\n\t\t<div class=\"elementor-element elementor-element-bec9300 e-flex e-con-boxed e-con e-parent\" data-id=\"bec9300\" data-element_type=\"container\" data-e-type=\"container\">\n\t\t\t\t\t<div class=\"e-con-inner\">\n\t\t\t\t<div class=\"elementor-element elementor-element-bb4bc3c elementor-widget elementor-widget-text-editor\" data-id=\"bb4bc3c\" data-element_type=\"widget\" data-e-type=\"widget\" data-widget_type=\"text-editor.default\">\n\t\t\t\t<div class=\"elementor-widget-container\">\n\t\t\t\t\t\t\t\t\t<p>J\u00e4hrlich besuchen Millionen von Touristen Amsterdam, von denen ein gro\u00dfer Teil auch gesch\u00e4ftlich, f\u00fcr Kongresse oder Veranstaltungen kommt. Amsterdam ist n\u00e4mlich nicht nur ein touristisches Reiseziel, sondern auch ein wichtiges wirtschaftliches und kulturelles Zentrum. Viele Besucher bleiben ein paar Tage und kombinieren bekannte Sehensw\u00fcrdigkeiten mit Museen, Shopping, Gastronomie und dem Erkunden verschiedener Viertel.<\/p>\n<p>Amsterdam hat vielleicht weniger \u201eikonische\u201c Monumente als St\u00e4dte wie Paris oder <a href=\"https:\/\/www.citiestotravel.com\/de\/staedtereise-rom\/\" target=\"_blank\" rel=\"noopener\">Rom<\/a>, dennoch gibt es mehr als genug zu sehen und zu unternehmen. Die Stadt verf\u00fcgt nicht \u00fcber die weltber\u00fchmten Boulevards von Paris, die jahrhundertealten Ruinen Roms oder die prunkvollen Pal\u00e4ste von St\u00e4dten wie Wien. Dadurch kann Amsterdam f\u00fcr manche Reisende weniger beeindruckend oder gro\u00df wirken, was auch ein Grund ist, warum die Stadt manchmal anders erlebt wird als klassische europ\u00e4ische Hauptst\u00e4dte.<\/p>\n<p>Bekannte Orte wie das Rijksmuseum, das Van-Gogh-Museum und das Anne-Frank-Haus ziehen j\u00e4hrlich viele Besucher an. Dar\u00fcber hinaus gibt es verschiedene Viertel wie Jordaan und De Pijp, in denen du eine ganz andere Seite der Stadt siehst. Ob Amsterdam f\u00fcr dich eine sch\u00f6ne Stadt ist, h\u00e4ngt daher vor allem von deinen Interessen, deinem Budget und davon ab, wie viel Zeit du in der Stadt verbringen m\u00f6chtest.<\/p>\n<p>Amsterdam ist vor allem ein gutes Reiseziel, wenn du dich f\u00fcr Kultur, Museen, Architektur und eine lebendige Atmosph\u00e4re mit vielen Caf\u00e9s und Restaurants interessierst. Aus eigener Erfahrung kann ich sagen, dass die Stadt kompakt und gut zu erkunden ist, besonders mit dem Fahrrad oder \u00f6ffentlichen Verkehrsmitteln. Viele Sehensw\u00fcrdigkeiten liegen relativ nah beieinander, auch wenn es im Zentrum ziemlich voll werden kann.<\/p>\n<p>Eine St\u00e4dtereise nach Amsterdam ist weniger geeignet f\u00fcr Reisende, die vor allem auf der Suche nach gro\u00df angelegten historischen Monumenten oder einem sehr ruhigen Reiseziel sind. Auch wenn du eine g\u00fcnstige St\u00e4dtereise suchst, ist Amsterdam nicht immer die beste Wahl. Besonders an Wochenenden, in Ferienzeiten und w\u00e4hrend gro\u00dfer Veranstaltungen k\u00f6nnen die Preise f\u00fcr Unterk\u00fcnfte deutlich steigen, und an beliebten Orten ist es oft voll, wenn man nicht im Voraus reserviert.<\/p>\n\t\t\t\t\t\t\t\t<\/div>\n\t\t\t\t<\/div>\n\t\t\t\t\t<\/div>\n\t\t\t\t<\/div>\n\t\t<div class=\"elementor-element elementor-element-b7a99f1 e-flex e-con-boxed e-con e-parent\" data-id=\"b7a99f1\" data-element_type=\"container\" data-e-type=\"container\">\n\t\t\t\t\t<div class=\"e-con-inner\">\n\t\t<div class=\"elementor-element elementor-element-2502a0a e-con-full e-flex e-con e-child\" data-id=\"2502a0a\" data-element_type=\"container\" data-e-type=\"container\">\n\t\t\t\t<div class=\"elementor-element elementor-element-70d1a4d elementor-cta--skin-classic elementor-animated-content elementor-bg-transform elementor-bg-transform-zoom-in elementor-widget elementor-widget-call-to-action\" data-id=\"70d1a4d\" data-element_type=\"widget\" data-e-type=\"widget\" data-widget_type=\"call-to-action.default\">\n\t\t\t\t<div class=\"elementor-widget-container\">\n\t\t\t\t\t\t\t<div class=\"elementor-cta\">\n\t\t\t\t\t<div class=\"elementor-cta__bg-wrapper\">\n\t\t\t\t<div class=\"elementor-cta__bg elementor-bg\" style=\"background-image: url(https:\/\/i0.wp.com\/www.citiestotravel.com\/wp-content\/uploads\/2024\/09\/Stedentrip-Amsterdam-Is-Amsterdam-een-leuke-stad.webp?fit=1018%2C1024&#038;ssl=1);\" role=\"img\" aria-label=\"St\u00e4dtereise Amsterdam \u2013 Ist Amsterdam eine sch\u00f6ne Stadt?\"><\/div>\n\t\t\t\t<div class=\"elementor-cta__bg-overlay\"><\/div>\n\t\t\t<\/div>\n\t\t\t\t\t\t\t<div class=\"elementor-cta__content\">\n\t\t\t\t\n\t\t\t\t\t\t\t\t\t<div class=\"elementor-cta__title elementor-cta__content-item elementor-content-item\">\n\t\t\t\t\t\tSt\u00e4dtereise Amsterdam: Ist Amsterdam eine sch\u00f6ne Stadt?\t\t\t\t\t<\/div>\n\t\t\t\t\n\t\t\t\t\n\t\t\t\t\t\t\t\t\t<div class=\"elementor-cta__button-wrapper elementor-cta__content-item elementor-content-item \">\n\t\t\t\t\t<a class=\"elementor-cta__button elementor-button elementor-size-\" href=\"https:\/\/www.citiestotravel.com\/de\/staedtereise-amsterdam-ist-amsterdam-eine-schoene-stadt\/\" target=\"_blank\">\n\t\t\t\t\t\tMehr \u00fcber Amsterdam lesen\t\t\t\t\t<\/a>\n\t\t\t\t\t<\/div>\n\t\t\t\t\t\t\t<\/div>\n\t\t\t\t\t\t<\/div>\n\t\t\t\t\t\t<\/div>\n\t\t\t\t<\/div>\n\t\t\t\t<\/div>\n\t\t<div class=\"elementor-element elementor-element-225e725 e-con-full e-flex e-con e-child\" data-id=\"225e725\" data-element_type=\"container\" data-e-type=\"container\">\n\t\t\t\t<div class=\"elementor-element elementor-element-76da953 elementor-cta--skin-classic elementor-animated-content elementor-bg-transform elementor-bg-transform-zoom-in elementor-widget elementor-widget-call-to-action\" data-id=\"76da953\" data-element_type=\"widget\" data-e-type=\"widget\" data-widget_type=\"call-to-action.default\">\n\t\t\t\t<div class=\"elementor-widget-container\">\n\t\t\t\t\t\t\t<div class=\"elementor-cta\">\n\t\t\t\t\t<div class=\"elementor-cta__bg-wrapper\">\n\t\t\t\t<div class=\"elementor-cta__bg elementor-bg\" style=\"background-image: url(https:\/\/i0.wp.com\/www.citiestotravel.com\/wp-content\/uploads\/2024\/09\/winkelen-in-amsterdam-de-mooiste-winkelstraten.webp?fit=1018%2C1024&#038;ssl=1);\" role=\"img\" aria-label=\"Einkaufen in Amsterdam \u2013 die sch\u00f6nsten Einkaufsstra\u00dfen\"><\/div>\n\t\t\t\t<div class=\"elementor-cta__bg-overlay\"><\/div>\n\t\t\t<\/div>\n\t\t\t\t\t\t\t<div class=\"elementor-cta__content\">\n\t\t\t\t\n\t\t\t\t\t\t\t\t\t<div class=\"elementor-cta__title elementor-cta__content-item elementor-content-item\">\n\t\t\t\t\t\tEinkaufen in Amsterdam: Die sch\u00f6nsten Einkaufsstra\u00dfen\t\t\t\t\t<\/div>\n\t\t\t\t\n\t\t\t\t\n\t\t\t\t\t\t\t\t\t<div class=\"elementor-cta__button-wrapper elementor-cta__content-item elementor-content-item \">\n\t\t\t\t\t<a class=\"elementor-cta__button elementor-button elementor-size-\" href=\"https:\/\/www.citiestotravel.com\/de\/einkaufen-in-amsterdam-die-besten-einkaufsstrassen-in-amsterdam\/\" target=\"_blank\">\n\t\t\t\t\t\tMehr \u00fcber die Einkaufsstra\u00dfen in Amsterdam lesen\t\t\t\t\t<\/a>\n\t\t\t\t\t<\/div>\n\t\t\t\t\t\t\t<\/div>\n\t\t\t\t\t\t<\/div>\n\t\t\t\t\t\t<\/div>\n\t\t\t\t<\/div>\n\t\t\t\t<\/div>\n\t\t<div class=\"elementor-element elementor-element-dbf78d3 e-con-full e-flex e-con e-child\" data-id=\"dbf78d3\" data-element_type=\"container\" data-e-type=\"container\">\n\t\t\t\t<\/div>\n\t\t\t\t\t<\/div>\n\t\t\t\t<\/div>\n\t\t<div class=\"elementor-element elementor-element-f3d21b4 e-flex e-con-boxed e-con e-parent\" data-id=\"f3d21b4\" data-element_type=\"container\" data-e-type=\"container\">\n\t\t\t\t\t<div class=\"e-con-inner\">\n\t\t\t\t<div class=\"elementor-element elementor-element-d5f1c4b elementor-widget elementor-widget-heading\" data-id=\"d5f1c4b\" data-element_type=\"widget\" data-e-type=\"widget\" data-widget_type=\"heading.default\">\n\t\t\t\t<div class=\"elementor-widget-container\">\n\t\t\t\t\t<h2 class=\"elementor-heading-title elementor-size-default\">Sehensw\u00fcrdigkeiten in Amsterdam<\/h2>\t\t\t\t<\/div>\n\t\t\t\t<\/div>\n\t\t\t\t\t<\/div>\n\t\t\t\t<\/div>\n\t\t<div class=\"elementor-element elementor-element-3388c4d e-flex e-con-boxed e-con e-parent\" data-id=\"3388c4d\" data-element_type=\"container\" data-e-type=\"container\">\n\t\t\t\t\t<div class=\"e-con-inner\">\n\t\t\t\t<div class=\"elementor-element elementor-element-52d16bf elementor-widget elementor-widget-text-editor\" data-id=\"52d16bf\" data-element_type=\"widget\" data-e-type=\"widget\" data-widget_type=\"text-editor.default\">\n\t\t\t\t<div class=\"elementor-widget-container\">\n\t\t\t\t\t\t\t\t\t<p>Was sollte man in Amsterdam sehen? Die Stadt bietet eine gro\u00dfe Anzahl an Sehensw\u00fcrdigkeiten, von denen die bekanntesten \u2013 wie der Dam-Platz, der K\u00f6nigliche Palast Amsterdam, das Anne-Frank-Haus und das Rijksmuseum \u2013 im und rund um das Zentrum zu finden sind. Diese Sehensw\u00fcrdigkeiten liegen relativ nah beieinander, sodass es m\u00f6glich ist, mehrere Orte w\u00e4hrend eines Spaziergangs zu kombinieren.<br \/><br \/>Gleichzeitig geh\u00f6ren diese Orte auch zu den meistbesuchten Pl\u00e4tzen der Stadt. Es ist daher ratsam, diese Sehensw\u00fcrdigkeiten fr\u00fch am Morgen zu besuchen und sie mit weniger \u00fcberlaufenen Orten zu kombinieren, wie Spazierg\u00e4ngen entlang der Grachten oder einem Besuch kleinerer Museen. Diese kannst du dann sp\u00e4ter am Tag oder am Abend erkunden.<br \/><br \/>Auf den folgenden vertiefenden Seiten gehe ich pro Sehensw\u00fcrdigkeit darauf ein, ob sich ein Besuch lohnt, wie stark sie in der Regel besucht ist und ob es sinnvoll ist, Tickets im Voraus zu reservieren.<\/p>\t\t\t\t\t\t\t\t<\/div>\n\t\t\t\t<\/div>\n\t\t\t\t\t<\/div>\n\t\t\t\t<\/div>\n\t\t<div class=\"elementor-element elementor-element-9f18382 e-flex e-con-boxed e-con e-parent\" data-id=\"9f18382\" data-element_type=\"container\" data-e-type=\"container\">\n\t\t\t\t\t<div class=\"e-con-inner\">\n\t\t<div class=\"elementor-element elementor-element-1f49842 e-con-full e-flex e-con e-child\" data-id=\"1f49842\" data-element_type=\"container\" data-e-type=\"container\">\n\t\t\t\t<div class=\"elementor-element elementor-element-b8169e8 elementor-cta--skin-classic elementor-animated-content elementor-bg-transform elementor-bg-transform-zoom-in elementor-widget elementor-widget-call-to-action\" data-id=\"b8169e8\" data-element_type=\"widget\" data-e-type=\"widget\" data-widget_type=\"call-to-action.default\">\n\t\t\t\t<div class=\"elementor-widget-container\">\n\t\t\t\t\t\t\t<div class=\"elementor-cta\">\n\t\t\t\t\t<div class=\"elementor-cta__bg-wrapper\">\n\t\t\t\t<div class=\"elementor-cta__bg elementor-bg\" style=\"background-image: url(https:\/\/i0.wp.com\/www.citiestotravel.com\/wp-content\/uploads\/2024\/09\/rondvaart-door-amsterdam.webp?fit=1024%2C1024&#038;ssl=1);\" role=\"img\" aria-label=\"Bootsfahrt durch Amsterdam\"><\/div>\n\t\t\t\t<div class=\"elementor-cta__bg-overlay\"><\/div>\n\t\t\t<\/div>\n\t\t\t\t\t\t\t<div class=\"elementor-cta__content\">\n\t\t\t\t\n\t\t\t\t\t\t\t\t\t<div class=\"elementor-cta__title elementor-cta__content-item elementor-content-item\">\n\t\t\t\t\t\tBootsfahrt in Amsterdam: Welche ist die beste?\t\t\t\t\t<\/div>\n\t\t\t\t\n\t\t\t\t\n\t\t\t\t\t\t\t\t\t<div class=\"elementor-cta__button-wrapper elementor-cta__content-item elementor-content-item \">\n\t\t\t\t\t<a class=\"elementor-cta__button elementor-button elementor-size-\" href=\"https:\/\/www.citiestotravel.com\/de\/grachtenrundfahrt-in-amsterdam-welche-ist-die-beste\/\" target=\"_blank\">\n\t\t\t\t\t\tMehr \u00fcber die Grachtenfahrten in Amsterdam lesen\t\t\t\t\t<\/a>\n\t\t\t\t\t<\/div>\n\t\t\t\t\t\t\t<\/div>\n\t\t\t\t\t\t<\/div>\n\t\t\t\t\t\t<\/div>\n\t\t\t\t<\/div>\n\t\t\t\t<\/div>\n\t\t<div class=\"elementor-element elementor-element-865e046 e-con-full e-flex e-con e-child\" data-id=\"865e046\" data-element_type=\"container\" data-e-type=\"container\">\n\t\t\t\t<div class=\"elementor-element elementor-element-905ba49 elementor-cta--skin-classic elementor-animated-content elementor-bg-transform elementor-bg-transform-zoom-in elementor-widget elementor-widget-call-to-action\" data-id=\"905ba49\" data-element_type=\"widget\" data-e-type=\"widget\" data-widget_type=\"call-to-action.default\">\n\t\t\t\t<div class=\"elementor-widget-container\">\n\t\t\t\t\t\t\t<div class=\"elementor-cta\">\n\t\t\t\t\t<div class=\"elementor-cta__bg-wrapper\">\n\t\t\t\t<div class=\"elementor-cta__bg elementor-bg\" style=\"background-image: url(https:\/\/i0.wp.com\/www.citiestotravel.com\/wp-content\/uploads\/2026\/04\/brouwerij-Heineken-Experience-in-Amsterdam-scaled.webp?fit=1024%2C572&#038;ssl=1);\" role=\"img\" aria-label=\"Brauerei Heineken Experience in Amsterdam\"><\/div>\n\t\t\t\t<div class=\"elementor-cta__bg-overlay\"><\/div>\n\t\t\t<\/div>\n\t\t\t\t\t\t\t<div class=\"elementor-cta__content\">\n\t\t\t\t\n\t\t\t\t\t\t\t\t\t<div class=\"elementor-cta__title elementor-cta__content-item elementor-content-item\">\n\t\t\t\t\t\tHeineken Experience in Amsterdam: Ist ein Besuch wert?\t\t\t\t\t<\/div>\n\t\t\t\t\n\t\t\t\t\n\t\t\t\t\t\t\t\t\t<div class=\"elementor-cta__button-wrapper elementor-cta__content-item elementor-content-item \">\n\t\t\t\t\t<a class=\"elementor-cta__button elementor-button elementor-size-\" href=\"https:\/\/www.citiestotravel.com\/de\/heineken-experience-amsterdam\/\" target=\"_blank\">\n\t\t\t\t\t\tMehr \u00fcber die Heineken Experience lesen\t\t\t\t\t<\/a>\n\t\t\t\t\t<\/div>\n\t\t\t\t\t\t\t<\/div>\n\t\t\t\t\t\t<\/div>\n\t\t\t\t\t\t<\/div>\n\t\t\t\t<\/div>\n\t\t\t\t<\/div>\n\t\t<div class=\"elementor-element elementor-element-e622f43 e-con-full e-flex e-con e-child\" data-id=\"e622f43\" data-element_type=\"container\" data-e-type=\"container\">\n\t\t\t\t<div class=\"elementor-element elementor-element-9ab9913 elementor-cta--skin-classic elementor-animated-content elementor-bg-transform elementor-bg-transform-zoom-in elementor-widget elementor-widget-call-to-action\" data-id=\"9ab9913\" data-element_type=\"widget\" data-e-type=\"widget\" data-widget_type=\"call-to-action.default\">\n\t\t\t\t<div class=\"elementor-widget-container\">\n\t\t\t\t\t\t\t<div class=\"elementor-cta\">\n\t\t\t\t\t<div class=\"elementor-cta__bg-wrapper\">\n\t\t\t\t<div class=\"elementor-cta__bg elementor-bg\" style=\"background-image: url(https:\/\/i0.wp.com\/www.citiestotravel.com\/wp-content\/uploads\/2026\/04\/De-kamer-van-Anne-Frank-in-het-Anne-Frank-museum-scaled.webp?fit=1024%2C572&#038;ssl=1);\" role=\"img\" aria-label=\"Das Zimmer von Anne Frank im Anne-Frank-Museum\"><\/div>\n\t\t\t\t<div class=\"elementor-cta__bg-overlay\"><\/div>\n\t\t\t<\/div>\n\t\t\t\t\t\t\t<div class=\"elementor-cta__content\">\n\t\t\t\t\n\t\t\t\t\t\t\t\t\t<div class=\"elementor-cta__title elementor-cta__content-item elementor-content-item\">\n\t\t\t\t\t\tAnne-Frank-Museum Amsterdam: Ist es einen Besuch wert?\t\t\t\t\t<\/div>\n\t\t\t\t\n\t\t\t\t\n\t\t\t\t\t\t\t\t\t<div class=\"elementor-cta__button-wrapper elementor-cta__content-item elementor-content-item \">\n\t\t\t\t\t<a class=\"elementor-cta__button elementor-button elementor-size-\" href=\"https:\/\/www.citiestotravel.com\/de\/anne-frank-museum-amsterdam-ist-es-einen-besuch-wert\/\" target=\"_blank\">\n\t\t\t\t\t\tMehr \u00fcber das Anne-Frank-Museum lesen\t\t\t\t\t<\/a>\n\t\t\t\t\t<\/div>\n\t\t\t\t\t\t\t<\/div>\n\t\t\t\t\t\t<\/div>\n\t\t\t\t\t\t<\/div>\n\t\t\t\t<\/div>\n\t\t\t\t<\/div>\n\t\t\t\t\t<\/div>\n\t\t\t\t<\/div>\n\t\t<div class=\"elementor-element elementor-element-af52206 e-flex e-con-boxed e-con e-parent\" data-id=\"af52206\" data-element_type=\"container\" data-e-type=\"container\">\n\t\t\t\t\t<div class=\"e-con-inner\">\n\t\t\t\t<div class=\"elementor-element elementor-element-d9a0a10 elementor-widget elementor-widget-author-box\" data-id=\"d9a0a10\" data-element_type=\"widget\" data-e-type=\"widget\" data-widget_type=\"author-box.default\">\n\t\t\t\t<div class=\"elementor-widget-container\">\n\t\t\t\t\t\t\t<div class=\"elementor-author-box\">\n\t\t\t\t\t\t\t<div  class=\"elementor-author-box__avatar\">\n\t\t\t\t\t<img decoding=\"async\" src=\"https:\/\/i0.wp.com\/www.citiestotravel.com\/wp-content\/uploads\/2025\/10\/Cities-to-travel-Edward.webp?fit=289%2C300&#038;ssl=1\" alt=\"Bild von Edward\" loading=\"lazy\">\n\t\t\t\t<\/div>\n\t\t\t\n\t\t\t<div class=\"elementor-author-box__text\">\n\t\t\t\t\t\t\t\t\t<div >\n\t\t\t\t\t\t<h4 class=\"elementor-author-box__name\">\n\t\t\t\t\t\t\tEdward\t\t\t\t\t\t<\/h4>\n\t\t\t\t\t<\/div>\n\t\t\t\t\n\t\t\t\t\t\t\t\t\t<div class=\"elementor-author-box__bio\">\n\t\t\t\t\t\t<p>Hallo, ich bin Edward, ein erfahrener St\u00e4dtereisen-Liebhaber. In den vergangenen Jahren habe ich Dutzende St\u00e4dte in Europa, Skandinavien und Amerika besucht. Auf Cities To Travel teile ich pers\u00f6nliche Erfahrungen und praktische Tipps, um dir bei der Planung deiner n\u00e4chsten St\u00e4dtereise zu helfen. Hast du Fragen? Dann schick mir gerne eine E-Mail.<\/p>\n\t\t\t\t\t<\/div>\n\t\t\t\t\n\t\t\t\t\t\t\t\t\t<a class=\"elementor-author-box__button elementor-button elementor-size-xs\" href=\"https:\/\/www.citiestotravel.com\/de\/ueber-uns\/\">\n\t\t\t\t\t\tMehr \u00fcber mich\t\t\t\t\t<\/a>\n\t\t\t\t\t\t\t<\/div>\n\t\t<\/div>\n\t\t\t\t\t\t<\/div>\n\t\t\t\t<\/div>\n\t\t\t\t\t<\/div>\n\t\t\t\t<\/div>\n\t\t<div class=\"elementor-element elementor-element-90a63f3 e-flex e-con-boxed e-con e-parent\" data-id=\"90a63f3\" data-element_type=\"container\" data-e-type=\"container\">\n\t\t\t\t\t<div class=\"e-con-inner\">\n\t\t\t\t<div class=\"elementor-element elementor-element-3b39796 elementor-widget elementor-widget-text-editor\" data-id=\"3b39796\" data-element_type=\"widget\" data-e-type=\"widget\" data-widget_type=\"text-editor.default\">\n\t\t\t\t<div class=\"elementor-widget-container\">\n\t\t\t\t\t\t\t\t\t<p><strong>Disclaimer:<\/strong> Diese Website enth\u00e4lt Affiliate-Links. Wenn du \u00fcber diese Links etwas buchst oder kaufst, erhalte ich m\u00f6glicherweise eine kleine Provision \u2013 ohne zus\u00e4tzliche Kosten f\u00fcr dich. So kann ich Cities To Travel weiterhin betreiben und aktuelle Reisetipps teilen.<\/p>\n\t\t\t\t\t\t\t\t<\/div>\n\t\t\t\t<\/div>\n\t\t\t\t\t<\/div>\n\t\t\t\t<\/div>\n\t\t<div class=\"elementor-element elementor-element-efa1a23 e-flex e-con-boxed e-con e-parent\" data-id=\"efa1a23\" data-element_type=\"container\" data-e-type=\"container\">\n\t\t\t\t\t<div class=\"e-con-inner\">\n\t\t\t\t<div class=\"elementor-element elementor-element-ca80853 elementor-widget elementor-widget-text-editor\" data-id=\"ca80853\" data-element_type=\"widget\" data-e-type=\"widget\" data-widget_type=\"text-editor.default\">\n\t\t\t\t<div class=\"elementor-widget-container\">\n\t\t\t\t\t\t\t\t\t<p><strong>Letzte Aktualisierung:<\/strong> 23. April 2026<\/p>\n\t\t\t\t\t\t\t\t<\/div>\n\t\t\t\t<\/div>\n\t\t\t\t\t<\/div>\n\t\t\t\t<\/div>\n\t\t\t\t<\/div>\n\t\t","protected":false},"excerpt":{"rendered":"<p>Besuch in Amsterdam Eine St\u00e4dtereise nach Amsterdam ist f\u00fcr viele Menschen nicht die naheliegendste Wahl, doch die Stadt hat oft mehr zu bieten, als man zun\u00e4chst erwartet. W\u00e4hrend andere gro\u00dfe europ\u00e4ische St\u00e4dte vor allem f\u00fcr ihre monumentale Geschichte oder ihre Gr\u00f6\u00dfe bekannt sind, steht in Amsterdam die einzigartige Kombination aus Grachten, Kultur und entspanntem Stadtleben [&hellip;]<\/p>\n","protected":false},"author":1,"featured_media":0,"parent":0,"menu_order":0,"comment_status":"closed","ping_status":"closed","template":"","meta":{"footnotes":""},"class_list":["post-17264","page","type-page","status-publish","hentry"],"aioseo_notices":[],"_links":{"self":[{"href":"https:\/\/www.citiestotravel.com\/de\/wp-json\/wp\/v2\/pages\/17264","targetHints":{"allow":["GET"]}}],"collection":[{"href":"https:\/\/www.citiestotravel.com\/de\/wp-json\/wp\/v2\/pages"}],"about":[{"href":"https:\/\/www.citiestotravel.com\/de\/wp-json\/wp\/v2\/types\/page"}],"author":[{"embeddable":true,"href":"https:\/\/www.citiestotravel.com\/de\/wp-json\/wp\/v2\/users\/1"}],"replies":[{"embeddable":true,"href":"https:\/\/www.citiestotravel.com\/de\/wp-json\/wp\/v2\/comments?post=17264"}],"version-history":[{"count":0,"href":"https:\/\/www.citiestotravel.com\/de\/wp-json\/wp\/v2\/pages\/17264\/revisions"}],"wp:attachment":[{"href":"https:\/\/www.citiestotravel.com\/de\/wp-json\/wp\/v2\/media?parent=17264"}],"curies":[{"name":"wp","href":"https:\/\/api.w.org\/{rel}","templated":true}]}}