{"id":22920,"date":"2025-03-21T18:53:14","date_gmt":"2025-03-21T18:53:14","guid":{"rendered":"https:\/\/www.citiestotravel.com\/kontaktieren-sie-uns\/"},"modified":"2025-08-12T19:17:58","modified_gmt":"2025-08-12T19:17:58","slug":"kontaktieren-sie-cities-to-travel","status":"publish","type":"page","link":"https:\/\/www.citiestotravel.com\/de\/kontaktieren-sie-cities-to-travel\/","title":{"rendered":"Kontaktieren Sie uns"},"content":{"rendered":"\t\t<div data-elementor-type=\"wp-page\" data-elementor-id=\"22920\" class=\"elementor elementor-22920 elementor-22902\" data-elementor-post-type=\"page\">\n\t\t\t\t<div class=\"elementor-element elementor-element-6876788 e-flex e-con-boxed e-con e-parent\" data-id=\"6876788\" data-element_type=\"container\" data-e-type=\"container\">\n\t\t\t\t\t<div class=\"e-con-inner\">\n\t\t\t\t<div class=\"elementor-element elementor-element-bb05453 elementor-widget elementor-widget-heading\" data-id=\"bb05453\" data-element_type=\"widget\" data-e-type=\"widget\" data-widget_type=\"heading.default\">\n\t\t\t\t<div class=\"elementor-widget-container\">\n\t\t\t\t\t<h1 class=\"elementor-heading-title elementor-size-default\">Kontaktieren Sie uns<\/h1>\t\t\t\t<\/div>\n\t\t\t\t<\/div>\n\t\t\t\t\t<\/div>\n\t\t\t\t<\/div>\n\t\t<div class=\"elementor-element elementor-element-8bcfd96 e-flex e-con-boxed e-con e-parent\" data-id=\"8bcfd96\" data-element_type=\"container\" data-e-type=\"container\">\n\t\t\t\t\t<div class=\"e-con-inner\">\n\t\t\t\t<div class=\"elementor-element elementor-element-6c9da2c elementor-widget elementor-widget-text-editor\" data-id=\"6c9da2c\" data-element_type=\"widget\" data-e-type=\"widget\" data-widget_type=\"text-editor.default\">\n\t\t\t\t<div class=\"elementor-widget-container\">\n\t\t\t\t\t\t\t\t\t<p>Du hast eine Frage, m\u00f6chtest mir etwas mitteilen oder suchst einfach weitere Tipps f\u00fcr deine St\u00e4dtereise? Schreib mir gerne eine Nachricht \u2013 ich helfe dir gerne weiter. <\/p><p>Sie k\u00f6nnen mir eine E-Mail senden an: <a href=\"mailto:info@newyorkinfo.nl\">info@newyorkinfo.nl<\/a><\/p><p data-start=\"304\" data-end=\"406\">Ich gebe mein Bestes, immer innerhalb von 24 Stunden zu antworten, damit Sie Ihre Pl\u00e4ne schnell fortsetzen k\u00f6nnen.<\/p><p data-start=\"408\" data-end=\"448\">Ich freue mich darauf, von Ihnen zu h\u00f6ren!<\/p>\t\t\t\t\t\t\t\t<\/div>\n\t\t\t\t<\/div>\n\t\t\t\t\t<\/div>\n\t\t\t\t<\/div>\n\t\t<div class=\"elementor-element elementor-element-9bcee17 e-flex e-con-boxed e-con e-parent\" data-id=\"9bcee17\" data-element_type=\"container\" data-e-type=\"container\">\n\t\t\t\t\t<div class=\"e-con-inner\">\n\t\t\t\t<div class=\"elementor-element elementor-element-1966599 elementor-widget elementor-widget-heading\" data-id=\"1966599\" data-element_type=\"widget\" data-e-type=\"widget\" data-widget_type=\"heading.default\">\n\t\t\t\t<div class=\"elementor-widget-container\">\n\t\t\t\t\t<h2 class=\"elementor-heading-title elementor-size-default\">Rechnungsadresse<\/h2>\t\t\t\t<\/div>\n\t\t\t\t<\/div>\n\t\t\t\t<div class=\"elementor-element elementor-element-8144b93 elementor-widget elementor-widget-image\" data-id=\"8144b93\" data-element_type=\"widget\" data-e-type=\"widget\" data-widget_type=\"image.default\">\n\t\t\t\t<div class=\"elementor-widget-container\">\n\t\t\t\t\t\t\t\t\t\t\t\t\t\t\t<img decoding=\"async\" width=\"150\" height=\"150\" src=\"https:\/\/i0.wp.com\/www.citiestotravel.com\/wp-content\/uploads\/2025\/02\/cropped-logo-cities-to-travel-2025-1.png?resize=150%2C150&amp;ssl=1\" class=\"attachment-thumbnail size-thumbnail wp-image-18061\" alt=\"Logo Cities To travel\" srcset=\"https:\/\/i0.wp.com\/www.citiestotravel.com\/wp-content\/uploads\/2025\/02\/cropped-logo-cities-to-travel-2025-1.png?w=512&amp;ssl=1 512w, https:\/\/i0.wp.com\/www.citiestotravel.com\/wp-content\/uploads\/2025\/02\/cropped-logo-cities-to-travel-2025-1.png?resize=300%2C300&amp;ssl=1 300w, https:\/\/i0.wp.com\/www.citiestotravel.com\/wp-content\/uploads\/2025\/02\/cropped-logo-cities-to-travel-2025-1.png?resize=150%2C150&amp;ssl=1 150w, https:\/\/i0.wp.com\/www.citiestotravel.com\/wp-content\/uploads\/2025\/02\/cropped-logo-cities-to-travel-2025-1.png?resize=450%2C450&amp;ssl=1 450w, https:\/\/i0.wp.com\/www.citiestotravel.com\/wp-content\/uploads\/2025\/02\/cropped-logo-cities-to-travel-2025-1.png?resize=106%2C106&amp;ssl=1 106w, https:\/\/i0.wp.com\/www.citiestotravel.com\/wp-content\/uploads\/2025\/02\/cropped-logo-cities-to-travel-2025-1.png?resize=70%2C70&amp;ssl=1 70w, https:\/\/i0.wp.com\/www.citiestotravel.com\/wp-content\/uploads\/2025\/02\/cropped-logo-cities-to-travel-2025-1.png?resize=120%2C120&amp;ssl=1 120w, https:\/\/i0.wp.com\/www.citiestotravel.com\/wp-content\/uploads\/2025\/02\/cropped-logo-cities-to-travel-2025-1.png?resize=270%2C270&amp;ssl=1 270w, https:\/\/i0.wp.com\/www.citiestotravel.com\/wp-content\/uploads\/2025\/02\/cropped-logo-cities-to-travel-2025-1.png?resize=192%2C192&amp;ssl=1 192w, https:\/\/i0.wp.com\/www.citiestotravel.com\/wp-content\/uploads\/2025\/02\/cropped-logo-cities-to-travel-2025-1.png?resize=180%2C180&amp;ssl=1 180w, https:\/\/i0.wp.com\/www.citiestotravel.com\/wp-content\/uploads\/2025\/02\/cropped-logo-cities-to-travel-2025-1.png?resize=32%2C32&amp;ssl=1 32w\" sizes=\"(max-width: 150px) 100vw, 150px\" \/>\t\t\t\t\t\t\t\t\t\t\t\t\t\t\t<\/div>\n\t\t\t\t<\/div>\n\t\t\t\t<div class=\"elementor-element elementor-element-a5a93eb elementor-widget elementor-widget-text-editor\" data-id=\"a5a93eb\" data-element_type=\"widget\" data-e-type=\"widget\" data-widget_type=\"text-editor.default\">\n\t\t\t\t<div class=\"elementor-widget-container\">\n\t\t\t\t\t\t\t\t\t<p><strong>Cities To Travel<\/strong><\/p><p><strong>Stra\u00dfe<\/strong>: Allersma 123<\/p><p><strong>Postleitzahl:<\/strong> 5655 CD<\/p><p><strong>Standort:<\/strong> Eindhoven<\/p><p><strong>Land:<\/strong> Die Niederlande<\/p>\t\t\t\t\t\t\t\t<\/div>\n\t\t\t\t<\/div>\n\t\t\t\t\t<\/div>\n\t\t\t\t<\/div>\n\t\t\t\t<\/div>\n\t\t","protected":false},"excerpt":{"rendered":"<p>Kontaktieren Sie uns Du hast eine Frage, m\u00f6chtest mir etwas mitteilen oder suchst einfach weitere Tipps f\u00fcr deine St\u00e4dtereise? Schreib mir gerne eine Nachricht \u2013 ich helfe dir gerne weiter. Sie k\u00f6nnen mir eine E-Mail senden an: info@newyorkinfo.nl Ich gebe mein Bestes, immer innerhalb von 24 Stunden zu antworten, damit Sie Ihre Pl\u00e4ne schnell fortsetzen [&hellip;]<\/p>\n","protected":false},"author":1,"featured_media":22888,"parent":0,"menu_order":0,"comment_status":"closed","ping_status":"closed","template":"","meta":{"footnotes":""},"class_list":["post-22920","page","type-page","status-publish","has-post-thumbnail","hentry"],"aioseo_notices":[],"_links":{"self":[{"href":"https:\/\/www.citiestotravel.com\/de\/wp-json\/wp\/v2\/pages\/22920","targetHints":{"allow":["GET"]}}],"collection":[{"href":"https:\/\/www.citiestotravel.com\/de\/wp-json\/wp\/v2\/pages"}],"about":[{"href":"https:\/\/www.citiestotravel.com\/de\/wp-json\/wp\/v2\/types\/page"}],"author":[{"embeddable":true,"href":"https:\/\/www.citiestotravel.com\/de\/wp-json\/wp\/v2\/users\/1"}],"replies":[{"embeddable":true,"href":"https:\/\/www.citiestotravel.com\/de\/wp-json\/wp\/v2\/comments?post=22920"}],"version-history":[{"count":0,"href":"https:\/\/www.citiestotravel.com\/de\/wp-json\/wp\/v2\/pages\/22920\/revisions"}],"wp:featuredmedia":[{"embeddable":true,"href":"https:\/\/www.citiestotravel.com\/de\/wp-json\/wp\/v2\/media\/22888"}],"wp:attachment":[{"href":"https:\/\/www.citiestotravel.com\/de\/wp-json\/wp\/v2\/media?parent=22920"}],"curies":[{"name":"wp","href":"https:\/\/api.w.org\/{rel}","templated":true}]}}