{"id":30242,"date":"2025-05-26T16:24:25","date_gmt":"2025-05-26T16:24:25","guid":{"rendered":"https:\/\/www.citiestotravel.com\/staedte-ausserhalb-europas\/"},"modified":"2025-05-26T16:40:27","modified_gmt":"2025-05-26T16:40:27","slug":"staedte-ausserhalb-europas","status":"publish","type":"page","link":"https:\/\/www.citiestotravel.com\/de\/staedte-ausserhalb-europas\/","title":{"rendered":"St\u00e4dte au\u00dferhalb Europas"},"content":{"rendered":"\t\t<div data-elementor-type=\"wp-page\" data-elementor-id=\"30242\" class=\"elementor elementor-30242 elementor-30223\" data-elementor-post-type=\"page\">\n\t\t\t\t<div class=\"elementor-element elementor-element-66d04e5 e-flex e-con-boxed e-con e-parent\" data-id=\"66d04e5\" data-element_type=\"container\" data-e-type=\"container\">\n\t\t\t\t\t<div class=\"e-con-inner\">\n\t\t\t\t<div class=\"elementor-element elementor-element-b60b82e elementor-widget elementor-widget-heading\" data-id=\"b60b82e\" data-element_type=\"widget\" data-e-type=\"widget\" data-widget_type=\"heading.default\">\n\t\t\t\t<div class=\"elementor-widget-container\">\n\t\t\t\t\t<h1 class=\"elementor-heading-title elementor-size-default\">Entdecken Sie die beeindruckendsten St\u00e4dte au\u00dferhalb Europas f\u00fcr einen unvergesslichen St\u00e4dtetrip<\/h1>\t\t\t\t<\/div>\n\t\t\t\t<\/div>\n\t\t\t\t<div class=\"elementor-element elementor-element-4366bf4 elementor-widget elementor-widget-text-editor\" data-id=\"4366bf4\" data-element_type=\"widget\" data-e-type=\"widget\" data-widget_type=\"text-editor.default\">\n\t\t\t\t<div class=\"elementor-widget-container\">\n\t\t\t\t\t\t\t\t\t<p>Die Welt hat so viel mehr zu bieten als nur Europa. Von der legend\u00e4ren Skyline New Yorks \u00fcber die futuristische Pracht Dubais bis hin zum sonnigen, entspannten Miami \u2013 St\u00e4dte au\u00dferhalb Europas bieten eine einzigartige Mischung aus Kulturen, Sehensw\u00fcrdigkeiten und Erlebnissen. Egal, ob Sie Wolkenkratzer, K\u00fcchen aus aller Welt, Str\u00e4nde oder ein pulsierendes Nachtleben m\u00f6gen, auf dieser Seite finden Sie Links zu inspirierenden Blogs und praktischen Tipps f\u00fcr St\u00e4dtereisen in die faszinierendsten St\u00e4dte au\u00dferhalb Europas. Lassen Sie sich \u00fcberraschen und entdecken Sie Ihr n\u00e4chstes Traumziel fernab der Heimat!   <\/p>\t\t\t\t\t\t\t\t<\/div>\n\t\t\t\t<\/div>\n\t\t\t\t\t<\/div>\n\t\t\t\t<\/div>\n\t\t<div class=\"elementor-element elementor-element-ba0c2da e-flex e-con-boxed e-con e-parent\" data-id=\"ba0c2da\" data-element_type=\"container\" data-e-type=\"container\">\n\t\t\t\t\t<div class=\"e-con-inner\">\n\t\t<div class=\"elementor-element elementor-element-76abd9d e-con-full e-flex e-con e-child\" data-id=\"76abd9d\" data-element_type=\"container\" data-e-type=\"container\">\n\t\t\t\t<div class=\"elementor-element elementor-element-c8b121a elementor-cta--skin-cover elementor-animated-content elementor-bg-transform elementor-bg-transform-zoom-in elementor-widget elementor-widget-call-to-action\" data-id=\"c8b121a\" data-element_type=\"widget\" data-e-type=\"widget\" data-widget_type=\"call-to-action.default\">\n\t\t\t\t<div class=\"elementor-widget-container\">\n\t\t\t\t\t\t\t<div class=\"elementor-cta\">\n\t\t\t\t\t<div class=\"elementor-cta__bg-wrapper\">\n\t\t\t\t<div class=\"elementor-cta__bg elementor-bg\" style=\"background-image: url(https:\/\/i0.wp.com\/www.citiestotravel.com\/wp-content\/uploads\/2024\/10\/Het-vrijheidsbeeld-bezoeken-scaled.webp?fit=2048%2C1145&#038;ssl=1);\" role=\"img\" aria-label=\"vrijheidsbeeld statue of liberty Freiheitsstatue Stedentrip naar New York City trip to New York St\u00e4dtereise nach New York\"><\/div>\n\t\t\t\t<div class=\"elementor-cta__bg-overlay\"><\/div>\n\t\t\t<\/div>\n\t\t\t\t\t\t\t<div class=\"elementor-cta__content\">\n\t\t\t\t\n\t\t\t\t\n\t\t\t\t\n\t\t\t\t\t\t\t\t\t<div class=\"elementor-cta__button-wrapper elementor-cta__content-item elementor-content-item elementor-animated-item--grow\">\n\t\t\t\t\t<a class=\"elementor-cta__button elementor-button elementor-size-\" href=\"https:\/\/www.citiestotravel.com\/de\/new-york-besichtigen-die-besten-reisetipps-fuer-new-york\/\" target=\"_blank\">\n\t\t\t\t\t\tEntdecken Sie New York\t\t\t\t\t<\/a>\n\t\t\t\t\t<\/div>\n\t\t\t\t\t\t\t<\/div>\n\t\t\t\t\t\t<\/div>\n\t\t\t\t\t\t<\/div>\n\t\t\t\t<\/div>\n\t\t\t\t<\/div>\n\t\t<div class=\"elementor-element elementor-element-4c34110 e-con-full e-flex e-con e-child\" data-id=\"4c34110\" data-element_type=\"container\" data-e-type=\"container\">\n\t\t\t\t<div class=\"elementor-element elementor-element-a2780a8 elementor-cta--skin-cover elementor-animated-content elementor-bg-transform elementor-bg-transform-zoom-in elementor-widget elementor-widget-call-to-action\" data-id=\"a2780a8\" data-element_type=\"widget\" data-e-type=\"widget\" data-widget_type=\"call-to-action.default\">\n\t\t\t\t<div class=\"elementor-widget-container\">\n\t\t\t\t\t\t\t<div class=\"elementor-cta\">\n\t\t\t\t\t<div class=\"elementor-cta__bg-wrapper\">\n\t\t\t\t<div class=\"elementor-cta__bg elementor-bg\" style=\"background-image: url(https:\/\/i0.wp.com\/www.citiestotravel.com\/wp-content\/uploads\/2025\/02\/stedentrip-naar-Dubai-scaled.webp?fit=2048%2C1145&#038;ssl=1);\" role=\"img\" aria-label=\"stedentrip naar Dubai city \u200b\u200btrip to Dubai St\u00e4dtetrip nach Dubai\"><\/div>\n\t\t\t\t<div class=\"elementor-cta__bg-overlay\"><\/div>\n\t\t\t<\/div>\n\t\t\t\t\t\t\t<div class=\"elementor-cta__content\">\n\t\t\t\t\n\t\t\t\t\n\t\t\t\t\n\t\t\t\t\t\t\t\t\t<div class=\"elementor-cta__button-wrapper elementor-cta__content-item elementor-content-item elementor-animated-item--grow\">\n\t\t\t\t\t<a class=\"elementor-cta__button elementor-button elementor-size-\" href=\"https:\/\/www.citiestotravel.com\/de\/stadtereise-dubai\/\" target=\"_blank\">\n\t\t\t\t\t\tDubai entdecken\t\t\t\t\t<\/a>\n\t\t\t\t\t<\/div>\n\t\t\t\t\t\t\t<\/div>\n\t\t\t\t\t\t<\/div>\n\t\t\t\t\t\t<\/div>\n\t\t\t\t<\/div>\n\t\t\t\t<\/div>\n\t\t<div class=\"elementor-element elementor-element-d46849d e-con-full e-flex e-con e-child\" data-id=\"d46849d\" data-element_type=\"container\" data-e-type=\"container\">\n\t\t\t\t<\/div>\n\t\t\t\t\t<\/div>\n\t\t\t\t<\/div>\n\t\t\t\t<\/div>\n\t\t","protected":false},"excerpt":{"rendered":"<p>Entdecken Sie die beeindruckendsten St\u00e4dte au\u00dferhalb Europas f\u00fcr einen unvergesslichen St\u00e4dtetrip Die Welt hat so viel mehr zu bieten als nur Europa. Von der legend\u00e4ren Skyline New Yorks \u00fcber die futuristische Pracht Dubais bis hin zum sonnigen, entspannten Miami \u2013 St\u00e4dte au\u00dferhalb Europas bieten eine einzigartige Mischung aus Kulturen, Sehensw\u00fcrdigkeiten und Erlebnissen. Egal, ob Sie [&hellip;]<\/p>\n","protected":false},"author":1,"featured_media":26291,"parent":0,"menu_order":0,"comment_status":"closed","ping_status":"closed","template":"","meta":{"footnotes":""},"class_list":["post-30242","page","type-page","status-publish","has-post-thumbnail","hentry"],"aioseo_notices":[],"_links":{"self":[{"href":"https:\/\/www.citiestotravel.com\/de\/wp-json\/wp\/v2\/pages\/30242","targetHints":{"allow":["GET"]}}],"collection":[{"href":"https:\/\/www.citiestotravel.com\/de\/wp-json\/wp\/v2\/pages"}],"about":[{"href":"https:\/\/www.citiestotravel.com\/de\/wp-json\/wp\/v2\/types\/page"}],"author":[{"embeddable":true,"href":"https:\/\/www.citiestotravel.com\/de\/wp-json\/wp\/v2\/users\/1"}],"replies":[{"embeddable":true,"href":"https:\/\/www.citiestotravel.com\/de\/wp-json\/wp\/v2\/comments?post=30242"}],"version-history":[{"count":0,"href":"https:\/\/www.citiestotravel.com\/de\/wp-json\/wp\/v2\/pages\/30242\/revisions"}],"wp:featuredmedia":[{"embeddable":true,"href":"https:\/\/www.citiestotravel.com\/de\/wp-json\/wp\/v2\/media\/26291"}],"wp:attachment":[{"href":"https:\/\/www.citiestotravel.com\/de\/wp-json\/wp\/v2\/media?parent=30242"}],"curies":[{"name":"wp","href":"https:\/\/api.w.org\/{rel}","templated":true}]}}