{"id":30276,"date":"2025-05-26T18:06:14","date_gmt":"2025-05-26T18:06:14","guid":{"rendered":"https:\/\/www.citiestotravel.com\/inseln-in-europa\/"},"modified":"2025-05-27T17:12:33","modified_gmt":"2025-05-27T17:12:33","slug":"inseln-in-europa","status":"publish","type":"page","link":"https:\/\/www.citiestotravel.com\/de\/inseln-in-europa\/","title":{"rendered":"Inseln in Europa"},"content":{"rendered":"\t\t<div data-elementor-type=\"wp-page\" data-elementor-id=\"30276\" class=\"elementor elementor-30276 elementor-30263\" data-elementor-post-type=\"page\">\n\t\t\t\t<div class=\"elementor-element elementor-element-e824926 e-flex e-con-boxed e-con e-parent\" data-id=\"e824926\" data-element_type=\"container\" data-e-type=\"container\">\n\t\t\t\t\t<div class=\"e-con-inner\">\n\t\t\t\t<div class=\"elementor-element elementor-element-865f4eb elementor-widget elementor-widget-heading\" data-id=\"865f4eb\" data-element_type=\"widget\" data-e-type=\"widget\" data-widget_type=\"heading.default\">\n\t\t\t\t<div class=\"elementor-widget-container\">\n\t\t\t\t\t<h1 class=\"elementor-heading-title elementor-size-default\">Entdecken Sie die sch\u00f6nsten Inseln Europas<\/h1>\t\t\t\t<\/div>\n\t\t\t\t<\/div>\n\t\t\t\t\t<\/div>\n\t\t\t\t<\/div>\n\t\t<div class=\"elementor-element elementor-element-3d995e1 e-flex e-con-boxed e-con e-parent\" data-id=\"3d995e1\" data-element_type=\"container\" data-e-type=\"container\">\n\t\t\t\t\t<div class=\"e-con-inner\">\n\t\t\t\t<div class=\"elementor-element elementor-element-61a453d elementor-widget elementor-widget-text-editor\" data-id=\"61a453d\" data-element_type=\"widget\" data-e-type=\"widget\" data-widget_type=\"text-editor.default\">\n\t\t\t\t<div class=\"elementor-widget-container\">\n\t\t\t\t\t\t\t\t\t<p>Inseln in Europa bieten eine \u00fcberraschende Mischung aus Sonne, Natur, Kultur und Abenteuer. Ob Sie an den Str\u00e4nden Teneriffas entspannen, den historischen Charme von Rhodos entdecken, die D\u00fcnen Gran Canarias erkunden oder auf Fuerteventura surfen m\u00f6chten, es ist f\u00fcr jeden etwas dabei. Auf dieser Seite finden Sie n\u00fctzliche Links zu unseren umfangreichen Blogs \u00fcber die sch\u00f6nsten Inseln Europas. Wir teilen Tipps, Sehensw\u00fcrdigkeiten, Routen und pers\u00f6nliche Erfahrungen, um Ihren Urlaub noch sch\u00f6ner zu machen. Klicken Sie sich zu Ihrer Lieblingsinsel durch und lassen Sie sich inspirieren.    <\/p>\t\t\t\t\t\t\t\t<\/div>\n\t\t\t\t<\/div>\n\t\t\t\t\t<\/div>\n\t\t\t\t<\/div>\n\t\t<div class=\"elementor-element elementor-element-abe3616 e-flex e-con-boxed e-con e-parent\" data-id=\"abe3616\" data-element_type=\"container\" data-e-type=\"container\">\n\t\t\t\t\t<div class=\"e-con-inner\">\n\t\t<div class=\"elementor-element elementor-element-50b5fbb e-con-full e-flex e-con e-child\" data-id=\"50b5fbb\" data-element_type=\"container\" data-e-type=\"container\">\n\t\t\t\t<div class=\"elementor-element elementor-element-f584519 elementor-cta--skin-cover elementor-animated-content elementor-bg-transform elementor-bg-transform-zoom-in elementor-widget elementor-widget-call-to-action\" data-id=\"f584519\" data-element_type=\"widget\" data-e-type=\"widget\" data-widget_type=\"call-to-action.default\">\n\t\t\t\t<div class=\"elementor-widget-container\">\n\t\t\t\t\t\t\t<div class=\"elementor-cta\">\n\t\t\t\t\t<div class=\"elementor-cta__bg-wrapper\">\n\t\t\t\t<div class=\"elementor-cta__bg elementor-bg\" style=\"background-image: url(https:\/\/i0.wp.com\/www.citiestotravel.com\/wp-content\/uploads\/2025\/05\/Tenerife-Spanien-scaled.webp?fit=2048%2C1145&#038;ssl=1);\" role=\"img\" aria-label=\"Vakantie naar Tenerife Holiday to Tenerife Urlaub auf Teneriffa\"><\/div>\n\t\t\t\t<div class=\"elementor-cta__bg-overlay\"><\/div>\n\t\t\t<\/div>\n\t\t\t\t\t\t\t<div class=\"elementor-cta__content\">\n\t\t\t\t\n\t\t\t\t\n\t\t\t\t\n\t\t\t\t\t\t\t\t\t<div class=\"elementor-cta__button-wrapper elementor-cta__content-item elementor-content-item elementor-animated-item--grow\">\n\t\t\t\t\t<a class=\"elementor-cta__button elementor-button elementor-size-\" href=\"https:\/\/www.citiestotravel.com\/de\/teneriffa-besuchen-tipps-und-informationen\/\" target=\"_blank\">\n\t\t\t\t\t\tEntdecken Sie die Insel Teneriffa\t\t\t\t\t<\/a>\n\t\t\t\t\t<\/div>\n\t\t\t\t\t\t\t<\/div>\n\t\t\t\t\t\t<\/div>\n\t\t\t\t\t\t<\/div>\n\t\t\t\t<\/div>\n\t\t\t\t<\/div>\n\t\t<div class=\"elementor-element elementor-element-6625833 e-con-full e-flex e-con e-child\" data-id=\"6625833\" data-element_type=\"container\" data-e-type=\"container\">\n\t\t\t\t<\/div>\n\t\t<div class=\"elementor-element elementor-element-9bfba95 e-con-full e-flex e-con e-child\" data-id=\"9bfba95\" data-element_type=\"container\" data-e-type=\"container\">\n\t\t\t\t<\/div>\n\t\t\t\t\t<\/div>\n\t\t\t\t<\/div>\n\t\t\t\t<\/div>\n\t\t","protected":false},"excerpt":{"rendered":"<p>Entdecken Sie die sch\u00f6nsten Inseln Europas Inseln in Europa bieten eine \u00fcberraschende Mischung aus Sonne, Natur, Kultur und Abenteuer. Ob Sie an den Str\u00e4nden Teneriffas entspannen, den historischen Charme von Rhodos entdecken, die D\u00fcnen Gran Canarias erkunden oder auf Fuerteventura surfen m\u00f6chten, es ist f\u00fcr jeden etwas dabei. Auf dieser Seite finden Sie n\u00fctzliche Links [&hellip;]<\/p>\n","protected":false},"author":1,"featured_media":30266,"parent":0,"menu_order":0,"comment_status":"closed","ping_status":"closed","template":"","meta":{"footnotes":""},"class_list":["post-30276","page","type-page","status-publish","has-post-thumbnail","hentry"],"aioseo_notices":[],"_links":{"self":[{"href":"https:\/\/www.citiestotravel.com\/de\/wp-json\/wp\/v2\/pages\/30276","targetHints":{"allow":["GET"]}}],"collection":[{"href":"https:\/\/www.citiestotravel.com\/de\/wp-json\/wp\/v2\/pages"}],"about":[{"href":"https:\/\/www.citiestotravel.com\/de\/wp-json\/wp\/v2\/types\/page"}],"author":[{"embeddable":true,"href":"https:\/\/www.citiestotravel.com\/de\/wp-json\/wp\/v2\/users\/1"}],"replies":[{"embeddable":true,"href":"https:\/\/www.citiestotravel.com\/de\/wp-json\/wp\/v2\/comments?post=30276"}],"version-history":[{"count":0,"href":"https:\/\/www.citiestotravel.com\/de\/wp-json\/wp\/v2\/pages\/30276\/revisions"}],"wp:featuredmedia":[{"embeddable":true,"href":"https:\/\/www.citiestotravel.com\/de\/wp-json\/wp\/v2\/media\/30266"}],"wp:attachment":[{"href":"https:\/\/www.citiestotravel.com\/de\/wp-json\/wp\/v2\/media?parent=30276"}],"curies":[{"name":"wp","href":"https:\/\/api.w.org\/{rel}","templated":true}]}}