{"id":35438,"date":"2025-11-15T15:02:49","date_gmt":"2025-11-15T15:02:49","guid":{"rendered":"https:\/\/www.citiestotravel.com\/staedtereise-barcelona-tipps-und-infos\/"},"modified":"2025-11-15T15:13:39","modified_gmt":"2025-11-15T15:13:39","slug":"staedtereise-barcelona-reisefuhrer","status":"publish","type":"page","link":"https:\/\/www.citiestotravel.com\/de\/staedtereise-barcelona-reisefuhrer\/","title":{"rendered":"St\u00e4dtereise Barcelona-Tipps und Infos"},"content":{"rendered":"\t\t<div data-elementor-type=\"wp-page\" data-elementor-id=\"35438\" class=\"elementor elementor-35438 elementor-35395\" data-elementor-post-type=\"page\">\n\t\t\t\t<div class=\"elementor-element elementor-element-9c035f8 e-flex e-con-boxed e-con e-parent\" data-id=\"9c035f8\" data-element_type=\"container\" data-e-type=\"container\">\n\t\t\t\t\t<div class=\"e-con-inner\">\n\t\t\t\t<div class=\"elementor-element elementor-element-a3a2677 elementor-widget elementor-widget-heading\" data-id=\"a3a2677\" data-element_type=\"widget\" data-e-type=\"widget\" data-widget_type=\"heading.default\">\n\t\t\t\t<div class=\"elementor-widget-container\">\n\t\t\t\t\t<h2 class=\"elementor-heading-title elementor-size-default\">Barcelona St\u00e4dtereise Reisef\u00fchrer<\/h2>\t\t\t\t<\/div>\n\t\t\t\t<\/div>\n\t\t\t\t\t<\/div>\n\t\t\t\t<\/div>\n\t\t<div class=\"elementor-element elementor-element-cd076fa e-flex e-con-boxed e-con e-parent\" data-id=\"cd076fa\" data-element_type=\"container\" data-e-type=\"container\">\n\t\t\t\t\t<div class=\"e-con-inner\">\n\t\t\t\t<div class=\"elementor-element elementor-element-32e55d8 elementor-widget elementor-widget-text-editor\" data-id=\"32e55d8\" data-element_type=\"widget\" data-e-type=\"widget\" data-widget_type=\"text-editor.default\">\n\t\t\t\t<div class=\"elementor-widget-container\">\n\t\t\t\t\t\t\t\t\t<p>Eine St\u00e4dtereise nach Barcelona ist der ideale Weg, um diese bunte und sonnige Stadt zu entdecken. Barcelona ist bekannt f\u00fcr seine au\u00dfergew\u00f6hnliche Architektur, die lebhaften Stra\u00dfen und die entspannte mediterrane Atmosph\u00e4re. W\u00e4hrend Ihrer St\u00e4dtereise Barcelona sollten Sie auf keinen Fall einen Besuch der Sagrada Fam\u00edlia, des Park G\u00fcell, der Casa Batll\u00f3 und der lebhaften Ramblas vers\u00e4umen. Das Gotische Viertel, der Strand Barceloneta und der Markt La Boqueria sind ebenfalls sehr zu empfehlen. Die Stadt bietet eine perfekte Mischung aus Kultur, Kunst, Strand und leckerem Essen. Ganz gleich, ob Sie sich entspannen, einkaufen oder Gaud\u00eds Kunstwerke bewundern m\u00f6chten, eine St\u00e4dtereise nach Barcelona hat f\u00fcr jeden etwas Besonderes zu bieten.     <\/p><p>Im Folgenden habe ich einige Blogs mit den besten Tipps f\u00fcr eine St\u00e4dtereise nach Barcelona verfasst, damit Sie Ihre Reise in diese sch\u00f6ne spanische Stadt gut vorbereitet antreten k\u00f6nnen.<\/p>\t\t\t\t\t\t\t\t<\/div>\n\t\t\t\t<\/div>\n\t\t\t\t\t<\/div>\n\t\t\t\t<\/div>\n\t\t<div class=\"elementor-element elementor-element-4fdc70c e-flex e-con-boxed e-con e-parent\" data-id=\"4fdc70c\" data-element_type=\"container\" data-e-type=\"container\">\n\t\t\t\t\t<div class=\"e-con-inner\">\n\t\t<div class=\"elementor-element elementor-element-2199b3c e-con-full e-flex e-con e-child\" data-id=\"2199b3c\" data-element_type=\"container\" data-e-type=\"container\">\n\t\t\t\t<div class=\"elementor-element elementor-element-c2d6ab5 elementor-cta--skin-cover elementor-animated-content elementor-bg-transform elementor-bg-transform-zoom-in elementor-widget elementor-widget-call-to-action\" data-id=\"c2d6ab5\" data-element_type=\"widget\" data-e-type=\"widget\" data-widget_type=\"call-to-action.default\">\n\t\t\t\t<div class=\"elementor-widget-container\">\n\t\t\t\t\t\t\t<div class=\"elementor-cta\">\n\t\t\t\t\t<div class=\"elementor-cta__bg-wrapper\">\n\t\t\t\t<div class=\"elementor-cta__bg elementor-bg\" style=\"background-image: url(https:\/\/i0.wp.com\/www.citiestotravel.com\/wp-content\/uploads\/2024\/10\/Stedentrip-naar-Barcelona-scaled.webp?fit=2048%2C1145&#038;ssl=1);\" role=\"img\" aria-label=\"St\u00e4dtereise nach Barcelona\"><\/div>\n\t\t\t\t<div class=\"elementor-cta__bg-overlay\"><\/div>\n\t\t\t<\/div>\n\t\t\t\t\t\t\t<div class=\"elementor-cta__content\">\n\t\t\t\t\n\t\t\t\t\n\t\t\t\t\n\t\t\t\t\t\t\t\t\t<div class=\"elementor-cta__button-wrapper elementor-cta__content-item elementor-content-item elementor-animated-item--grow\">\n\t\t\t\t\t<a class=\"elementor-cta__button elementor-button elementor-size-\" href=\"https:\/\/www.citiestotravel.com\/de\/staedtereise-nach-barcelona\/\" target=\"_blank\">\n\t\t\t\t\t\tSt\u00e4dtereise Barcelona: Ist Barcelona eine lustige Stadt?\t\t\t\t\t<\/a>\n\t\t\t\t\t<\/div>\n\t\t\t\t\t\t\t<\/div>\n\t\t\t\t\t\t<\/div>\n\t\t\t\t\t\t<\/div>\n\t\t\t\t<\/div>\n\t\t\t\t<\/div>\n\t\t<div class=\"elementor-element elementor-element-f292322 e-con-full e-flex e-con e-child\" data-id=\"f292322\" data-element_type=\"container\" data-e-type=\"container\">\n\t\t\t\t<div class=\"elementor-element elementor-element-034ada6 elementor-cta--skin-cover elementor-animated-content elementor-bg-transform elementor-bg-transform-zoom-in elementor-widget elementor-widget-call-to-action\" data-id=\"034ada6\" data-element_type=\"widget\" data-e-type=\"widget\" data-widget_type=\"call-to-action.default\">\n\t\t\t\t<div class=\"elementor-widget-container\">\n\t\t\t\t\t\t\t<div class=\"elementor-cta\">\n\t\t\t\t\t<div class=\"elementor-cta__bg-wrapper\">\n\t\t\t\t<div class=\"elementor-cta__bg elementor-bg\" style=\"background-image: url(https:\/\/i0.wp.com\/www.citiestotravel.com\/wp-content\/uploads\/2024\/10\/bezienswaardigheden-in-Barcelona-scaled.webp?fit=2048%2C1145&#038;ssl=1);\" role=\"img\" aria-label=\"Sehensw\u00fcrdigkeiten in Barcelona Sehensw\u00fcrdigkeiten in Barcelona Sehensw\u00fcrdigkeiten in Barcelona\"><\/div>\n\t\t\t\t<div class=\"elementor-cta__bg-overlay\"><\/div>\n\t\t\t<\/div>\n\t\t\t\t\t\t\t<div class=\"elementor-cta__content\">\n\t\t\t\t\n\t\t\t\t\n\t\t\t\t\n\t\t\t\t\t\t\t\t\t<div class=\"elementor-cta__button-wrapper elementor-cta__content-item elementor-content-item elementor-animated-item--grow\">\n\t\t\t\t\t<a class=\"elementor-cta__button elementor-button elementor-size-\" href=\"https:\/\/www.citiestotravel.com\/de\/sagrada-familia-in-barcelona-besuchen\/\" target=\"_blank\">\n\t\t\t\t\t\tSehensw\u00fcrdigkeiten in Barcelona: Was sollten Sie sehen?\t\t\t\t\t<\/a>\n\t\t\t\t\t<\/div>\n\t\t\t\t\t\t\t<\/div>\n\t\t\t\t\t\t<\/div>\n\t\t\t\t\t\t<\/div>\n\t\t\t\t<\/div>\n\t\t\t\t<\/div>\n\t\t<div class=\"elementor-element elementor-element-3260e18 e-con-full e-flex e-con e-child\" data-id=\"3260e18\" data-element_type=\"container\" data-e-type=\"container\">\n\t\t\t\t<div class=\"elementor-element elementor-element-9f818b5 elementor-cta--skin-cover elementor-animated-content elementor-bg-transform elementor-bg-transform-zoom-in elementor-widget elementor-widget-call-to-action\" data-id=\"9f818b5\" data-element_type=\"widget\" data-e-type=\"widget\" data-widget_type=\"call-to-action.default\">\n\t\t\t\t<div class=\"elementor-widget-container\">\n\t\t\t\t\t\t\t<div class=\"elementor-cta\">\n\t\t\t\t\t<div class=\"elementor-cta__bg-wrapper\">\n\t\t\t\t<div class=\"elementor-cta__bg elementor-bg\" style=\"background-image: url(https:\/\/i0.wp.com\/www.citiestotravel.com\/wp-content\/uploads\/2025\/05\/Goedkope-hotels-in-Barcelona-scaled.webp?fit=2048%2C1145&#038;ssl=1);\" role=\"img\" aria-label=\"G\u00fcnstige Hotels in Barcelona\"><\/div>\n\t\t\t\t<div class=\"elementor-cta__bg-overlay\"><\/div>\n\t\t\t<\/div>\n\t\t\t\t\t\t\t<div class=\"elementor-cta__content\">\n\t\t\t\t\n\t\t\t\t\n\t\t\t\t\n\t\t\t\t\t\t\t\t\t<div class=\"elementor-cta__button-wrapper elementor-cta__content-item elementor-content-item elementor-animated-item--grow\">\n\t\t\t\t\t<a class=\"elementor-cta__button elementor-button elementor-size-\" href=\"https:\/\/www.citiestotravel.com\/de\/gunstige-hotels-in-barcelona\/\" target=\"_blank\">\n\t\t\t\t\t\tG\u00fcnstige Hotels in Barcelona\t\t\t\t\t<\/a>\n\t\t\t\t\t<\/div>\n\t\t\t\t\t\t\t<\/div>\n\t\t\t\t\t\t<\/div>\n\t\t\t\t\t\t<\/div>\n\t\t\t\t<\/div>\n\t\t\t\t<\/div>\n\t\t\t\t\t<\/div>\n\t\t\t\t<\/div>\n\t\t<div class=\"elementor-element elementor-element-980d4fa e-flex e-con-boxed e-con e-parent\" data-id=\"980d4fa\" data-element_type=\"container\" data-e-type=\"container\">\n\t\t\t\t\t<div class=\"e-con-inner\">\n\t\t<div class=\"elementor-element elementor-element-ed5de19 e-con-full e-flex e-con e-child\" data-id=\"ed5de19\" data-element_type=\"container\" data-e-type=\"container\">\n\t\t\t\t<div class=\"elementor-element elementor-element-5f16b25 elementor-cta--skin-cover elementor-animated-content elementor-bg-transform elementor-bg-transform-zoom-in elementor-widget elementor-widget-call-to-action\" data-id=\"5f16b25\" data-element_type=\"widget\" data-e-type=\"widget\" data-widget_type=\"call-to-action.default\">\n\t\t\t\t<div class=\"elementor-widget-container\">\n\t\t\t\t\t\t\t<div class=\"elementor-cta\">\n\t\t\t\t\t<div class=\"elementor-cta__bg-wrapper\">\n\t\t\t\t<div class=\"elementor-cta__bg elementor-bg\" style=\"background-image: url(https:\/\/i0.wp.com\/www.citiestotravel.com\/wp-content\/uploads\/2025\/05\/Auto-huren-in-Barcelona-spanje-scaled.webp?fit=2048%2C1145&#038;ssl=1);\" role=\"img\" aria-label=\"Auto mieten in Barcelona\"><\/div>\n\t\t\t\t<div class=\"elementor-cta__bg-overlay\"><\/div>\n\t\t\t<\/div>\n\t\t\t\t\t\t\t<div class=\"elementor-cta__content\">\n\t\t\t\t\n\t\t\t\t\n\t\t\t\t\n\t\t\t\t\t\t\t\t\t<div class=\"elementor-cta__button-wrapper elementor-cta__content-item elementor-content-item elementor-animated-item--grow\">\n\t\t\t\t\t<a class=\"elementor-cta__button elementor-button elementor-size-\" href=\"https:\/\/www.citiestotravel.com\/de\/auto-mieten-in-barcelona-tipps-und-informationen\/\" target=\"_blank\">\n\t\t\t\t\t\tAuto mieten in Barcelona: Tipps und Informationen\t\t\t\t\t<\/a>\n\t\t\t\t\t<\/div>\n\t\t\t\t\t\t\t<\/div>\n\t\t\t\t\t\t<\/div>\n\t\t\t\t\t\t<\/div>\n\t\t\t\t<\/div>\n\t\t\t\t<\/div>\n\t\t<div class=\"elementor-element elementor-element-0d7254e e-con-full e-flex e-con e-child\" data-id=\"0d7254e\" data-element_type=\"container\" data-e-type=\"container\">\n\t\t\t\t<div class=\"elementor-element elementor-element-87f9401 elementor-cta--skin-cover elementor-animated-content elementor-bg-transform elementor-bg-transform-zoom-in elementor-widget elementor-widget-call-to-action\" data-id=\"87f9401\" data-element_type=\"widget\" data-e-type=\"widget\" data-widget_type=\"call-to-action.default\">\n\t\t\t\t<div class=\"elementor-widget-container\">\n\t\t\t\t\t\t\t<div class=\"elementor-cta\">\n\t\t\t\t\t<div class=\"elementor-cta__bg-wrapper\">\n\t\t\t\t<div class=\"elementor-cta__bg elementor-bg\" style=\"background-image: url(https:\/\/i0.wp.com\/www.citiestotravel.com\/wp-content\/uploads\/2025\/03\/vliegveld-Barcelona-scaled.webp?fit=2048%2C1145&#038;ssl=1);\" role=\"img\" aria-label=\"Flughafen Barcelona\"><\/div>\n\t\t\t\t<div class=\"elementor-cta__bg-overlay\"><\/div>\n\t\t\t<\/div>\n\t\t\t\t\t\t\t<div class=\"elementor-cta__content\">\n\t\t\t\t\n\t\t\t\t\n\t\t\t\t\n\t\t\t\t\t\t\t\t\t<div class=\"elementor-cta__button-wrapper elementor-cta__content-item elementor-content-item elementor-animated-item--grow\">\n\t\t\t\t\t<a class=\"elementor-cta__button elementor-button elementor-size-\" href=\"https:\/\/www.citiestotravel.com\/de\/wie-kommt-man-vom-flughafen-barcelona-ins-stadtzentrum\/\" target=\"_blank\">\n\t\t\t\t\t\tvom Flughafen Barcelona ins Stadtzentrum?\t\t\t\t\t<\/a>\n\t\t\t\t\t<\/div>\n\t\t\t\t\t\t\t<\/div>\n\t\t\t\t\t\t<\/div>\n\t\t\t\t\t\t<\/div>\n\t\t\t\t<\/div>\n\t\t\t\t<\/div>\n\t\t<div class=\"elementor-element elementor-element-7620af0 e-con-full e-flex e-con e-child\" data-id=\"7620af0\" data-element_type=\"container\" data-e-type=\"container\">\n\t\t\t\t<div class=\"elementor-element elementor-element-fa4aec6 elementor-cta--skin-cover elementor-animated-content elementor-bg-transform elementor-bg-transform-zoom-in elementor-widget elementor-widget-call-to-action\" data-id=\"fa4aec6\" data-element_type=\"widget\" data-e-type=\"widget\" data-widget_type=\"call-to-action.default\">\n\t\t\t\t<div class=\"elementor-widget-container\">\n\t\t\t\t\t\t\t<div class=\"elementor-cta\">\n\t\t\t\t\t<div class=\"elementor-cta__bg-wrapper\">\n\t\t\t\t<div class=\"elementor-cta__bg elementor-bg\" style=\"background-image: url(https:\/\/i0.wp.com\/www.citiestotravel.com\/wp-content\/uploads\/2025\/03\/Hola-Barcelona-Travel-Card-barcelona-scaled.webp?fit=2048%2C1145&#038;ssl=1);\" role=\"img\" aria-label=\"Hola Barcelona Reisekarte\"><\/div>\n\t\t\t\t<div class=\"elementor-cta__bg-overlay\"><\/div>\n\t\t\t<\/div>\n\t\t\t\t\t\t\t<div class=\"elementor-cta__content\">\n\t\t\t\t\n\t\t\t\t\n\t\t\t\t\n\t\t\t\t\t\t\t\t\t<div class=\"elementor-cta__button-wrapper elementor-cta__content-item elementor-content-item elementor-animated-item--grow\">\n\t\t\t\t\t<a class=\"elementor-cta__button elementor-button elementor-size-\" href=\"https:\/\/www.citiestotravel.com\/de\/lohnt-sich-die-hola-barcelona-travel-card\/\" target=\"_blank\">\n\t\t\t\t\t\tLohnt sich die Hola Barcelona Travel Card?\t\t\t\t\t<\/a>\n\t\t\t\t\t<\/div>\n\t\t\t\t\t\t\t<\/div>\n\t\t\t\t\t\t<\/div>\n\t\t\t\t\t\t<\/div>\n\t\t\t\t<\/div>\n\t\t\t\t<\/div>\n\t\t\t\t\t<\/div>\n\t\t\t\t<\/div>\n\t\t<div class=\"elementor-element elementor-element-af1ff8c e-flex e-con-boxed e-con e-parent\" data-id=\"af1ff8c\" data-element_type=\"container\" data-e-type=\"container\">\n\t\t\t\t\t<div class=\"e-con-inner\">\n\t\t<div class=\"elementor-element elementor-element-cc9a018 e-con-full e-flex e-con e-child\" data-id=\"cc9a018\" data-element_type=\"container\" data-e-type=\"container\">\n\t\t\t\t<div class=\"elementor-element elementor-element-0dc312d elementor-cta--skin-cover elementor-animated-content elementor-bg-transform elementor-bg-transform-zoom-in elementor-widget elementor-widget-call-to-action\" data-id=\"0dc312d\" data-element_type=\"widget\" data-e-type=\"widget\" data-widget_type=\"call-to-action.default\">\n\t\t\t\t<div class=\"elementor-widget-container\">\n\t\t\t\t\t\t\t<div class=\"elementor-cta\">\n\t\t\t\t\t<div class=\"elementor-cta__bg-wrapper\">\n\t\t\t\t<div class=\"elementor-cta__bg elementor-bg\" style=\"background-image: url(https:\/\/i0.wp.com\/www.citiestotravel.com\/wp-content\/uploads\/2025\/03\/metro-in-barcelona-spanje-scaled.webp?fit=2048%2C1145&#038;ssl=1);\" role=\"img\" aria-label=\"U-Bahn in Barcelona\"><\/div>\n\t\t\t\t<div class=\"elementor-cta__bg-overlay\"><\/div>\n\t\t\t<\/div>\n\t\t\t\t\t\t\t<div class=\"elementor-cta__content\">\n\t\t\t\t\n\t\t\t\t\n\t\t\t\t\n\t\t\t\t\t\t\t\t\t<div class=\"elementor-cta__button-wrapper elementor-cta__content-item elementor-content-item elementor-animated-item--grow\">\n\t\t\t\t\t<a class=\"elementor-cta__button elementor-button elementor-size-\" href=\"https:\/\/www.citiestotravel.com\/de\/wie-fahren-sie-mit-der-u-bahn-in-barcelona\/\" target=\"_blank\">\n\t\t\t\t\t\tWie fahren Sie mit der U-Bahn in Barcelona?\t\t\t\t\t<\/a>\n\t\t\t\t\t<\/div>\n\t\t\t\t\t\t\t<\/div>\n\t\t\t\t\t\t<\/div>\n\t\t\t\t\t\t<\/div>\n\t\t\t\t<\/div>\n\t\t\t\t<\/div>\n\t\t<div class=\"elementor-element elementor-element-b67058e e-con-full e-flex e-con e-child\" data-id=\"b67058e\" data-element_type=\"container\" data-e-type=\"container\">\n\t\t\t\t<div class=\"elementor-element elementor-element-b12a5c1 elementor-cta--skin-cover elementor-animated-content elementor-bg-transform elementor-bg-transform-zoom-in elementor-widget elementor-widget-call-to-action\" data-id=\"b12a5c1\" data-element_type=\"widget\" data-e-type=\"widget\" data-widget_type=\"call-to-action.default\">\n\t\t\t\t<div class=\"elementor-widget-container\">\n\t\t\t\t\t\t\t<div class=\"elementor-cta\">\n\t\t\t\t\t<div class=\"elementor-cta__bg-wrapper\">\n\t\t\t\t<div class=\"elementor-cta__bg elementor-bg\" style=\"background-image: url(https:\/\/i0.wp.com\/www.citiestotravel.com\/wp-content\/uploads\/2025\/03\/Hop-on-hop-off-bus-in-Barcelona-scaled.webp?fit=2048%2C1145&#038;ssl=1);\" role=\"img\" aria-label=\"Hop-on Hop-off bus in Barcelona\"><\/div>\n\t\t\t\t<div class=\"elementor-cta__bg-overlay\"><\/div>\n\t\t\t<\/div>\n\t\t\t\t\t\t\t<div class=\"elementor-cta__content\">\n\t\t\t\t\n\t\t\t\t\n\t\t\t\t\n\t\t\t\t\t\t\t\t\t<div class=\"elementor-cta__button-wrapper elementor-cta__content-item elementor-content-item elementor-animated-item--grow\">\n\t\t\t\t\t<a class=\"elementor-cta__button elementor-button elementor-size-\" href=\"https:\/\/www.citiestotravel.com\/de\/wie-funktioniert-der-hop-on-hop-off-bus-in-barcelona\/\" target=\"_blank\">\n\t\t\t\t\t\tWie funktioniert der Hop-on-Hop-off-Bus in Barcelona?\t\t\t\t\t<\/a>\n\t\t\t\t\t<\/div>\n\t\t\t\t\t\t\t<\/div>\n\t\t\t\t\t\t<\/div>\n\t\t\t\t\t\t<\/div>\n\t\t\t\t<\/div>\n\t\t\t\t<\/div>\n\t\t<div class=\"elementor-element elementor-element-5b2572b e-con-full e-flex e-con e-child\" data-id=\"5b2572b\" data-element_type=\"container\" data-e-type=\"container\">\n\t\t\t\t<div class=\"elementor-element elementor-element-825de4d elementor-cta--skin-cover elementor-animated-content elementor-bg-transform elementor-bg-transform-zoom-in elementor-widget elementor-widget-call-to-action\" data-id=\"825de4d\" data-element_type=\"widget\" data-e-type=\"widget\" data-widget_type=\"call-to-action.default\">\n\t\t\t\t<div class=\"elementor-widget-container\">\n\t\t\t\t\t\t\t<div class=\"elementor-cta\">\n\t\t\t\t\t<div class=\"elementor-cta__bg-wrapper\">\n\t\t\t\t<div class=\"elementor-cta__bg elementor-bg\" style=\"background-image: url(https:\/\/i0.wp.com\/www.citiestotravel.com\/wp-content\/uploads\/2024\/10\/Winkelen-in-Barcelona-scaled.webp?fit=2048%2C1145&#038;ssl=1);\" role=\"img\" aria-label=\"Einkaufen in Barcelona\"><\/div>\n\t\t\t\t<div class=\"elementor-cta__bg-overlay\"><\/div>\n\t\t\t<\/div>\n\t\t\t\t\t\t\t<div class=\"elementor-cta__content\">\n\t\t\t\t\n\t\t\t\t\n\t\t\t\t\n\t\t\t\t\t\t\t\t\t<div class=\"elementor-cta__button-wrapper elementor-cta__content-item elementor-content-item elementor-animated-item--grow\">\n\t\t\t\t\t<a class=\"elementor-cta__button elementor-button elementor-size-\" href=\"https:\/\/www.citiestotravel.com\/de\/einkaufen-in-barcelona\/\" target=\"_blank\">\n\t\t\t\t\t\tEinkaufen in Barcelona: Die besten Einkaufsstra\u00dfen\t\t\t\t\t<\/a>\n\t\t\t\t\t<\/div>\n\t\t\t\t\t\t\t<\/div>\n\t\t\t\t\t\t<\/div>\n\t\t\t\t\t\t<\/div>\n\t\t\t\t<\/div>\n\t\t\t\t<\/div>\n\t\t\t\t\t<\/div>\n\t\t\t\t<\/div>\n\t\t<div class=\"elementor-element elementor-element-915126d e-flex e-con-boxed e-con e-parent\" data-id=\"915126d\" data-element_type=\"container\" data-e-type=\"container\">\n\t\t\t\t\t<div class=\"e-con-inner\">\n\t\t\t\t<div class=\"elementor-element elementor-element-b992ae0 elementor-widget elementor-widget-author-box\" data-id=\"b992ae0\" data-element_type=\"widget\" data-e-type=\"widget\" data-widget_type=\"author-box.default\">\n\t\t\t\t<div class=\"elementor-widget-container\">\n\t\t\t\t\t\t\t<div class=\"elementor-author-box\">\n\t\t\t\t\t\t\t<div  class=\"elementor-author-box__avatar\">\n\t\t\t\t\t<img decoding=\"async\" src=\"https:\/\/i0.wp.com\/www.citiestotravel.com\/wp-content\/uploads\/2025\/10\/Cities-to-travel-Edward.webp?fit=289%2C300&#038;ssl=1\" alt=\"Bild von Edward\" loading=\"lazy\">\n\t\t\t\t<\/div>\n\t\t\t\n\t\t\t<div class=\"elementor-author-box__text\">\n\t\t\t\t\t\t\t\t\t<div >\n\t\t\t\t\t\t<h4 class=\"elementor-author-box__name\">\n\t\t\t\t\t\t\tEdward\t\t\t\t\t\t<\/h4>\n\t\t\t\t\t<\/div>\n\t\t\t\t\n\t\t\t\t\t\t\t\t\t<div class=\"elementor-author-box__bio\">\n\t\t\t\t\t\t<p>Hallo, ich bin Edward, verr\u00fcckt nach St\u00e4dtereisen und allem, was diese Reisen so besonders macht. Auf Cities To travel teile ich meine besten Tipps und Empfehlungen f\u00fcr Ihren n\u00e4chsten St\u00e4dtetrip! <\/p>\n\t\t\t\t\t<\/div>\n\t\t\t\t\n\t\t\t\t\t\t\t\t\t<a class=\"elementor-author-box__button elementor-button elementor-size-xs\" href=\"https:\/\/www.citiestotravel.com\/de\/ueber-uns\/\">\n\t\t\t\t\t\tMehr \u00fcber mich\t\t\t\t\t<\/a>\n\t\t\t\t\t\t\t<\/div>\n\t\t<\/div>\n\t\t\t\t\t\t<\/div>\n\t\t\t\t<\/div>\n\t\t\t\t\t<\/div>\n\t\t\t\t<\/div>\n\t\t\t\t<\/div>\n\t\t","protected":false},"excerpt":{"rendered":"<p>Barcelona St\u00e4dtereise Reisef\u00fchrer Eine St\u00e4dtereise nach Barcelona ist der ideale Weg, um diese bunte und sonnige Stadt zu entdecken. Barcelona ist bekannt f\u00fcr seine au\u00dfergew\u00f6hnliche Architektur, die lebhaften Stra\u00dfen und die entspannte mediterrane Atmosph\u00e4re. W\u00e4hrend Ihrer St\u00e4dtereise Barcelona sollten Sie auf keinen Fall einen Besuch der Sagrada Fam\u00edlia, des Park G\u00fcell, der Casa Batll\u00f3 und [&hellip;]<\/p>\n","protected":false},"author":1,"featured_media":0,"parent":0,"menu_order":0,"comment_status":"closed","ping_status":"closed","template":"","meta":{"footnotes":""},"class_list":["post-35438","page","type-page","status-publish","hentry"],"aioseo_notices":[],"_links":{"self":[{"href":"https:\/\/www.citiestotravel.com\/de\/wp-json\/wp\/v2\/pages\/35438","targetHints":{"allow":["GET"]}}],"collection":[{"href":"https:\/\/www.citiestotravel.com\/de\/wp-json\/wp\/v2\/pages"}],"about":[{"href":"https:\/\/www.citiestotravel.com\/de\/wp-json\/wp\/v2\/types\/page"}],"author":[{"embeddable":true,"href":"https:\/\/www.citiestotravel.com\/de\/wp-json\/wp\/v2\/users\/1"}],"replies":[{"embeddable":true,"href":"https:\/\/www.citiestotravel.com\/de\/wp-json\/wp\/v2\/comments?post=35438"}],"version-history":[{"count":0,"href":"https:\/\/www.citiestotravel.com\/de\/wp-json\/wp\/v2\/pages\/35438\/revisions"}],"wp:attachment":[{"href":"https:\/\/www.citiestotravel.com\/de\/wp-json\/wp\/v2\/media?parent=35438"}],"curies":[{"name":"wp","href":"https:\/\/api.w.org\/{rel}","templated":true}]}}