{"id":39618,"date":"2026-02-16T21:16:50","date_gmt":"2026-02-16T21:16:50","guid":{"rendered":"https:\/\/www.citiestotravel.com\/die-stadt-bergen-in-norwegen-besuchen-tipps-und-info\/"},"modified":"2026-02-23T19:55:53","modified_gmt":"2026-02-23T19:55:53","slug":"die-stadt-bergen-in-norwegen-besuchen","status":"publish","type":"page","link":"https:\/\/www.citiestotravel.com\/de\/die-stadt-bergen-in-norwegen-besuchen\/","title":{"rendered":"Die Stadt Bergen in Norwegen besuchen: Tipps und Info"},"content":{"rendered":"\t\t<div data-elementor-type=\"wp-page\" data-elementor-id=\"39618\" class=\"elementor elementor-39618 elementor-39549\" data-elementor-post-type=\"page\">\n\t\t\t\t<div class=\"elementor-element elementor-element-4d0fc87 e-flex e-con-boxed e-con e-parent\" data-id=\"4d0fc87\" data-element_type=\"container\" data-e-type=\"container\">\n\t\t\t\t\t<div class=\"e-con-inner\">\n\t\t\t\t<div class=\"elementor-element elementor-element-18bcc2b elementor-widget elementor-widget-heading\" data-id=\"18bcc2b\" data-element_type=\"widget\" data-e-type=\"widget\" data-widget_type=\"heading.default\">\n\t\t\t\t<div class=\"elementor-widget-container\">\n\t\t\t\t\t<h1 class=\"elementor-heading-title elementor-size-default\">Die Stadt Bergen in Norwegen besuchen: Tipps und Informationen<\/h1>\t\t\t\t<\/div>\n\t\t\t\t<\/div>\n\t\t\t\t\t<\/div>\n\t\t\t\t<\/div>\n\t\t<div class=\"elementor-element elementor-element-ee3a407 e-flex e-con-boxed e-con e-parent\" data-id=\"ee3a407\" data-element_type=\"container\" data-e-type=\"container\">\n\t\t\t\t\t<div class=\"e-con-inner\">\n\t\t\t\t<div class=\"elementor-element elementor-element-56bb3a7 elementor-widget elementor-widget-text-editor\" data-id=\"56bb3a7\" data-element_type=\"widget\" data-e-type=\"widget\" data-widget_type=\"text-editor.default\">\n\t\t\t\t<div class=\"elementor-widget-container\">\n\t\t\t\t\t\t\t\t\t<p data-start=\"0\" data-end=\"429\">Bergen ist nach Oslo die gr\u00f6\u00dfte Stadt Norwegens und bekannt als das \u201eTor zu den Fjorden\u201c. Die Stadt liegt am Meer und ist von Bergen umgeben, sodass du eine St\u00e4dtereise perfekt mit beeindruckender Natur wie Fjorden, Wasserf\u00e4llen und Berglandschaften kombinieren kannst. Bergen hat den Charme eines kleinen Fischerdorfes, bietet gleichzeitig aber genug Sehensw\u00fcrdigkeiten, Museen und gem\u00fctliche Viertel, um mehrere Tage zu f\u00fcllen.<\/p><p data-start=\"431\" data-end=\"741\">In den vergangenen f\u00fcnf Jahren war ich mehrmals in Bergen, und pers\u00f6nlich finde ich eine St\u00e4dtereise nach Bergen eine der besonderssten St\u00e4dtereisen, die ich in den letzten Jahren gemacht habe. Gerade die Kombination aus Stadt und Natur macht Bergen f\u00fcr mich zu einem einzigartigen Reiseziel innerhalb Europas.<\/p><p data-start=\"743\" data-end=\"1092\">Durch die Beliebtheit von Highlights wie Bryggen, der Fl\u00f8ibanen und den nahegelegenen Fjorden zieht Bergen jedes Jahr Millionen von Besuchern an. Besonders im Fr\u00fchling und Sommer ist es in der Stadt voller, w\u00e4hrend es im Herbst und Winter ruhiger ist. Der Zeitpunkt deines Besuchs spielt daher eine wichtige Rolle bei der Planung deiner St\u00e4dtereise.<\/p><p data-start=\"1094\" data-end=\"1317\" data-is-last-node=\"\" data-is-only-node=\"\">Auf dieser Seite findest du eine \u00dcbersicht der wichtigsten Sehensw\u00fcrdigkeiten, praktische Tipps und m\u00f6gliche Ausfl\u00fcge in und um Bergen. So kannst du selbst entscheiden, was am besten zu deiner St\u00e4dtereise nach Bergen passt.<\/p>\t\t\t\t\t\t\t\t<\/div>\n\t\t\t\t<\/div>\n\t\t\t\t\t<\/div>\n\t\t\t\t<\/div>\n\t\t<div class=\"elementor-element elementor-element-a7182dc e-flex e-con-boxed e-con e-parent\" data-id=\"a7182dc\" data-element_type=\"container\" data-e-type=\"container\">\n\t\t\t\t\t<div class=\"e-con-inner\">\n\t\t<div class=\"elementor-element elementor-element-59a69b2 e-con-full e-flex e-con e-child\" data-id=\"59a69b2\" data-element_type=\"container\" data-e-type=\"container\">\n\t\t\t\t<div class=\"elementor-element elementor-element-683fb97 elementor-cta--skin-classic elementor-animated-content elementor-bg-transform elementor-bg-transform-zoom-in elementor-widget elementor-widget-call-to-action\" data-id=\"683fb97\" data-element_type=\"widget\" data-e-type=\"widget\" data-widget_type=\"call-to-action.default\">\n\t\t\t\t<div class=\"elementor-widget-container\">\n\t\t\t\t\t\t\t<div class=\"elementor-cta\">\n\t\t\t\t\t<div class=\"elementor-cta__bg-wrapper\">\n\t\t\t\t<div class=\"elementor-cta__bg elementor-bg\" style=\"background-image: url(https:\/\/i0.wp.com\/www.citiestotravel.com\/wp-content\/uploads\/2026\/02\/De-stad-Berden-in-Noorwegen-scaled.webp?fit=1024%2C572&#038;ssl=1);\" role=\"img\" aria-label=\"Die Stadt Bergen in Norwegen\"><\/div>\n\t\t\t\t<div class=\"elementor-cta__bg-overlay\"><\/div>\n\t\t\t<\/div>\n\t\t\t\t\t\t\t<div class=\"elementor-cta__content\">\n\t\t\t\t\n\t\t\t\t\t\t\t\t\t<div class=\"elementor-cta__title elementor-cta__content-item elementor-content-item\">\n\t\t\t\t\t\tSt\u00e4dtereise nach Bergen in Norwegen: Tipps und Informationen\t\t\t\t\t<\/div>\n\t\t\t\t\n\t\t\t\t\n\t\t\t\t\t\t\t\t\t<div class=\"elementor-cta__button-wrapper elementor-cta__content-item elementor-content-item \">\n\t\t\t\t\t<a class=\"elementor-cta__button elementor-button elementor-size-\" href=\"https:\/\/www.citiestotravel.com\/de\/staedtereise-nach-bergen-in-norwegen\/\" target=\"_blank\">\n\t\t\t\t\t\tLies mehr \u00fcber eine St\u00e4dtereise nach Bergen\t\t\t\t\t<\/a>\n\t\t\t\t\t<\/div>\n\t\t\t\t\t\t\t<\/div>\n\t\t\t\t\t\t<\/div>\n\t\t\t\t\t\t<\/div>\n\t\t\t\t<\/div>\n\t\t\t\t<\/div>\n\t\t<div class=\"elementor-element elementor-element-4c62b52 e-con-full e-flex e-con e-child\" data-id=\"4c62b52\" data-element_type=\"container\" data-e-type=\"container\">\n\t\t\t\t<div class=\"elementor-element elementor-element-070108e elementor-cta--skin-classic elementor-animated-content elementor-bg-transform elementor-bg-transform-zoom-in elementor-widget elementor-widget-call-to-action\" data-id=\"070108e\" data-element_type=\"widget\" data-e-type=\"widget\" data-widget_type=\"call-to-action.default\">\n\t\t\t\t<div class=\"elementor-widget-container\">\n\t\t\t\t\t\t\t<div class=\"elementor-cta\">\n\t\t\t\t\t<div class=\"elementor-cta__bg-wrapper\">\n\t\t\t\t<div class=\"elementor-cta__bg elementor-bg\" style=\"background-image: url(https:\/\/i0.wp.com\/www.citiestotravel.com\/wp-content\/uploads\/2026\/02\/Bezienswaardigheden-in-Bergen-Mount-Ulriken-scaled.webp?fit=1024%2C572&#038;ssl=1);\" role=\"img\" aria-label=\"Sehensw\u00fcrdigkeiten in Bergen \u2013 Mount Ulriken\"><\/div>\n\t\t\t\t<div class=\"elementor-cta__bg-overlay\"><\/div>\n\t\t\t<\/div>\n\t\t\t\t\t\t\t<div class=\"elementor-cta__content\">\n\t\t\t\t\n\t\t\t\t\t\t\t\t\t<div class=\"elementor-cta__title elementor-cta__content-item elementor-content-item\">\n\t\t\t\t\t\tSehensw\u00fcrdigkeiten in Bergen: \u00dcbersicht und Tipps\t\t\t\t\t<\/div>\n\t\t\t\t\n\t\t\t\t\n\t\t\t\t\t\t\t\t\t<div class=\"elementor-cta__button-wrapper elementor-cta__content-item elementor-content-item \">\n\t\t\t\t\t<a class=\"elementor-cta__button elementor-button elementor-size-\" href=\"https:\/\/www.citiestotravel.com\/de\/sehenswuerdigkeiten-in-bergen-norwegen\/\" target=\"_blank\">\n\t\t\t\t\t\tMehr \u00fcber die Sehensw\u00fcrdigkeiten in Bergen lesen\t\t\t\t\t<\/a>\n\t\t\t\t\t<\/div>\n\t\t\t\t\t\t\t<\/div>\n\t\t\t\t\t\t<\/div>\n\t\t\t\t\t\t<\/div>\n\t\t\t\t<\/div>\n\t\t\t\t<\/div>\n\t\t<div class=\"elementor-element elementor-element-9fa1293 e-con-full e-flex e-con e-child\" data-id=\"9fa1293\" data-element_type=\"container\" data-e-type=\"container\">\n\t\t\t\t<\/div>\n\t\t\t\t\t<\/div>\n\t\t\t\t<\/div>\n\t\t\t\t<\/div>\n\t\t","protected":false},"excerpt":{"rendered":"<p>Die Stadt Bergen in Norwegen besuchen: Tipps und Informationen Bergen ist nach Oslo die gr\u00f6\u00dfte Stadt Norwegens und bekannt als das \u201eTor zu den Fjorden\u201c. Die Stadt liegt am Meer und ist von Bergen umgeben, sodass du eine St\u00e4dtereise perfekt mit beeindruckender Natur wie Fjorden, Wasserf\u00e4llen und Berglandschaften kombinieren kannst. Bergen hat den Charme eines [&hellip;]<\/p>\n","protected":false},"author":1,"featured_media":0,"parent":0,"menu_order":0,"comment_status":"closed","ping_status":"closed","template":"","meta":{"footnotes":""},"class_list":["post-39618","page","type-page","status-publish","hentry"],"aioseo_notices":[],"_links":{"self":[{"href":"https:\/\/www.citiestotravel.com\/de\/wp-json\/wp\/v2\/pages\/39618","targetHints":{"allow":["GET"]}}],"collection":[{"href":"https:\/\/www.citiestotravel.com\/de\/wp-json\/wp\/v2\/pages"}],"about":[{"href":"https:\/\/www.citiestotravel.com\/de\/wp-json\/wp\/v2\/types\/page"}],"author":[{"embeddable":true,"href":"https:\/\/www.citiestotravel.com\/de\/wp-json\/wp\/v2\/users\/1"}],"replies":[{"embeddable":true,"href":"https:\/\/www.citiestotravel.com\/de\/wp-json\/wp\/v2\/comments?post=39618"}],"version-history":[{"count":0,"href":"https:\/\/www.citiestotravel.com\/de\/wp-json\/wp\/v2\/pages\/39618\/revisions"}],"wp:attachment":[{"href":"https:\/\/www.citiestotravel.com\/de\/wp-json\/wp\/v2\/media?parent=39618"}],"curies":[{"name":"wp","href":"https:\/\/api.w.org\/{rel}","templated":true}]}}