{"id":42075,"date":"2026-03-25T14:57:22","date_gmt":"2026-03-25T14:57:22","guid":{"rendered":"https:\/\/www.citiestotravel.com\/staedtereise-nach-mailand-tipps-und-sehenswuerdigkeiten\/"},"modified":"2026-04-13T18:45:30","modified_gmt":"2026-04-13T18:45:30","slug":"staedtereise-nach-mailand","status":"publish","type":"page","link":"https:\/\/www.citiestotravel.com\/de\/staedtereise-nach-mailand\/","title":{"rendered":"St\u00e4dtereise nach Mailand: Tipps und Sehensw\u00fcrdigkeiten"},"content":{"rendered":"\t\t<div data-elementor-type=\"wp-page\" data-elementor-id=\"42075\" class=\"elementor elementor-42075 elementor-42044\" data-elementor-post-type=\"page\">\n\t\t\t\t<div class=\"elementor-element elementor-element-653c7eb e-flex e-con-boxed e-con e-parent\" data-id=\"653c7eb\" data-element_type=\"container\" data-e-type=\"container\">\n\t\t\t\t\t<div class=\"e-con-inner\">\n\t\t\t\t<div class=\"elementor-element elementor-element-99a1443 elementor-widget elementor-widget-heading\" data-id=\"99a1443\" data-element_type=\"widget\" data-e-type=\"widget\" data-widget_type=\"heading.default\">\n\t\t\t\t<div class=\"elementor-widget-container\">\n\t\t\t\t\t<h1 class=\"elementor-heading-title elementor-size-default\">St\u00e4dtereise nach Mailand: Tipps, praktische Informationen und was du nicht verpassen solltest<\/h1>\t\t\t\t<\/div>\n\t\t\t\t<\/div>\n\t\t\t\t\t<\/div>\n\t\t\t\t<\/div>\n\t\t<div class=\"elementor-element elementor-element-c526574 e-flex e-con-boxed e-con e-parent\" data-id=\"c526574\" data-element_type=\"container\" data-e-type=\"container\">\n\t\t\t\t\t<div class=\"e-con-inner\">\n\t\t\t\t<div class=\"elementor-element elementor-element-d66de21 elementor-widget elementor-widget-text-editor\" data-id=\"d66de21\" data-element_type=\"widget\" data-e-type=\"widget\" data-widget_type=\"text-editor.default\">\n\t\t\t\t<div class=\"elementor-widget-container\">\n\t\t\t\t\t\t\t\t\t<p>Eine St\u00e4dtereise nach Mailand ist f\u00fcr viele Menschen vielleicht nicht die erste Wahl in Italien, aber die Stadt hat mehr zu bieten, als man zun\u00e4chst denken w\u00fcrde. W\u00e4hrend andere beliebte St\u00e4dte wie <a href=\"https:\/\/www.citiestotravel.com\/de\/staedtereise-rom\/\" target=\"_blank\" rel=\"noopener\">Rom<\/a> vor allem f\u00fcr ihre Geschichte bekannt sind, dreht sich in Mailand mehr um Mode, Design und das moderne Stadtleben. Gleichzeitig findest du dort auch beeindruckende Geb\u00e4ude, Museen und bekannte Orte wie den Mail\u00e4nder Dom und das Letzte Abendmahl von Leonardo da Vinci.<\/p>\n<p>Im Vergleich zu einer Stadt wie Rom hat Mailand etwas weniger Sehensw\u00fcrdigkeiten, aber es gibt trotzdem noch genug zu sehen. Wenn du alles erleben m\u00f6chtest, reicht ein einziger Besuch einfach nicht aus. Ich war selbst schon mehrere Male in Mailand und habe auch noch l\u00e4ngst nicht alle Orte und Sehensw\u00fcrdigkeiten besucht. Was ich in dieser Zeit jedoch gemerkt habe, ist, dass eine gute Vorbereitung und Planung einen gro\u00dfen Unterschied machen k\u00f6nnen, besonders bei einer ersten St\u00e4dtereise.<\/p>\n<p>Mailand ist nicht nur eine interessante und vielseitige Stadt, sondern auch eine belebte. Jedes Jahr wird die Stadt von Millionen von Touristen besucht. Vor allem an Wochenenden, in Ferienzeiten und rund um gro\u00dfe Veranstaltungen kann es sehr voll werden. Der Zeitpunkt deiner Reise spielt daher eine gro\u00dfe Rolle bei der Planung deiner St\u00e4dtereise nach Mailand.<\/p>\n<p>Auf dieser Seite findest du einen \u00dcberblick \u00fcber alles, was bei der Planung einer St\u00e4dtereise nach Mailand wichtig ist. Von Sehensw\u00fcrdigkeiten und Stadtvierteln bis hin zu praktischen Informationen \u00fcber Verkehr, Hotels und Tagesplanung. Au\u00dferdem verweise ich auf weiterf\u00fchrende Seiten mit spezifischen Informationen und meinen eigenen Erfahrungen, sodass du selbst entscheiden kannst, wie du deine St\u00e4dtereise nach Mailand am besten gestaltest.<\/p>\n\t\t\t\t\t\t\t\t<\/div>\n\t\t\t\t<\/div>\n\t\t\t\t\t<\/div>\n\t\t\t\t<\/div>\n\t\t<div class=\"elementor-element elementor-element-f2befc0 e-flex e-con-boxed e-con e-parent\" data-id=\"f2befc0\" data-element_type=\"container\" data-e-type=\"container\">\n\t\t\t\t\t<div class=\"e-con-inner\">\n\t\t\t\t<div class=\"elementor-element elementor-element-357bdc8 elementor-widget elementor-widget-heading\" data-id=\"357bdc8\" data-element_type=\"widget\" data-e-type=\"widget\" data-widget_type=\"heading.default\">\n\t\t\t\t<div class=\"elementor-widget-container\">\n\t\t\t\t\t<h2 class=\"elementor-heading-title elementor-size-default\">Ist Mailand eine sch\u00f6ne Stadt f\u00fcr eine St\u00e4dtereise?<\/h2>\t\t\t\t<\/div>\n\t\t\t\t<\/div>\n\t\t\t\t\t<\/div>\n\t\t\t\t<\/div>\n\t\t<div class=\"elementor-element elementor-element-c295b1f e-flex e-con-boxed e-con e-parent\" data-id=\"c295b1f\" data-element_type=\"container\" data-e-type=\"container\">\n\t\t\t\t\t<div class=\"e-con-inner\">\n\t\t\t\t<div class=\"elementor-element elementor-element-7803a87 elementor-widget elementor-widget-text-editor\" data-id=\"7803a87\" data-element_type=\"widget\" data-e-type=\"widget\" data-widget_type=\"text-editor.default\">\n\t\t\t\t<div class=\"elementor-widget-container\">\n\t\t\t\t\t\t\t\t\t<p>J\u00e4hrlich besuchen Millionen von Touristen die Stadt, von denen ein gro\u00dfer Teil auch aus gesch\u00e4ftlichen Gr\u00fcnden oder f\u00fcr Veranstaltungen kommt. Mailand ist n\u00e4mlich nicht nur ein touristisches Reiseziel, sondern auch ein wichtiges wirtschaftliches und modisches Zentrum. Viele Besucher bleiben ein paar Tage und kombinieren bekannte Sehensw\u00fcrdigkeiten mit Shopping, gutem Essen und dem Erkunden verschiedener Stadtviertel.<br \/><br \/>Mailand hat vielleicht weniger Sehensw\u00fcrdigkeiten als St\u00e4dte wie Rom oder <a href=\"https:\/\/www.citiestotravel.com\/de\/florenz-reisefuehrer\/\" target=\"_blank\" rel=\"noopener\">Florenz<\/a>, aber es gibt trotzdem noch genug zu sehen und zu erleben. Die Stadt hat nicht die romantischen Kan\u00e4le von <a href=\"https:\/\/www.citiestotravel.com\/de\/staedtereise-venedig\/\" target=\"_blank\" rel=\"noopener\">Venedig<\/a>, den mittelalterlichen Charme von Bologna, die Renaissancekunst von Florenz oder die antiken Ruinen von Rom. Dadurch wirkt Mailand auf manche Reisende weniger \u201etypisch italienisch\u201c, was auch ein Grund ist, warum die Stadt manchmal weniger beliebt ist als andere St\u00e4dte in Italien.<br \/><br \/>Bekannte Orte wie der Mail\u00e4nder Dom, die Galleria Vittorio Emanuele II und das Letzte Abendmahl ziehen jedes Jahr viele Besucher an. Au\u00dferdem gibt es verschiedene Viertel wie Navigli und Brera, in denen du eine ganz andere Seite der Stadt entdecken kannst. Ob Mailand f\u00fcr dich eine sch\u00f6ne Stadt ist, h\u00e4ngt daher vor allem von deinen Interessen, deinem Budget und davon ab, wie viel Zeit du in der Stadt verbringen m\u00f6chtest.<br \/><br \/>Mailand ist vor allem ein gutes Reiseziel, wenn du dich f\u00fcr Mode, Design, Kultur und gutes Essen interessierst. Aus eigener Erfahrung kann ich sagen, dass die Stadt \u00fcbersichtlich ist und viele Sehensw\u00fcrdigkeiten relativ nah beieinander liegen, auch wenn du f\u00fcr einige Orte \u00f6ffentliche Verkehrsmittel nutzen musst. Beachte, dass es an Wochenenden und w\u00e4hrend gro\u00dfer Veranstaltungen sehr voll werden kann und die Hotelpreise dann deutlich steigen.<br \/><br \/>Eine St\u00e4dtereise nach Mailand ist weniger geeignet f\u00fcr Reisende, die vor allem eine Stadt mit vielen historischen Sehensw\u00fcrdigkeiten an jeder Stra\u00dfenecke suchen, wie es in Rom der Fall ist. Auch wenn du eine g\u00fcnstige St\u00e4dtereise suchst, ist Mailand nicht immer die beste Wahl. Besonders in stark frequentierten Zeiten k\u00f6nnen die Preise hoch sein und beliebte Orte sind oft \u00fcberf\u00fcllt, wenn du nicht im Voraus reservierst.<\/p>\t\t\t\t\t\t\t\t<\/div>\n\t\t\t\t<\/div>\n\t\t\t\t\t<\/div>\n\t\t\t\t<\/div>\n\t\t<div class=\"elementor-element elementor-element-9f99ec0 e-flex e-con-boxed e-con e-parent\" data-id=\"9f99ec0\" data-element_type=\"container\" data-e-type=\"container\">\n\t\t\t\t\t<div class=\"e-con-inner\">\n\t\t<div class=\"elementor-element elementor-element-3b09aba e-con-full e-flex e-con e-child\" data-id=\"3b09aba\" data-element_type=\"container\" data-e-type=\"container\">\n\t\t\t\t<div class=\"elementor-element elementor-element-40470b8 elementor-cta--skin-classic elementor-animated-content elementor-bg-transform elementor-bg-transform-zoom-in elementor-widget elementor-widget-call-to-action\" data-id=\"40470b8\" data-element_type=\"widget\" data-e-type=\"widget\" data-widget_type=\"call-to-action.default\">\n\t\t\t\t<div class=\"elementor-widget-container\">\n\t\t\t\t\t\t\t<div class=\"elementor-cta\">\n\t\t\t\t\t<div class=\"elementor-cta__bg-wrapper\">\n\t\t\t\t<div class=\"elementor-cta__bg elementor-bg\" style=\"background-image: url(https:\/\/i0.wp.com\/www.citiestotravel.com\/wp-content\/uploads\/2026\/03\/Milaan-bezoeken-scaled.webp?fit=1024%2C572&#038;ssl=1);\" role=\"img\" aria-label=\"Mailand besuchen \u2013 Duomo di Milano\"><\/div>\n\t\t\t\t<div class=\"elementor-cta__bg-overlay\"><\/div>\n\t\t\t<\/div>\n\t\t\t\t\t\t\t<div class=\"elementor-cta__content\">\n\t\t\t\t\n\t\t\t\t\t\t\t\t\t<div class=\"elementor-cta__title elementor-cta__content-item elementor-content-item\">\n\t\t\t\t\t\tMailand besuchen: Ist Mailand eine sch\u00f6ne Stadt?\t\t\t\t\t<\/div>\n\t\t\t\t\n\t\t\t\t\n\t\t\t\t\t\t\t\t\t<div class=\"elementor-cta__button-wrapper elementor-cta__content-item elementor-content-item \">\n\t\t\t\t\t<a class=\"elementor-cta__button elementor-button elementor-size-\" href=\"https:\/\/www.citiestotravel.com\/de\/mailand-besuchen\/\" target=\"_blank\">\n\t\t\t\t\t\tMehr \u00fcber Mailand lesen\t\t\t\t\t<\/a>\n\t\t\t\t\t<\/div>\n\t\t\t\t\t\t\t<\/div>\n\t\t\t\t\t\t<\/div>\n\t\t\t\t\t\t<\/div>\n\t\t\t\t<\/div>\n\t\t\t\t<\/div>\n\t\t<div class=\"elementor-element elementor-element-1f55d70 e-con-full e-flex e-con e-child\" data-id=\"1f55d70\" data-element_type=\"container\" data-e-type=\"container\">\n\t\t\t\t<\/div>\n\t\t<div class=\"elementor-element elementor-element-1074232 e-con-full e-flex e-con e-child\" data-id=\"1074232\" data-element_type=\"container\" data-e-type=\"container\">\n\t\t\t\t<\/div>\n\t\t\t\t\t<\/div>\n\t\t\t\t<\/div>\n\t\t<div class=\"elementor-element elementor-element-76a51bd e-flex e-con-boxed e-con e-parent\" data-id=\"76a51bd\" data-element_type=\"container\" data-e-type=\"container\">\n\t\t\t\t\t<div class=\"e-con-inner\">\n\t\t\t\t<div class=\"elementor-element elementor-element-f396764 elementor-widget elementor-widget-heading\" data-id=\"f396764\" data-element_type=\"widget\" data-e-type=\"widget\" data-widget_type=\"heading.default\">\n\t\t\t\t<div class=\"elementor-widget-container\">\n\t\t\t\t\t<h2 class=\"elementor-heading-title elementor-size-default\">Sehensw\u00fcrdigkeiten in Mailand<\/h2>\t\t\t\t<\/div>\n\t\t\t\t<\/div>\n\t\t\t\t\t<\/div>\n\t\t\t\t<\/div>\n\t\t<div class=\"elementor-element elementor-element-554edd9 e-flex e-con-boxed e-con e-parent\" data-id=\"554edd9\" data-element_type=\"container\" data-e-type=\"container\">\n\t\t\t\t\t<div class=\"e-con-inner\">\n\t\t<div class=\"elementor-element elementor-element-2a04954 e-con-full e-flex e-con e-child\" data-id=\"2a04954\" data-element_type=\"container\" data-e-type=\"container\">\n\t\t\t\t<div class=\"elementor-element elementor-element-4b04a9e elementor-cta--skin-classic elementor-animated-content elementor-bg-transform elementor-bg-transform-zoom-in elementor-widget elementor-widget-call-to-action\" data-id=\"4b04a9e\" data-element_type=\"widget\" data-e-type=\"widget\" data-widget_type=\"call-to-action.default\">\n\t\t\t\t<div class=\"elementor-widget-container\">\n\t\t\t\t\t\t\t<div class=\"elementor-cta\">\n\t\t\t\t\t<div class=\"elementor-cta__bg-wrapper\">\n\t\t\t\t<div class=\"elementor-cta__bg elementor-bg\" style=\"background-image: url(https:\/\/i0.wp.com\/www.citiestotravel.com\/wp-content\/uploads\/2026\/03\/bezienswaardigheden-in-Milaan-scaled.webp?fit=1024%2C572&#038;ssl=1);\" role=\"img\" aria-label=\"Sehensw\u00fcrdigkeiten in Mailand\"><\/div>\n\t\t\t\t<div class=\"elementor-cta__bg-overlay\"><\/div>\n\t\t\t<\/div>\n\t\t\t\t\t\t\t<div class=\"elementor-cta__content\">\n\t\t\t\t\n\t\t\t\t\t\t\t\t\t<div class=\"elementor-cta__title elementor-cta__content-item elementor-content-item\">\n\t\t\t\t\t\tSehensw\u00fcrdigkeiten in Mailand: \u00dcbersicht und Tipps\t\t\t\t\t<\/div>\n\t\t\t\t\n\t\t\t\t\n\t\t\t\t\t\t\t\t\t<div class=\"elementor-cta__button-wrapper elementor-cta__content-item elementor-content-item \">\n\t\t\t\t\t<a class=\"elementor-cta__button elementor-button elementor-size-\" href=\"https:\/\/www.citiestotravel.com\/de\/sehenswuerdigkeiten-in-mailand\/\" target=\"_blank\">\n\t\t\t\t\t\tLesen Sie mehr \u00fcber die Sehensw\u00fcrdigkeiten in Mailand\t\t\t\t\t<\/a>\n\t\t\t\t\t<\/div>\n\t\t\t\t\t\t\t<\/div>\n\t\t\t\t\t\t<\/div>\n\t\t\t\t\t\t<\/div>\n\t\t\t\t<\/div>\n\t\t\t\t<\/div>\n\t\t<div class=\"elementor-element elementor-element-990a029 e-con-full e-flex e-con e-child\" data-id=\"990a029\" data-element_type=\"container\" data-e-type=\"container\">\n\t\t\t\t<div class=\"elementor-element elementor-element-5c3d591 elementor-cta--skin-classic elementor-animated-content elementor-bg-transform elementor-bg-transform-zoom-in elementor-widget elementor-widget-call-to-action\" data-id=\"5c3d591\" data-element_type=\"widget\" data-e-type=\"widget\" data-widget_type=\"call-to-action.default\">\n\t\t\t\t<div class=\"elementor-widget-container\">\n\t\t\t\t\t\t\t<div class=\"elementor-cta\">\n\t\t\t\t\t<div class=\"elementor-cta__bg-wrapper\">\n\t\t\t\t<div class=\"elementor-cta__bg elementor-bg\" style=\"background-image: url(https:\/\/i0.wp.com\/www.citiestotravel.com\/wp-content\/uploads\/2026\/04\/Duomo-di-Milano-scaled.webp?fit=1024%2C572&#038;ssl=1);\" role=\"img\" aria-label=\"Duomo di Milano\"><\/div>\n\t\t\t\t<div class=\"elementor-cta__bg-overlay\"><\/div>\n\t\t\t<\/div>\n\t\t\t\t\t\t\t<div class=\"elementor-cta__content\">\n\t\t\t\t\n\t\t\t\t\t\t\t\t\t<div class=\"elementor-cta__title elementor-cta__content-item elementor-content-item\">\n\t\t\t\t\t\tDuomo di Milano: Ist die Kathedrale einen Besuch wert?\t\t\t\t\t<\/div>\n\t\t\t\t\n\t\t\t\t\n\t\t\t\t\t\t\t\t\t<div class=\"elementor-cta__button-wrapper elementor-cta__content-item elementor-content-item \">\n\t\t\t\t\t<a class=\"elementor-cta__button elementor-button elementor-size-\" href=\"https:\/\/www.citiestotravel.com\/de\/duomo-di-milano-besuch-wert\/\" target=\"_blank\">\n\t\t\t\t\t\tMehr \u00fcber den Duomo di Milano erfahren\t\t\t\t\t<\/a>\n\t\t\t\t\t<\/div>\n\t\t\t\t\t\t\t<\/div>\n\t\t\t\t\t\t<\/div>\n\t\t\t\t\t\t<\/div>\n\t\t\t\t<\/div>\n\t\t\t\t<\/div>\n\t\t<div class=\"elementor-element elementor-element-7afe1b1 e-con-full e-flex e-con e-child\" data-id=\"7afe1b1\" data-element_type=\"container\" data-e-type=\"container\">\n\t\t\t\t<div class=\"elementor-element elementor-element-e4ec8b4 elementor-cta--skin-classic elementor-animated-content elementor-bg-transform elementor-bg-transform-zoom-in elementor-widget elementor-widget-call-to-action\" data-id=\"e4ec8b4\" data-element_type=\"widget\" data-e-type=\"widget\" data-widget_type=\"call-to-action.default\">\n\t\t\t\t<div class=\"elementor-widget-container\">\n\t\t\t\t\t\t\t<div class=\"elementor-cta\">\n\t\t\t\t\t<div class=\"elementor-cta__bg-wrapper\">\n\t\t\t\t<div class=\"elementor-cta__bg elementor-bg\" style=\"background-image: url(https:\/\/i0.wp.com\/www.citiestotravel.com\/wp-content\/uploads\/2026\/04\/Galleria-Vittorio-Emanuele-II-2026-scaled.webp?fit=1024%2C572&#038;ssl=1);\" role=\"img\" aria-label=\"Galleria Vittorio Emanuele II\"><\/div>\n\t\t\t\t<div class=\"elementor-cta__bg-overlay\"><\/div>\n\t\t\t<\/div>\n\t\t\t\t\t\t\t<div class=\"elementor-cta__content\">\n\t\t\t\t\n\t\t\t\t\t\t\t\t\t<div class=\"elementor-cta__title elementor-cta__content-item elementor-content-item\">\n\t\t\t\t\t\tGalleria Vittorio Emanuele II: Ist sie einen Besuch wert?\t\t\t\t\t<\/div>\n\t\t\t\t\n\t\t\t\t\n\t\t\t\t\t\t\t\t\t<div class=\"elementor-cta__button-wrapper elementor-cta__content-item elementor-content-item \">\n\t\t\t\t\t<a class=\"elementor-cta__button elementor-button elementor-size-\" href=\"https:\/\/www.citiestotravel.com\/de\/galleria-vittorio-emanuele-ii-mailand-besuch-wert\/\" target=\"_blank\">\n\t\t\t\t\t\tMehr \u00fcber die Galleria Vittorio Emanuele II erfahren\t\t\t\t\t<\/a>\n\t\t\t\t\t<\/div>\n\t\t\t\t\t\t\t<\/div>\n\t\t\t\t\t\t<\/div>\n\t\t\t\t\t\t<\/div>\n\t\t\t\t<\/div>\n\t\t\t\t<\/div>\n\t\t\t\t\t<\/div>\n\t\t\t\t<\/div>\n\t\t<div class=\"elementor-element elementor-element-c563bfb e-flex e-con-boxed e-con e-parent\" data-id=\"c563bfb\" data-element_type=\"container\" data-e-type=\"container\">\n\t\t\t\t\t<div class=\"e-con-inner\">\n\t\t\t\t<div class=\"elementor-element elementor-element-7c43003 elementor-widget elementor-widget-author-box\" data-id=\"7c43003\" data-element_type=\"widget\" data-e-type=\"widget\" data-widget_type=\"author-box.default\">\n\t\t\t\t<div class=\"elementor-widget-container\">\n\t\t\t\t\t\t\t<div class=\"elementor-author-box\">\n\t\t\t\t\t\t\t<div  class=\"elementor-author-box__avatar\">\n\t\t\t\t\t<img decoding=\"async\" src=\"https:\/\/i0.wp.com\/www.citiestotravel.com\/wp-content\/uploads\/2025\/10\/Cities-to-travel-Edward.webp?fit=289%2C300&#038;ssl=1\" alt=\"Bild von Edward\" loading=\"lazy\">\n\t\t\t\t<\/div>\n\t\t\t\n\t\t\t<div class=\"elementor-author-box__text\">\n\t\t\t\t\t\t\t\t\t<div >\n\t\t\t\t\t\t<h4 class=\"elementor-author-box__name\">\n\t\t\t\t\t\t\tEdward\t\t\t\t\t\t<\/h4>\n\t\t\t\t\t<\/div>\n\t\t\t\t\n\t\t\t\t\t\t\t\t\t<div class=\"elementor-author-box__bio\">\n\t\t\t\t\t\t<p>Hallo, ich bin Edward, ein erfahrener St\u00e4dtetrip-Liebhaber. In den vergangenen Jahren habe ich Dutzende St\u00e4dte in Europa, Skandinavien und Amerika besucht. Auf Cities To Travel teile ich pers\u00f6nliche Erfahrungen und praktische Tipps, um dir bei der Planung deines n\u00e4chsten St\u00e4dtetrips zu helfen. Hast du Fragen? Dann schreib mir gerne eine E-Mail.<\/p>\n\t\t\t\t\t<\/div>\n\t\t\t\t\n\t\t\t\t\t\t\t\t\t<a class=\"elementor-author-box__button elementor-button elementor-size-xs\" href=\"https:\/\/www.citiestotravel.com\/de\/ueber-uns\/\">\n\t\t\t\t\t\tMehr \u00fcber mich\t\t\t\t\t<\/a>\n\t\t\t\t\t\t\t<\/div>\n\t\t<\/div>\n\t\t\t\t\t\t<\/div>\n\t\t\t\t<\/div>\n\t\t\t\t\t<\/div>\n\t\t\t\t<\/div>\n\t\t<div class=\"elementor-element elementor-element-b8533ee e-flex e-con-boxed e-con e-parent\" data-id=\"b8533ee\" data-element_type=\"container\" data-e-type=\"container\">\n\t\t\t\t\t<div class=\"e-con-inner\">\n\t\t\t\t<div class=\"elementor-element elementor-element-7da912e elementor-widget elementor-widget-text-editor\" data-id=\"7da912e\" data-element_type=\"widget\" data-e-type=\"widget\" data-widget_type=\"text-editor.default\">\n\t\t\t\t<div class=\"elementor-widget-container\">\n\t\t\t\t\t\t\t\t\t<p><strong>Haftungsausschluss:<\/strong> Diese Website enth\u00e4lt Affiliate-Links. Wenn du \u00fcber diese Links etwas buchst oder kaufst, erhalte ich m\u00f6glicherweise eine kleine Provision \u2013 ohne zus\u00e4tzliche Kosten f\u00fcr dich. So kann ich Cities To Travel weiterhin betreiben und aktuelle Reisetipps teilen.<\/p>\n\t\t\t\t\t\t\t\t<\/div>\n\t\t\t\t<\/div>\n\t\t\t\t\t<\/div>\n\t\t\t\t<\/div>\n\t\t<div class=\"elementor-element elementor-element-3902ed5 e-flex e-con-boxed e-con e-parent\" data-id=\"3902ed5\" data-element_type=\"container\" data-e-type=\"container\">\n\t\t\t\t\t<div class=\"e-con-inner\">\n\t\t\t\t<div class=\"elementor-element elementor-element-94da7f0 elementor-widget elementor-widget-text-editor\" data-id=\"94da7f0\" data-element_type=\"widget\" data-e-type=\"widget\" data-widget_type=\"text-editor.default\">\n\t\t\t\t<div class=\"elementor-widget-container\">\n\t\t\t\t\t\t\t\t\t<p><strong>Letzte Aktualisierung:<\/strong> 13. April 2026<\/p>\n\t\t\t\t\t\t\t\t<\/div>\n\t\t\t\t<\/div>\n\t\t\t\t\t<\/div>\n\t\t\t\t<\/div>\n\t\t\t\t<\/div>\n\t\t","protected":false},"excerpt":{"rendered":"<p>St\u00e4dtereise nach Mailand: Tipps, praktische Informationen und was du nicht verpassen solltest Eine St\u00e4dtereise nach Mailand ist f\u00fcr viele Menschen vielleicht nicht die erste Wahl in Italien, aber die Stadt hat mehr zu bieten, als man zun\u00e4chst denken w\u00fcrde. W\u00e4hrend andere beliebte St\u00e4dte wie Rom vor allem f\u00fcr ihre Geschichte bekannt sind, dreht sich in [&hellip;]<\/p>\n","protected":false},"author":1,"featured_media":0,"parent":0,"menu_order":0,"comment_status":"closed","ping_status":"closed","template":"","meta":{"footnotes":""},"class_list":["post-42075","page","type-page","status-publish","hentry"],"aioseo_notices":[],"_links":{"self":[{"href":"https:\/\/www.citiestotravel.com\/de\/wp-json\/wp\/v2\/pages\/42075","targetHints":{"allow":["GET"]}}],"collection":[{"href":"https:\/\/www.citiestotravel.com\/de\/wp-json\/wp\/v2\/pages"}],"about":[{"href":"https:\/\/www.citiestotravel.com\/de\/wp-json\/wp\/v2\/types\/page"}],"author":[{"embeddable":true,"href":"https:\/\/www.citiestotravel.com\/de\/wp-json\/wp\/v2\/users\/1"}],"replies":[{"embeddable":true,"href":"https:\/\/www.citiestotravel.com\/de\/wp-json\/wp\/v2\/comments?post=42075"}],"version-history":[{"count":0,"href":"https:\/\/www.citiestotravel.com\/de\/wp-json\/wp\/v2\/pages\/42075\/revisions"}],"wp:attachment":[{"href":"https:\/\/www.citiestotravel.com\/de\/wp-json\/wp\/v2\/media?parent=42075"}],"curies":[{"name":"wp","href":"https:\/\/api.w.org\/{rel}","templated":true}]}}