{"id":43459,"date":"2026-04-26T20:14:24","date_gmt":"2026-04-26T20:14:24","guid":{"rendered":"https:\/\/www.citiestotravel.com\/eindhoven-besuchen-tipps-und-sehenswuerdigkeiten\/"},"modified":"2026-04-26T20:34:03","modified_gmt":"2026-04-26T20:34:03","slug":"eindhoven-besuchen","status":"publish","type":"page","link":"https:\/\/www.citiestotravel.com\/de\/eindhoven-besuchen\/","title":{"rendered":"Eindhoven besuchen: Tipps und Sehensw\u00fcrdigkeiten"},"content":{"rendered":"\t\t<div data-elementor-type=\"wp-page\" data-elementor-id=\"43459\" class=\"elementor elementor-43459 elementor-43432\" data-elementor-post-type=\"page\">\n\t\t\t\t<div class=\"elementor-element elementor-element-429b9a1 e-flex e-con-boxed e-con e-parent\" data-id=\"429b9a1\" data-element_type=\"container\" data-e-type=\"container\">\n\t\t\t\t\t<div class=\"e-con-inner\">\n\t\t\t\t<div class=\"elementor-element elementor-element-e81720e elementor-widget elementor-widget-heading\" data-id=\"e81720e\" data-element_type=\"widget\" data-e-type=\"widget\" data-widget_type=\"heading.default\">\n\t\t\t\t<div class=\"elementor-widget-container\">\n\t\t\t\t\t<h1 class=\"elementor-heading-title elementor-size-default\">Eindhoven besuchen<\/h1>\t\t\t\t<\/div>\n\t\t\t\t<\/div>\n\t\t\t\t\t<\/div>\n\t\t\t\t<\/div>\n\t\t<div class=\"elementor-element elementor-element-8968f3c e-flex e-con-boxed e-con e-parent\" data-id=\"8968f3c\" data-element_type=\"container\" data-e-type=\"container\">\n\t\t\t\t\t<div class=\"e-con-inner\">\n\t\t\t\t<div class=\"elementor-element elementor-element-e8d9720 elementor-widget elementor-widget-text-editor\" data-id=\"e8d9720\" data-element_type=\"widget\" data-e-type=\"widget\" data-widget_type=\"text-editor.default\">\n\t\t\t\t<div class=\"elementor-widget-container\">\n\t\t\t\t\t\t\t\t\t<p>Eine St\u00e4dtereise nach Eindhoven ist f\u00fcr viele Reisende nicht die naheliegendste Wahl. Im Gegensatz zu St\u00e4dten wie <a href=\"https:\/\/www.citiestotravel.com\/de\/amsterdam-besichtigen-die-besten-reisetipps-fuer-amsterdam\/\" target=\"_blank\" rel=\"noopener\">Amsterdam<\/a> oder <a href=\"https:\/\/www.citiestotravel.com\/de\/london-besichtigen-die-besten-reisetipps-fuer-london\/\" target=\"_blank\" rel=\"noopener\">London<\/a> ist Eindhoven nicht f\u00fcr historische Monumente oder klassische Sehensw\u00fcrdigkeiten bekannt. Dennoch hat die Stadt einen ganz eigenen Charakter, der gerade f\u00fcr eine \u00fcberraschend sch\u00f6ne St\u00e4dtereise sorgen kann.<\/p><p>W\u00e4hrend sich viele europ\u00e4ische St\u00e4dte um Geschichte und alte Geb\u00e4ude drehen, liegt die St\u00e4rke Eindhovens in Innovation, Kreativit\u00e4t, Design und einer modernen Atmosph\u00e4re. Die Stadt entwickelt sich seit Jahren zu einem kreativen Hotspot, mit Vierteln wie Strijp-S und Veranstaltungen wie der Dutch Design Week und GLOW Eindhoven, die Besucher aus der ganzen Welt anziehen.<\/p><p>Eindhoven ist au\u00dferdem weniger \u00fcberlaufen als St\u00e4dte wie Amsterdam, was f\u00fcr viele Reisende ein gro\u00dfer Vorteil ist. Man hat hier weniger mit Massentourismus zu tun, steht seltener in Warteschlangen bei Museen und die Atmosph\u00e4re ist oft entspannter. Gleichzeitig ist Eindhoven kompakt und \u00fcbersichtlich, sodass man die Stadt leicht erkunden kann. Das macht sie zu einem angenehmen Reiseziel f\u00fcr einen kurzen St\u00e4dtetrip.<\/p>\t\t\t\t\t\t\t\t<\/div>\n\t\t\t\t<\/div>\n\t\t\t\t\t<\/div>\n\t\t\t\t<\/div>\n\t\t<div class=\"elementor-element elementor-element-1e9410a e-flex e-con-boxed e-con e-parent\" data-id=\"1e9410a\" data-element_type=\"container\" data-e-type=\"container\">\n\t\t\t\t\t<div class=\"e-con-inner\">\n\t\t\t\t<div class=\"elementor-element elementor-element-d3fd8da elementor-widget elementor-widget-heading\" data-id=\"d3fd8da\" data-element_type=\"widget\" data-e-type=\"widget\" data-widget_type=\"heading.default\">\n\t\t\t\t<div class=\"elementor-widget-container\">\n\t\t\t\t\t<h2 class=\"elementor-heading-title elementor-size-default\">Ist Eindhoven eine sch\u00f6ne Stadt f\u00fcr eine St\u00e4dtereise?<\/h2>\t\t\t\t<\/div>\n\t\t\t\t<\/div>\n\t\t\t\t\t<\/div>\n\t\t\t\t<\/div>\n\t\t<div class=\"elementor-element elementor-element-ffa9319 e-flex e-con-boxed e-con e-parent\" data-id=\"ffa9319\" data-element_type=\"container\" data-e-type=\"container\">\n\t\t\t\t\t<div class=\"e-con-inner\">\n\t\t\t\t<div class=\"elementor-element elementor-element-d2ab682 elementor-widget elementor-widget-text-editor\" data-id=\"d2ab682\" data-element_type=\"widget\" data-e-type=\"widget\" data-widget_type=\"text-editor.default\">\n\t\t\t\t<div class=\"elementor-widget-container\">\n\t\t\t\t\t\t\t\t\t<p>Eindhoven ist keine typische Touristenstadt. Genau deshalb finden manche Menschen sie ein sch\u00f6nes Reiseziel, w\u00e4hrend andere sie weniger interessant finden. Die Stadt hat keine weltber\u00fchmten Highlights wie<a href=\"https:\/\/www.citiestotravel.com\/de\/besuch-des-eiffelturms-lohnt-es-sich\/\" target=\"_blank\" rel=\"noopener\"> den Eiffelturm<\/a> in Paris oder das <a href=\"https:\/\/www.citiestotravel.com\/de\/kolosseum-in-rom\/\" target=\"_blank\" rel=\"noopener\">Kolosseum in Rom<\/a>. Stattdessen geht es mehr um die Atmosph\u00e4re und die Orte selbst.<\/p>\n<p>Denk an Street Art, moderne Museen und kreative Hotspots, die \u00fcber die ganze Stadt verteilt sind. Au\u00dferdem ist Eindhoven eine echte Shoppingstadt im S\u00fcden, mit sowohl bekannten Gesch\u00e4ften als auch vielen Vintage-L\u00e4den. Du findest hier auch verschiedene Flagship-Stores gro\u00dfer Marken wie Steve Madden, BYLOTTE und De Bijenkorf.<\/p>\n<p>Das Nachtleben in Eindhoven ist ebenfalls ein gro\u00dfer Pluspunkt. Im Zentrum liegen viele Bars, Caf\u00e9s und Restaurants dicht beieinander. Der bekannteste Ort ist Stratumseind, die l\u00e4ngste Kneipenstra\u00dfe der Niederlande mit mehr als 40 Bars.<\/p>\n<p>Ich lebe seit \u00fcber 28 Jahren in Eindhoven und habe viele <a href=\"https:\/\/www.citiestotravel.com\/de\/kolosseum-in-rom\/\" target=\"_blank\" rel=\"noopener\">St\u00e4dte in Europa<\/a> besucht. Gerade deshalb sehe ich gut, was diese Stadt anders macht. Eindhoven ist vielleicht auf den ersten Blick nicht die beeindruckendste Stadt, aber es gibt fast immer etwas zu tun. Wenn du offen f\u00fcr eine andere Art von St\u00e4dtereise bist, ist Eindhoven auf jeden Fall einen Besuch wert.<\/p>\n<p>Auf dieser Seite findest du eine \u00dcbersicht \u00fcber alles, was bei der Planung einer St\u00e4dtereise nach Eindhoven wichtig ist. Von Dingen, die man unternehmen kann, und interessanten Vierteln bis hin zu praktischen Tipps und den besten Reisezeiten. Au\u00dferdem verweise ich auf ausf\u00fchrliche Artikel mit konkreten Tipps und meinen eigenen Erfahrungen, damit du deinen Besuch so gut wie m\u00f6glich planen kannst.<\/p>\n\t\t\t\t\t\t\t\t<\/div>\n\t\t\t\t<\/div>\n\t\t\t\t\t<\/div>\n\t\t\t\t<\/div>\n\t\t<div class=\"elementor-element elementor-element-3e6a8b2 e-flex e-con-boxed e-con e-parent\" data-id=\"3e6a8b2\" data-element_type=\"container\" data-e-type=\"container\">\n\t\t\t\t\t<div class=\"e-con-inner\">\n\t\t\t\t<div class=\"elementor-element elementor-element-aee15f1 elementor-widget elementor-widget-author-box\" data-id=\"aee15f1\" data-element_type=\"widget\" data-e-type=\"widget\" data-widget_type=\"author-box.default\">\n\t\t\t\t<div class=\"elementor-widget-container\">\n\t\t\t\t\t\t\t<div class=\"elementor-author-box\">\n\t\t\t\t\t\t\t<div  class=\"elementor-author-box__avatar\">\n\t\t\t\t\t<img decoding=\"async\" src=\"https:\/\/i0.wp.com\/www.citiestotravel.com\/wp-content\/uploads\/2025\/10\/Cities-to-travel-Edward.webp?fit=289%2C300&#038;ssl=1\" alt=\"Bild von Edward\" loading=\"lazy\">\n\t\t\t\t<\/div>\n\t\t\t\n\t\t\t<div class=\"elementor-author-box__text\">\n\t\t\t\t\t\t\t\t\t<div >\n\t\t\t\t\t\t<h4 class=\"elementor-author-box__name\">\n\t\t\t\t\t\t\tEdward\t\t\t\t\t\t<\/h4>\n\t\t\t\t\t<\/div>\n\t\t\t\t\n\t\t\t\t\t\t\t\t\t<div class=\"elementor-author-box__bio\">\n\t\t\t\t\t\t<p>Hallo, ich bin Edward, ein erfahrener St\u00e4dtetrip-Liebhaber. In den vergangenen Jahren habe ich Dutzende St\u00e4dte in Europa, Skandinavien und Amerika besucht. Auf Cities To Travel teile ich pers\u00f6nliche Erfahrungen und praktische Tipps, um dir bei der Planung deines n\u00e4chsten St\u00e4dtetrips zu helfen. Hast du Fragen? Dann schreib mir gerne eine E-Mail.<\/p>\n\t\t\t\t\t<\/div>\n\t\t\t\t\n\t\t\t\t\t\t\t\t\t<a class=\"elementor-author-box__button elementor-button elementor-size-xs\" href=\"https:\/\/www.citiestotravel.com\/de\/ueber-uns\/\">\n\t\t\t\t\t\tMehr \u00fcber mich\t\t\t\t\t<\/a>\n\t\t\t\t\t\t\t<\/div>\n\t\t<\/div>\n\t\t\t\t\t\t<\/div>\n\t\t\t\t<\/div>\n\t\t\t\t\t<\/div>\n\t\t\t\t<\/div>\n\t\t<div class=\"elementor-element elementor-element-384c2c1 e-flex e-con-boxed e-con e-parent\" data-id=\"384c2c1\" data-element_type=\"container\" data-e-type=\"container\">\n\t\t\t\t\t<div class=\"e-con-inner\">\n\t\t\t\t<div class=\"elementor-element elementor-element-7eaea82 elementor-widget elementor-widget-text-editor\" data-id=\"7eaea82\" data-element_type=\"widget\" data-e-type=\"widget\" data-widget_type=\"text-editor.default\">\n\t\t\t\t<div class=\"elementor-widget-container\">\n\t\t\t\t\t\t\t\t\t<p><strong>Disclaimer:<\/strong> Diese Website enth\u00e4lt Affiliate-Links. Wenn du \u00fcber diese Links etwas buchst oder kaufst, erhalte ich m\u00f6glicherweise eine kleine Provision \u2013 ohne zus\u00e4tzliche Kosten f\u00fcr dich. So kann ich Cities To Travel weiter betreiben und weiterhin aktuelle Reisetipps teilen.<\/p>\n\t\t\t\t\t\t\t\t<\/div>\n\t\t\t\t<\/div>\n\t\t\t\t\t<\/div>\n\t\t\t\t<\/div>\n\t\t<div class=\"elementor-element elementor-element-25b9c31 e-flex e-con-boxed e-con e-parent\" data-id=\"25b9c31\" data-element_type=\"container\" data-e-type=\"container\">\n\t\t\t\t\t<div class=\"e-con-inner\">\n\t\t\t\t<div class=\"elementor-element elementor-element-98f5498 elementor-widget elementor-widget-text-editor\" data-id=\"98f5498\" data-element_type=\"widget\" data-e-type=\"widget\" data-widget_type=\"text-editor.default\">\n\t\t\t\t<div class=\"elementor-widget-container\">\n\t\t\t\t\t\t\t\t\t<p><strong>Letzte Aktualisierung:<\/strong> 26. April 2026<\/p>\n\t\t\t\t\t\t\t\t<\/div>\n\t\t\t\t<\/div>\n\t\t\t\t\t<\/div>\n\t\t\t\t<\/div>\n\t\t\t\t<\/div>\n\t\t","protected":false},"excerpt":{"rendered":"<p>Eindhoven besuchen Eine St\u00e4dtereise nach Eindhoven ist f\u00fcr viele Reisende nicht die naheliegendste Wahl. Im Gegensatz zu St\u00e4dten wie Amsterdam oder London ist Eindhoven nicht f\u00fcr historische Monumente oder klassische Sehensw\u00fcrdigkeiten bekannt. Dennoch hat die Stadt einen ganz eigenen Charakter, der gerade f\u00fcr eine \u00fcberraschend sch\u00f6ne St\u00e4dtereise sorgen kann. W\u00e4hrend sich viele europ\u00e4ische St\u00e4dte um [&hellip;]<\/p>\n","protected":false},"author":1,"featured_media":0,"parent":0,"menu_order":0,"comment_status":"closed","ping_status":"closed","template":"","meta":{"footnotes":""},"class_list":["post-43459","page","type-page","status-publish","hentry"],"aioseo_notices":[],"_links":{"self":[{"href":"https:\/\/www.citiestotravel.com\/de\/wp-json\/wp\/v2\/pages\/43459","targetHints":{"allow":["GET"]}}],"collection":[{"href":"https:\/\/www.citiestotravel.com\/de\/wp-json\/wp\/v2\/pages"}],"about":[{"href":"https:\/\/www.citiestotravel.com\/de\/wp-json\/wp\/v2\/types\/page"}],"author":[{"embeddable":true,"href":"https:\/\/www.citiestotravel.com\/de\/wp-json\/wp\/v2\/users\/1"}],"replies":[{"embeddable":true,"href":"https:\/\/www.citiestotravel.com\/de\/wp-json\/wp\/v2\/comments?post=43459"}],"version-history":[{"count":0,"href":"https:\/\/www.citiestotravel.com\/de\/wp-json\/wp\/v2\/pages\/43459\/revisions"}],"wp:attachment":[{"href":"https:\/\/www.citiestotravel.com\/de\/wp-json\/wp\/v2\/media?parent=43459"}],"curies":[{"name":"wp","href":"https:\/\/api.w.org\/{rel}","templated":true}]}}