{"id":35374,"date":"2025-11-15T14:15:28","date_gmt":"2025-11-15T14:15:28","guid":{"rendered":"https:\/\/www.citiestotravel.com\/sights-of-barcelona\/"},"modified":"2025-12-18T15:14:39","modified_gmt":"2025-12-18T15:14:39","slug":"sights-of-barcelona","status":"publish","type":"page","link":"https:\/\/www.citiestotravel.com\/en\/sights-of-barcelona\/","title":{"rendered":"Sights of Barcelona"},"content":{"rendered":"\t\t<div data-elementor-type=\"wp-page\" data-elementor-id=\"35374\" class=\"elementor elementor-35374 elementor-35330\" data-elementor-post-type=\"page\">\n\t\t\t\t<div class=\"elementor-element elementor-element-712fbb0 e-flex e-con-boxed e-con e-parent\" data-id=\"712fbb0\" data-element_type=\"container\" data-e-type=\"container\">\n\t\t\t\t\t<div class=\"e-con-inner\">\n\t\t\t\t<div class=\"elementor-element elementor-element-429e6d2 elementor-widget elementor-widget-heading\" data-id=\"429e6d2\" data-element_type=\"widget\" data-e-type=\"widget\" data-widget_type=\"heading.default\">\n\t\t\t\t<div class=\"elementor-widget-container\">\n\t\t\t\t\t<h1 class=\"elementor-heading-title elementor-size-default\">Sights of Barcelona<\/h1>\t\t\t\t<\/div>\n\t\t\t\t<\/div>\n\t\t\t\t\t<\/div>\n\t\t\t\t<\/div>\n\t\t<div class=\"elementor-element elementor-element-0e96215 e-flex e-con-boxed e-con e-parent\" data-id=\"0e96215\" data-element_type=\"container\" data-e-type=\"container\">\n\t\t\t\t\t<div class=\"e-con-inner\">\n\t\t\t\t<div class=\"elementor-element elementor-element-a9207a8 elementor-widget elementor-widget-text-editor\" data-id=\"a9207a8\" data-element_type=\"widget\" data-e-type=\"widget\" data-widget_type=\"text-editor.default\">\n\t\t\t\t<div class=\"elementor-widget-container\">\n\t\t\t\t\t\t\t\t\t<p data-start=\"287\" data-end=\"1056\">Barcelona&#8217;s sights make this vibrant city on the Mediterranean Sea one of Europe&#8217;s most popular destinations. Barcelona is known for its extraordinary architecture, lively atmosphere and delicious cuisine. Famous Barcelona sights include the Sagrada Fam\u00edlia, Park G\u00fcell, Casa Batll\u00f3 and the lively Ramblas. The historic Gothic Quarter, the beaches of Barceloneta and the view from Tibidabo are also among Barcelona&#8217;s most beautiful sights. The city offers a unique blend of culture, beach, art and modern design. Barcelona&#8217;s sights introduce you to Gaud\u00ed&#8217;s colorful style, the rich Catalan history and the relaxed lifestyle that makes Barcelona so special.<\/p><p data-start=\"1058\" data-end=\"1271\">Below I have written some blogs about the most popular sights of Barcelona, so you can easily choose which sight you want to visit during your visit to Barcelona.<\/p>\t\t\t\t\t\t\t\t<\/div>\n\t\t\t\t<\/div>\n\t\t\t\t\t<\/div>\n\t\t\t\t<\/div>\n\t\t<div class=\"elementor-element elementor-element-aaea16a e-flex e-con-boxed e-con e-parent\" data-id=\"aaea16a\" data-element_type=\"container\" data-e-type=\"container\">\n\t\t\t\t\t<div class=\"e-con-inner\">\n\t\t<div class=\"elementor-element elementor-element-2af854f e-con-full e-flex e-con e-child\" data-id=\"2af854f\" data-element_type=\"container\" data-e-type=\"container\">\n\t\t\t\t<div class=\"elementor-element elementor-element-df72f2b elementor-cta--skin-cover elementor-animated-content elementor-bg-transform elementor-bg-transform-zoom-in elementor-widget elementor-widget-call-to-action\" data-id=\"df72f2b\" data-element_type=\"widget\" data-e-type=\"widget\" data-widget_type=\"call-to-action.default\">\n\t\t\t\t<div class=\"elementor-widget-container\">\n\t\t\t\t\t\t\t<div class=\"elementor-cta\">\n\t\t\t\t\t<div class=\"elementor-cta__bg-wrapper\">\n\t\t\t\t<div class=\"elementor-cta__bg elementor-bg\" style=\"background-image: url(https:\/\/i0.wp.com\/www.citiestotravel.com\/wp-content\/uploads\/2024\/10\/bezienswaardigheden-in-Barcelona-scaled.webp?fit=2048%2C1145&#038;ssl=1);\" role=\"img\" aria-label=\"Sights in Barcelona Sights in Barcelona Sehensw\u00fcrdigkeiten in Barcelona\"><\/div>\n\t\t\t\t<div class=\"elementor-cta__bg-overlay\"><\/div>\n\t\t\t<\/div>\n\t\t\t\t\t\t\t<div class=\"elementor-cta__content\">\n\t\t\t\t\n\t\t\t\t\n\t\t\t\t\n\t\t\t\t\t\t\t\t\t<div class=\"elementor-cta__button-wrapper elementor-cta__content-item elementor-content-item elementor-animated-item--grow\">\n\t\t\t\t\t<a class=\"elementor-cta__button elementor-button elementor-size-\" href=\"https:\/\/www.citiestotravel.com\/en\/sights-in-barcelona\/\" target=\"_blank\">\n\t\t\t\t\t\tThe best sights of Barcelona\t\t\t\t\t<\/a>\n\t\t\t\t\t<\/div>\n\t\t\t\t\t\t\t<\/div>\n\t\t\t\t\t\t<\/div>\n\t\t\t\t\t\t<\/div>\n\t\t\t\t<\/div>\n\t\t\t\t<\/div>\n\t\t<div class=\"elementor-element elementor-element-f5ac220 e-con-full e-flex e-con e-child\" data-id=\"f5ac220\" data-element_type=\"container\" data-e-type=\"container\">\n\t\t\t\t<div class=\"elementor-element elementor-element-47c034d elementor-cta--skin-cover elementor-animated-content elementor-bg-transform elementor-bg-transform-zoom-in elementor-widget elementor-widget-call-to-action\" data-id=\"47c034d\" data-element_type=\"widget\" data-e-type=\"widget\" data-widget_type=\"call-to-action.default\">\n\t\t\t\t<div class=\"elementor-widget-container\">\n\t\t\t\t\t\t\t<div class=\"elementor-cta\">\n\t\t\t\t\t<div class=\"elementor-cta__bg-wrapper\">\n\t\t\t\t<div class=\"elementor-cta__bg elementor-bg\" style=\"background-image: url(https:\/\/i0.wp.com\/www.citiestotravel.com\/wp-content\/uploads\/2025\/03\/Sagrada-Familia-barcelona-spanje-scaled.webp?fit=2048%2C1145&#038;ssl=1);\" role=\"img\" aria-label=\"City trip in Europe, Sagrada Familia\"><\/div>\n\t\t\t\t<div class=\"elementor-cta__bg-overlay\"><\/div>\n\t\t\t<\/div>\n\t\t\t\t\t\t\t<div class=\"elementor-cta__content\">\n\t\t\t\t\n\t\t\t\t\n\t\t\t\t\n\t\t\t\t\t\t\t\t\t<div class=\"elementor-cta__button-wrapper elementor-cta__content-item elementor-content-item elementor-animated-item--grow\">\n\t\t\t\t\t<a class=\"elementor-cta__button elementor-button elementor-size-\" href=\"https:\/\/www.citiestotravel.com\/en\/visit-sagrada-familia-in-barcelona\/\" target=\"_blank\">\n\t\t\t\t\t\tSagrada Fam\u00edlia: is it worth a visit?\t\t\t\t\t<\/a>\n\t\t\t\t\t<\/div>\n\t\t\t\t\t\t\t<\/div>\n\t\t\t\t\t\t<\/div>\n\t\t\t\t\t\t<\/div>\n\t\t\t\t<\/div>\n\t\t\t\t<\/div>\n\t\t<div class=\"elementor-element elementor-element-70e0f98 e-con-full e-flex e-con e-child\" data-id=\"70e0f98\" data-element_type=\"container\" data-e-type=\"container\">\n\t\t\t\t<div class=\"elementor-element elementor-element-0f32fa7 elementor-cta--skin-cover elementor-animated-content elementor-bg-transform elementor-bg-transform-zoom-in elementor-widget elementor-widget-call-to-action\" data-id=\"0f32fa7\" data-element_type=\"widget\" data-e-type=\"widget\" data-widget_type=\"call-to-action.default\">\n\t\t\t\t<div class=\"elementor-widget-container\">\n\t\t\t\t\t\t\t<div class=\"elementor-cta\">\n\t\t\t\t\t<div class=\"elementor-cta__bg-wrapper\">\n\t\t\t\t<div class=\"elementor-cta__bg elementor-bg\" style=\"background-image: url(https:\/\/i0.wp.com\/www.citiestotravel.com\/wp-content\/uploads\/2024\/10\/Park-Guell.webp?fit=1062%2C1068&#038;ssl=1);\" role=\"img\" aria-label=\"Park G\u00fcell in Barcelona\"><\/div>\n\t\t\t\t<div class=\"elementor-cta__bg-overlay\"><\/div>\n\t\t\t<\/div>\n\t\t\t\t\t\t\t<div class=\"elementor-cta__content\">\n\t\t\t\t\n\t\t\t\t\n\t\t\t\t\n\t\t\t\t\t\t\t\t\t<div class=\"elementor-cta__button-wrapper elementor-cta__content-item elementor-content-item elementor-animated-item--grow\">\n\t\t\t\t\t<a class=\"elementor-cta__button elementor-button elementor-size-\" href=\"https:\/\/www.citiestotravel.com\/en\/visiting-park-guell-in-barcelona\/\" target=\"_blank\">\n\t\t\t\t\t\tPark G\u00fcell in Barcelona: Is it worth a visit?\t\t\t\t\t<\/a>\n\t\t\t\t\t<\/div>\n\t\t\t\t\t\t\t<\/div>\n\t\t\t\t\t\t<\/div>\n\t\t\t\t\t\t<\/div>\n\t\t\t\t<\/div>\n\t\t\t\t<\/div>\n\t\t\t\t\t<\/div>\n\t\t\t\t<\/div>\n\t\t<div class=\"elementor-element elementor-element-fbd84ee e-flex e-con-boxed e-con e-parent\" data-id=\"fbd84ee\" data-element_type=\"container\" data-e-type=\"container\">\n\t\t\t\t\t<div class=\"e-con-inner\">\n\t\t<div class=\"elementor-element elementor-element-8e9e068 e-con-full e-flex e-con e-child\" data-id=\"8e9e068\" data-element_type=\"container\" data-e-type=\"container\">\n\t\t\t\t<div class=\"elementor-element elementor-element-72cbba0 elementor-cta--skin-cover elementor-animated-content elementor-bg-transform elementor-bg-transform-zoom-in elementor-widget elementor-widget-call-to-action\" data-id=\"72cbba0\" data-element_type=\"widget\" data-e-type=\"widget\" data-widget_type=\"call-to-action.default\">\n\t\t\t\t<div class=\"elementor-widget-container\">\n\t\t\t\t\t\t\t<div class=\"elementor-cta\">\n\t\t\t\t\t<div class=\"elementor-cta__bg-wrapper\">\n\t\t\t\t<div class=\"elementor-cta__bg elementor-bg\" style=\"background-image: url(https:\/\/i0.wp.com\/www.citiestotravel.com\/wp-content\/uploads\/2025\/03\/Casa-Mila-in-Barcelona-scaled.webp?fit=2048%2C1145&#038;ssl=1);\" role=\"img\" aria-label=\"Casa Mila in Barcelona\"><\/div>\n\t\t\t\t<div class=\"elementor-cta__bg-overlay\"><\/div>\n\t\t\t<\/div>\n\t\t\t\t\t\t\t<div class=\"elementor-cta__content\">\n\t\t\t\t\n\t\t\t\t\n\t\t\t\t\n\t\t\t\t\t\t\t\t\t<div class=\"elementor-cta__button-wrapper elementor-cta__content-item elementor-content-item elementor-animated-item--grow\">\n\t\t\t\t\t<a class=\"elementor-cta__button elementor-button elementor-size-\" href=\"https:\/\/www.citiestotravel.com\/en\/visiting-casa-mila-in-barcelona\/\" target=\"_blank\">\n\t\t\t\t\t\tCasa Mil\u00e0 in Barcelona: Is it worth a visit?\t\t\t\t\t<\/a>\n\t\t\t\t\t<\/div>\n\t\t\t\t\t\t\t<\/div>\n\t\t\t\t\t\t<\/div>\n\t\t\t\t\t\t<\/div>\n\t\t\t\t<\/div>\n\t\t\t\t<\/div>\n\t\t<div class=\"elementor-element elementor-element-2d0b7fa e-con-full e-flex e-con e-child\" data-id=\"2d0b7fa\" data-element_type=\"container\" data-e-type=\"container\">\n\t\t\t\t<div class=\"elementor-element elementor-element-a9ee21e elementor-cta--skin-cover elementor-animated-content elementor-bg-transform elementor-bg-transform-zoom-in elementor-widget elementor-widget-call-to-action\" data-id=\"a9ee21e\" data-element_type=\"widget\" data-e-type=\"widget\" data-widget_type=\"call-to-action.default\">\n\t\t\t\t<div class=\"elementor-widget-container\">\n\t\t\t\t\t\t\t<div class=\"elementor-cta\">\n\t\t\t\t\t<div class=\"elementor-cta__bg-wrapper\">\n\t\t\t\t<div class=\"elementor-cta__bg elementor-bg\" style=\"background-image: url(https:\/\/i0.wp.com\/www.citiestotravel.com\/wp-content\/uploads\/2024\/10\/Casa-Batllo.webp?fit=1062%2C1068&#038;ssl=1);\" role=\"img\" aria-label=\"Casa Batll\u00f3\"><\/div>\n\t\t\t\t<div class=\"elementor-cta__bg-overlay\"><\/div>\n\t\t\t<\/div>\n\t\t\t\t\t\t\t<div class=\"elementor-cta__content\">\n\t\t\t\t\n\t\t\t\t\n\t\t\t\t\n\t\t\t\t\t\t\t\t\t<div class=\"elementor-cta__button-wrapper elementor-cta__content-item elementor-content-item elementor-animated-item--grow\">\n\t\t\t\t\t<a class=\"elementor-cta__button elementor-button elementor-size-\" href=\"https:\/\/www.citiestotravel.com\/en\/visiting-casa-batllo-in-barcelona\/\" target=\"_blank\">\n\t\t\t\t\t\tCasa Batll\u00f3 in Barcelona: Is it worth a visit?\t\t\t\t\t<\/a>\n\t\t\t\t\t<\/div>\n\t\t\t\t\t\t\t<\/div>\n\t\t\t\t\t\t<\/div>\n\t\t\t\t\t\t<\/div>\n\t\t\t\t<\/div>\n\t\t\t\t<\/div>\n\t\t<div class=\"elementor-element elementor-element-0f75eb1 e-con-full e-flex e-con e-child\" data-id=\"0f75eb1\" data-element_type=\"container\" data-e-type=\"container\">\n\t\t\t\t<\/div>\n\t\t\t\t\t<\/div>\n\t\t\t\t<\/div>\n\t\t<div class=\"elementor-element elementor-element-b82de24 e-flex e-con-boxed e-con e-parent\" data-id=\"b82de24\" data-element_type=\"container\" data-e-type=\"container\">\n\t\t\t\t\t<div class=\"e-con-inner\">\n\t\t<div class=\"elementor-element elementor-element-df765d7 e-con-full e-flex e-con e-child\" data-id=\"df765d7\" data-element_type=\"container\" data-e-type=\"container\">\n\t\t\t\t<div class=\"elementor-element elementor-element-b03c09a elementor-cta--skin-cover elementor-animated-content elementor-bg-transform elementor-bg-transform-zoom-in elementor-widget elementor-widget-call-to-action\" data-id=\"b03c09a\" data-element_type=\"widget\" data-e-type=\"widget\" data-widget_type=\"call-to-action.default\">\n\t\t\t\t<div class=\"elementor-widget-container\">\n\t\t\t\t\t\t\t<div class=\"elementor-cta\">\n\t\t\t\t\t<div class=\"elementor-cta__bg-wrapper\">\n\t\t\t\t<div class=\"elementor-cta__bg elementor-bg\" style=\"background-image: url(https:\/\/i0.wp.com\/www.citiestotravel.com\/wp-content\/uploads\/2025\/03\/Montjuic-kabelbaan-in-Barcelona-spain-scaled.webp?fit=2048%2C1145&#038;ssl=1);\" role=\"img\" aria-label=\"Montju\u00efc cable car in Barcelona Montju\u00efc cable car Montju\u00efc-Seilbahn\"><\/div>\n\t\t\t\t<div class=\"elementor-cta__bg-overlay\"><\/div>\n\t\t\t<\/div>\n\t\t\t\t\t\t\t<div class=\"elementor-cta__content\">\n\t\t\t\t\n\t\t\t\t\n\t\t\t\t\n\t\t\t\t\t\t\t\t\t<div class=\"elementor-cta__button-wrapper elementor-cta__content-item elementor-content-item elementor-animated-item--grow\">\n\t\t\t\t\t<a class=\"elementor-cta__button elementor-button elementor-size-\" href=\"https:\/\/www.citiestotravel.com\/en\/montjuic-cable-car-in-barcelona\/\" target=\"_blank\">\n\t\t\t\t\t\tIs the Montju\u00efc cable car worth it?\t\t\t\t\t<\/a>\n\t\t\t\t\t<\/div>\n\t\t\t\t\t\t\t<\/div>\n\t\t\t\t\t\t<\/div>\n\t\t\t\t\t\t<\/div>\n\t\t\t\t<\/div>\n\t\t\t\t<\/div>\n\t\t<div class=\"elementor-element elementor-element-8c23d3d e-con-full e-flex e-con e-child\" data-id=\"8c23d3d\" data-element_type=\"container\" data-e-type=\"container\">\n\t\t\t\t<\/div>\n\t\t<div class=\"elementor-element elementor-element-95db22c e-con-full e-flex e-con e-child\" data-id=\"95db22c\" data-element_type=\"container\" data-e-type=\"container\">\n\t\t\t\t<\/div>\n\t\t\t\t\t<\/div>\n\t\t\t\t<\/div>\n\t\t<div class=\"elementor-element elementor-element-071bdf9 e-flex e-con-boxed e-con e-parent\" data-id=\"071bdf9\" data-element_type=\"container\" data-e-type=\"container\">\n\t\t\t\t\t<div class=\"e-con-inner\">\n\t\t\t\t<div class=\"elementor-element elementor-element-ee36df4 elementor-widget elementor-widget-author-box\" data-id=\"ee36df4\" data-element_type=\"widget\" data-e-type=\"widget\" data-widget_type=\"author-box.default\">\n\t\t\t\t<div class=\"elementor-widget-container\">\n\t\t\t\t\t\t\t<div class=\"elementor-author-box\">\n\t\t\t\t\t\t\t<div  class=\"elementor-author-box__avatar\">\n\t\t\t\t\t<img decoding=\"async\" src=\"https:\/\/i0.wp.com\/www.citiestotravel.com\/wp-content\/uploads\/2025\/10\/Cities-to-travel-Edward.webp?fit=289%2C300&#038;ssl=1\" alt=\"Picture of Edward\" loading=\"lazy\">\n\t\t\t\t<\/div>\n\t\t\t\n\t\t\t<div class=\"elementor-author-box__text\">\n\t\t\t\t\t\t\t\t\t<div >\n\t\t\t\t\t\t<h4 class=\"elementor-author-box__name\">\n\t\t\t\t\t\t\tEdward\t\t\t\t\t\t<\/h4>\n\t\t\t\t\t<\/div>\n\t\t\t\t\n\t\t\t\t\t\t\t\t\t<div class=\"elementor-author-box__bio\">\n\t\t\t\t\t\t<p>Hi, I'm Edward, crazy about city trips and everything that makes these trips so special. On Cities To travel I share my best tips and recommendations for your next city trip! <\/p>\n\t\t\t\t\t<\/div>\n\t\t\t\t\n\t\t\t\t\t\t\t\t\t<a class=\"elementor-author-box__button elementor-button elementor-size-xs\" href=\"https:\/\/www.citiestotravel.com\/en\/about-us\/\">\n\t\t\t\t\t\tMore about me\t\t\t\t\t<\/a>\n\t\t\t\t\t\t\t<\/div>\n\t\t<\/div>\n\t\t\t\t\t\t<\/div>\n\t\t\t\t<\/div>\n\t\t\t\t\t<\/div>\n\t\t\t\t<\/div>\n\t\t\t\t<\/div>\n\t\t","protected":false},"excerpt":{"rendered":"<p>Sights of Barcelona Barcelona&#8217;s sights make this vibrant city on the Mediterranean Sea one of Europe&#8217;s most popular destinations. Barcelona is known for its extraordinary architecture, lively atmosphere and delicious cuisine. Famous Barcelona sights include the Sagrada Fam\u00edlia, Park G\u00fcell, Casa Batll\u00f3 and the lively Ramblas. The historic Gothic Quarter, the beaches of Barceloneta and [&hellip;]<\/p>\n","protected":false},"author":1,"featured_media":0,"parent":0,"menu_order":0,"comment_status":"closed","ping_status":"closed","template":"","meta":{"footnotes":""},"class_list":["post-35374","page","type-page","status-publish","hentry"],"aioseo_notices":[],"_links":{"self":[{"href":"https:\/\/www.citiestotravel.com\/en\/wp-json\/wp\/v2\/pages\/35374","targetHints":{"allow":["GET"]}}],"collection":[{"href":"https:\/\/www.citiestotravel.com\/en\/wp-json\/wp\/v2\/pages"}],"about":[{"href":"https:\/\/www.citiestotravel.com\/en\/wp-json\/wp\/v2\/types\/page"}],"author":[{"embeddable":true,"href":"https:\/\/www.citiestotravel.com\/en\/wp-json\/wp\/v2\/users\/1"}],"replies":[{"embeddable":true,"href":"https:\/\/www.citiestotravel.com\/en\/wp-json\/wp\/v2\/comments?post=35374"}],"version-history":[{"count":0,"href":"https:\/\/www.citiestotravel.com\/en\/wp-json\/wp\/v2\/pages\/35374\/revisions"}],"wp:attachment":[{"href":"https:\/\/www.citiestotravel.com\/en\/wp-json\/wp\/v2\/media?parent=35374"}],"curies":[{"name":"wp","href":"https:\/\/api.w.org\/{rel}","templated":true}]}}